{"id":9,"date":"2013-11-04T00:54:50","date_gmt":"2013-11-04T03:54:50","guid":{"rendered":"http:\/\/www.nasacomputacion.com.ar\/site\/?p=9"},"modified":"2023-05-23T20:45:00","modified_gmt":"2023-05-23T23:45:00","slug":"programador-visual","status":"publish","type":"product","link":"https:\/\/nasacomputacion.com.ar\/sitio\/producto\/programador-visual\/","title":{"rendered":"Programador Visual"},"content":{"rendered":"<h3><span style=\"color: #045cb4;\"><strong>Objetivos Generales: <\/strong><\/span><\/h3>\n<p>El alumno que realice este curso podr\u00e1 desempe\u00f1arse en cualquier empresa que haya incorporado Tecnolog\u00eda Inform\u00e1tica, creando, modificando y \/ o administrando programas. Acceder\u00e1 a conocimientos de Programaci\u00f3n y Mantenimiento de software adquiriendo conceptos y t\u00e9cnicas de avanzada.<\/p>\n<p><strong>Duraci\u00f3n: 5 meses (8 clases mensuales) \u2013 10 meses (4 clases mensuales).<\/strong><\/p>\n<p><strong>Contenidos.<\/strong><\/p>\n<h3><span style=\"color: #045cb4;\"><strong>Microsoft Visual Basic<\/strong><\/span><\/h3>\n<p><strong>Objetivos<\/strong><br \/>\nVisual Basic es un lenguaje de programaci\u00f3n orientado a eventos, el mismo desarrollado por Microsoft es un dialecto del lenguaje BASIC, con importantes agregados. Tiene como prop\u00f3sito general proveer facilidades para el desarrollo de aplicaciones de bases de datos usando Data Access Objects, Remote, Data Objects o ActiveX Data Objects.<br \/>\nVisual Basic contiene un entorno de desarrollo integrado o IDE que integra editor de textos para edici\u00f3n del c\u00f3digo fuente, un depurador, un compilador y un editor de interfaces gr\u00e1ficas o GUI.<\/p>\n<p>\u2022 Introducci\u00f3n al entorno<br \/>\n\u2022 La interface de desarrollo (IDE)<br \/>\n\u2022 Concepto de Programaci\u00f3n en Visual Basic<br \/>\n\u2022 Objeto Form \u2013 Propiedades, M\u00e9todos y Eventos<br \/>\n\u2022 Variables y Constantes en Visual Basic<br \/>\n\u2022 Editor de Men\u00fa<br \/>\n\u2022 Estructuras de Decisi\u00f3n y Bucle<br \/>\n\u2022 Fundamentos de Programaci\u00f3n<br \/>\n\u2022 Cuadro de Di\u00e1logo Estandar (Common Dialog)<br \/>\n\u2022 Formularios M\u00faltiples<br \/>\n\u2022 Operaciones con Archivos<br \/>\n\u2022 Acceso a Bases de Datos (ADO)<br \/>\n\u2022 Creaci\u00f3n de Informes o Reportes Impresos<br \/>\n\u2022 Generaci\u00f3n de Discos de Distribuci\u00f3n<\/p>\n<h3><span style=\"color: #045cb4;\"><strong>Microsoft Visual Basic .NET <\/strong><\/span><\/h3>\n<p><strong>Objetivos<\/strong><br \/>\nEstudia la sintaxis y caracter\u00edsticas espec\u00edficas del lenguaje de programaci\u00f3n Visual Basic .NET, prestando especial inter\u00e9s a su enfoque orientado a objetos, el desarrollo de aplicaciones utilizando la tecnolog\u00eda de programaci\u00f3n Microsoft .NET. El desarrollo planteado se divide en 3 etapas en la primera parte se estudia las particularidades del lenguaje Visual Basic .NET, despu\u00e9s el curso se centra en la construcci\u00f3n de aplicaciones Windows y finalmente se estudia en profundidad el acceso a bases de datos utilizando la tecnolog\u00eda ADO .NET.<br \/>\nEstudia la sintaxis y caracter\u00edsticas espec\u00edficas del lenguaje, prestando especial inter\u00e9s a su enfoque orientado a objetos.<\/p>\n<p>\u2022 Introducci\u00f3n a .NET<br \/>\n\u2022 Entorno Integrado de Desarrollo (IDE)<br \/>\n\u2022 Fundamentos de programaci\u00f3n<br \/>\n\u2022 Arrays y estructuras de control<br \/>\n\u2022 Procedimientos<br \/>\n\u2022 Pensar en objetos<br \/>\n\u2022 Herencia<br \/>\n\u2022 Interfaces y espacios de nombres<br \/>\n\u2022 Aspectos avanzados de los arrays<br \/>\n\u2022 Tipos de datos como clases y la clase String<br \/>\n\u2022 Colecciones<br \/>\n\u2022 Colecciones gen\u00e9ricas<br \/>\n\u2022 Windows Forms:<br \/>\n\u2022 Introducci\u00f3n<br \/>\n\u2022 Formularios<br \/>\n\u2022 Trabajar con men\u00fas<br \/>\n\u2022 Barras de herramientas y de estado<br \/>\n\u2022 Cuadros de di\u00e1logo<br \/>\n\u2022 Controles b\u00e1sicos<br \/>\n\u2022 Caracter\u00edsticas gr\u00e1ficas<br \/>\n\u2022 Eventos de rat\u00f3n y teclado<br \/>\n\u2022 Aplicaciones MDI<br \/>\n\u2022 Excepciones<br \/>\n\u2022 Acceso a datos con Visual Studio<br \/>\n\u2022 Escenarios de enlace de datos<br \/>\n\u2022 Escribir c\u00f3digo independiente de la base de datos<\/p>\n<h3><span style=\"color: #045cb4;\"><strong>Microsoft Visual C# .NET<\/strong><\/span><\/h3>\n<p><strong>Objetivos<\/strong><br \/>\nEl lenguaje de programaci\u00f3n Visual C # (Sharp), es uno de los lenguajes de programaci\u00f3n orientada a objetos desarrollado y estandarizado por Microsoft como parte de su plataforma .NET. El curso incluye en su desarrollo, la incorporaci\u00f3n de conocimientos que nos permitir\u00e1n armar estructuras de programaci\u00f3n, de dise\u00f1o de aplicaciones y de interacciones con distintas bases de datos, utilizando diferentes herramientas como los generadores de informes de Crystal Reports, la programaci\u00f3n orientada a objetos, cadenas de caracteres, comprender los nuevos modelos de acceso de datos ADO.NET y realizaci\u00f3n de aplicaciones para la distribuci\u00f3n e implementaci\u00f3n en las PC de los usuarios. Para realizar este curso es necesario contar con conocimientos b\u00e1sicos del Sistema Operativo Windows.<\/p>\n<p>\u2022 Introducci\u00f3n y entorno<br \/>\n\u2022 Variables y tipos de datos<br \/>\n\u2022 Tablas y constantes<br \/>\n\u2022 Clases y operadores<br \/>\n\u2022 Estructuras de control<br \/>\n\u2022 Archivos y colecciones<br \/>\n\u2022 Propiedades<br \/>\n\u2022 Herencia y m\u00e9todos virtuales<br \/>\n\u2022 ADO.NET<br \/>\n\u2022 SQL y Dataset<br \/>\n\u2022 Explorador de servidores y base de datos<br \/>\n\u2022 Aplicaciones, an\u00e1lisis e implementaci\u00f3n<\/p>\n","protected":false},"excerpt":{"rendered":"<p>Objetivos Generales: El alumno que realice este curso podr\u00e1 desempe\u00f1arse en cualquier empresa que haya incorporado Tecnolog\u00eda Inform\u00e1tica, creando, modificando y \/ o administrando programas. Acceder\u00e1 a conocimientos de Programaci\u00f3n y Mantenimiento de software adquiriendo conceptos y t\u00e9cnicas de avanzada. Duraci\u00f3n: 5 meses (8 clases mensuales) \u2013 10 meses (4 clases mensuales). Contenidos. Microsoft Visual &hellip;<\/p>\n<p class=\"read-more\"> <a class=\"\" href=\"https:\/\/nasacomputacion.com.ar\/sitio\/producto\/programador-visual\/\"> <span class=\"screen-reader-text\">Programador Visual<\/span> Leer m\u00e1s &raquo;<\/a><\/p>\n","protected":false},"featured_media":2924,"template":"","meta":{"inline_featured_image":false,"site-sidebar-layout":"default","site-content-layout":"default","ast-global-header-display":"","ast-main-header-display":"","ast-hfb-above-header-display":"","ast-hfb-below-header-display":"","ast-hfb-mobile-header-display":"","site-post-title":"","ast-breadcrumbs-content":"","ast-featured-img":"","footer-sml-layout":"","theme-transparent-header-meta":"default","adv-header-id-meta":"","stick-header-meta":"","header-above-stick-meta":"","header-main-stick-meta":"","header-below-stick-meta":"","_joinchat":[]},"product_cat":[85],"product_tag":[],"class_list":["post-9","product","type-product","status-publish","has-post-thumbnail","hentry","product_cat-especializaciones","desktop-align-left","tablet-align-left","mobile-align-left"],"_links":{"self":[{"href":"https:\/\/nasacomputacion.com.ar\/sitio\/wp-json\/wp\/v2\/product\/9","targetHints":{"allow":["GET"]}}],"collection":[{"href":"https:\/\/nasacomputacion.com.ar\/sitio\/wp-json\/wp\/v2\/product"}],"about":[{"href":"https:\/\/nasacomputacion.com.ar\/sitio\/wp-json\/wp\/v2\/types\/product"}],"wp:featuredmedia":[{"embeddable":true,"href":"https:\/\/nasacomputacion.com.ar\/sitio\/wp-json\/wp\/v2\/media\/2924"}],"wp:attachment":[{"href":"https:\/\/nasacomputacion.com.ar\/sitio\/wp-json\/wp\/v2\/media?parent=9"}],"wp:term":[{"taxonomy":"product_cat","embeddable":true,"href":"https:\/\/nasacomputacion.com.ar\/sitio\/wp-json\/wp\/v2\/product_cat?post=9"},{"taxonomy":"product_tag","embeddable":true,"href":"https:\/\/nasacomputacion.com.ar\/sitio\/wp-json\/wp\/v2\/product_tag?post=9"}],"curies":[{"name":"wp","href":"https:\/\/api.w.org\/{rel}","templated":true}]}}