{"id":872,"date":"2017-03-15T18:56:22","date_gmt":"2017-03-15T21:56:22","guid":{"rendered":"http:\/\/www.nasacomputacion.com.ar\/site\/?p=872"},"modified":"2023-05-23T19:47:22","modified_gmt":"2023-05-23T22:47:22","slug":"programacion-paginas-web-con-html","status":"publish","type":"product","link":"https:\/\/nasacomputacion.com.ar\/sitio\/producto\/programacion-paginas-web-con-html\/","title":{"rendered":"Programaci\u00f3n p\u00e1ginas web con HTML"},"content":{"rendered":"<h3><span style=\"color: #045cb4;\"><strong>Objetivos<\/strong><\/span><\/h3>\n<p>Se describe el lenguaje HTML, en el que est\u00e1n creadas las p\u00e1ginas web. El alumno adquiere los conocimientos necesarios para interpretar correctamente las etiquetas del c\u00f3digo HTML de una p\u00e1gina web, lo que permite tener el control total de su dise\u00f1o.<\/p>\n<p><strong>\u2022 Introducci\u00f3n<\/strong><br \/>\n<strong> \u2022 La primera p\u00e1gina web<\/strong><br \/>\n<strong> \u2022 Formato de texto<\/strong><br \/>\n<strong> \u2022 Incorporar im\u00e1genes<\/strong><br \/>\n<strong> \u2022 Hiperv\u00ednculos<\/strong><br \/>\n<strong> \u2022 Listas<\/strong><br \/>\n<strong> \u2022 Insertar tablas<\/strong><br \/>\n<strong> \u2022 Temas avanzados sobre tablas<\/strong><br \/>\n<strong> \u2022 Dividir la p\u00e1gina en frames<\/strong><br \/>\n<strong> \u2022 M\u00e1s sobre los frames<\/strong><\/p>\n","protected":false},"excerpt":{"rendered":"<p>Objetivos Se describe el lenguaje HTML, en el que est\u00e1n creadas las p\u00e1ginas web. El alumno adquiere los conocimientos necesarios para interpretar correctamente las etiquetas del c\u00f3digo HTML de una p\u00e1gina web, lo que permite tener el control total de su dise\u00f1o. \u2022 Introducci\u00f3n \u2022 La primera p\u00e1gina web \u2022 Formato de texto \u2022 Incorporar &hellip;<\/p>\n<p class=\"read-more\"> <a class=\"\" href=\"https:\/\/nasacomputacion.com.ar\/sitio\/producto\/programacion-paginas-web-con-html\/\"> <span class=\"screen-reader-text\">Programaci\u00f3n p\u00e1ginas web con HTML<\/span> Leer m\u00e1s &raquo;<\/a><\/p>\n","protected":false},"featured_media":2888,"template":"","meta":{"inline_featured_image":false,"site-sidebar-layout":"default","site-content-layout":"default","ast-global-header-display":"","ast-main-header-display":"","ast-hfb-above-header-display":"","ast-hfb-below-header-display":"","ast-hfb-mobile-header-display":"","site-post-title":"","ast-breadcrumbs-content":"","ast-featured-img":"","footer-sml-layout":"","theme-transparent-header-meta":"default","adv-header-id-meta":"","stick-header-meta":"","header-above-stick-meta":"","header-main-stick-meta":"","header-below-stick-meta":"","_joinchat":[]},"product_cat":[76],"product_tag":[77],"class_list":["post-872","product","type-product","status-publish","has-post-thumbnail","hentry","product_cat-diseno-web","product_tag-diseno-web","desktop-align-left","tablet-align-left","mobile-align-left"],"_links":{"self":[{"href":"https:\/\/nasacomputacion.com.ar\/sitio\/wp-json\/wp\/v2\/product\/872","targetHints":{"allow":["GET"]}}],"collection":[{"href":"https:\/\/nasacomputacion.com.ar\/sitio\/wp-json\/wp\/v2\/product"}],"about":[{"href":"https:\/\/nasacomputacion.com.ar\/sitio\/wp-json\/wp\/v2\/types\/product"}],"wp:featuredmedia":[{"embeddable":true,"href":"https:\/\/nasacomputacion.com.ar\/sitio\/wp-json\/wp\/v2\/media\/2888"}],"wp:attachment":[{"href":"https:\/\/nasacomputacion.com.ar\/sitio\/wp-json\/wp\/v2\/media?parent=872"}],"wp:term":[{"taxonomy":"product_cat","embeddable":true,"href":"https:\/\/nasacomputacion.com.ar\/sitio\/wp-json\/wp\/v2\/product_cat?post=872"},{"taxonomy":"product_tag","embeddable":true,"href":"https:\/\/nasacomputacion.com.ar\/sitio\/wp-json\/wp\/v2\/product_tag?post=872"}],"curies":[{"name":"wp","href":"https:\/\/api.w.org\/{rel}","templated":true}]}}