{"id":7,"date":"2013-11-04T00:54:21","date_gmt":"2013-11-04T03:54:21","guid":{"rendered":"http:\/\/www.nasacomputacion.com.ar\/site\/?p=7"},"modified":"2023-06-07T04:03:10","modified_gmt":"2023-06-07T07:03:10","slug":"operador-office-avanzado","status":"publish","type":"product","link":"https:\/\/nasacomputacion.com.ar\/sitio\/producto\/operador-office-avanzado\/","title":{"rendered":"Operador Office Avanzado"},"content":{"rendered":"<h3><span style=\"color: #045cb4;\"><strong>Objetivos Generales:<\/strong><\/span><\/h3>\n<p>Formulado para personas con conocimientos de Office, profundizado en todas sus aplicaciones: Word, Excel, Access y Outlook. Al finalizar el curso, los alumnos ser\u00e1n expertos en las herramientas m\u00e1s solicitadas del mercado laboral. Podr\u00e1n lograr un mejor an\u00e1lisis de informaci\u00f3n con las funciones avanzadas de Excel, mejorar la organizaci\u00f3n de bases de datos, utilizar los recursos avanzados de Word.<\/p>\n<p><strong>Duraci\u00f3n: 5 meses (8 clases mensuales) \u2013 10 meses (4 clases mensuales).<\/strong><\/p>\n<p><strong>Contenidos.<\/strong><\/p>\n<h3><span style=\"color: #045cb4;\"><strong>Microsoft Outlook<\/strong><\/span><\/h3>\n<p><strong>Objetivos<\/strong><br \/>\nCurso para aprender a utilizar el programa organizador personal Microsoft Outlook, que permite manejar la informaci\u00f3n personal y profesional que se utiliza en el trabajo cotidiano en una oficina: programaci\u00f3n de citas, eventos y reuniones, contactos, correo electr\u00f3nico, tareas, notas, etc.<\/p>\n<p>\u2022 Introducci\u00f3n a Outlook<br \/>\n\u2022 La lista de contactos<br \/>\n\u2022 Operaciones con contactos<br \/>\n\u2022 Correo electr\u00f3nico<br \/>\n\u2022 Gesti\u00f3n del correo<br \/>\n\u2022 El calendario<br \/>\n\u2022 Tareas, fuentes RSS, diario y notas<\/p>\n<h3><span style=\"color: #045cb4;\"><strong>Microsoft Word Avanzado <\/strong><\/span><\/h3>\n<p><strong>Objetivos<\/strong><br \/>\nDescripci\u00f3n de las funciones m\u00e1s avanzadas de Microsoft Word. Se explica lo necesario para aplicar estilos, listas multinivel, esquemas, tablas, traducci\u00f3n, sin\u00f3nimos, \u00edndices, referencias cruzadas, revisar, compartir y proteger documentos, a\u00f1adir objetos, gr\u00e1ficos, organigramas, hiperv\u00ednculos, crear p\u00e1ginas web, blogs, formularios, creaci\u00f3n de plantillas, trabajar con documentos XML, folletos plegados, libros, boletines, agendas, calendarios, sobres y etiquetas.<\/p>\n<p>\u2022 Estilos y temas<br \/>\n\u2022 Listas y esquemas<br \/>\n\u2022 Tablas<br \/>\n\u2022 Herramientas para escribir<br \/>\n\u2022 Referencias cruzadas y marcadores<br \/>\n\u2022 Dibujar en el documento<br \/>\n\u2022 \u00cdndices<br \/>\n\u2022 Documentos maestros<br \/>\n\u2022 Revisar documentos<br \/>\n\u2022 Compartir y proteger documentos<br \/>\n\u2022 A\u00f1adir objetos<br \/>\n\u2022 Gr\u00e1ficos de datos<br \/>\n\u2022 Organigramas<br \/>\n\u2022 Word e Internet<br \/>\n\u2022 Otras funciones<br \/>\n\u2022 Documentos XML<br \/>\n\u2022 Documentos interesantes<br \/>\n\u2022 Grandes proyectos<br \/>\n\u2022 Combinar correspondencia<\/p>\n<h3><span style=\"color: #045cb4;\"><strong>Microsoft Excel Avanzado<\/strong><\/span><\/h3>\n<p><strong>Objetivos<\/strong><br \/>\nDescripci\u00f3n de las funciones m\u00e1s avanzadas en la hoja de c\u00e1lculo Microsoft Excel. Se explica el funcionamiento de las listas y las distintas operaciones que podemos realizar sobre ellas (filtros, ordenaci\u00f3n, validaci\u00f3n de datos, subtotales&#8230;), trabajo con f\u00f3rmulas, v\u00ednculos y matrices, conceptos avanzados sobre gr\u00e1ficos, acceso desde Excel a datos externos, tablas y gr\u00e1ficos din\u00e1micos, an\u00e1lisis de datos, plantillas y colaboraci\u00f3n con otros usuarios, trabajo con documentos XML, creaci\u00f3n de formularios en hojas de c\u00e1lculo de Excel , uso de f\u00f3rmulas y funciones para realizar procesos comunes en libros complejos.<\/p>\n<p>\u2022 Matrices y referencias externas<br \/>\n\u2022 Listas<br \/>\n\u2022 Filtros y tablas<br \/>\n\u2022 Subtotales<br \/>\n\u2022 Trabajo con f\u00f3rmulas<br \/>\n\u2022 Temas avanzados sobre gr\u00e1ficos<br \/>\n\u2022 Acceso a datos externos<br \/>\n\u2022 Tablas y gr\u00e1ficos din\u00e1micos<br \/>\n\u2022 An\u00e1lisis de datos y macros<br \/>\n\u2022 Plantillas y vistas<br \/>\n\u2022 Colaborar con otros usuarios<br \/>\n\u2022 XML y Excel<br \/>\n\u2022 Formularios<br \/>\n\u2022 Uso de funciones comunes<\/p>\n<h3><span style=\"color: #045cb4;\"><strong>Microsoft Access Completo (B\u00e1sico y Avanzado)<\/strong><\/span><\/h3>\n<p><strong>Objetivos<\/strong><br \/>\nDescripci\u00f3n del funcionamiento del programa de gesti\u00f3n de bases de datos Microsoft Access, estudiando los conceptos fundamentales de las bases de datos: desde su an\u00e1lisis y dise\u00f1o hasta su implementaci\u00f3n en Access conociendo las distintas funciones y herramientas de esta potente aplicaci\u00f3n.<br \/>\nSe introducen los conceptos de an\u00e1lisis y dise\u00f1o de bases de datos relacionales, c\u00f3mo crear las tablas y relaciones en Access, tipos de consultas, formularios e informes: cu\u00e1l es su papel, cu\u00e1ndo se utilizan, etc.<\/p>\n<p>\u2022 Introducci\u00f3n a Access<br \/>\n\u2022 Tablas<br \/>\n\u2022 Relaciones<br \/>\n\u2022 Edici\u00f3n de datos<br \/>\n\u2022 Personalizar las tablas<br \/>\n\u2022 Propiedades avanzadas de campo<br \/>\n\u2022 Trabajo avanzado con datos<br \/>\n\u2022 Consultas<br \/>\n\u2022 Trabajo avanzado con consultas<br \/>\n\u2022 Formularios<br \/>\n\u2022 Dise\u00f1o de formularios<br \/>\n\u2022 Crear expresiones<br \/>\n\u2022 Informes<br \/>\n\u2022 Trabajar con informes<br \/>\n\u2022 Objetos OLE<br \/>\n\u2022 Macros y m\u00f3dulos<br \/>\n\u2022 El lenguaje SQL<br \/>\n\u2022 Consultas espec\u00edficas<br \/>\n\u2022 Mantenimiento<br \/>\n\u2022 Recuperaci\u00f3n de datos<br \/>\n\u2022 Seguridad<br \/>\n\u2022 Interfaz<\/p>\n","protected":false},"excerpt":{"rendered":"<p>Objetivos Generales: Formulado para personas con conocimientos de Office, profundizado en todas sus aplicaciones: Word, Excel, Access y Outlook. Al finalizar el curso, los alumnos ser\u00e1n expertos en las herramientas m\u00e1s solicitadas del mercado laboral. Podr\u00e1n lograr un mejor an\u00e1lisis de informaci\u00f3n con las funciones avanzadas de Excel, mejorar la organizaci\u00f3n de bases de datos, &hellip;<\/p>\n<p class=\"read-more\"> <a class=\"\" href=\"https:\/\/nasacomputacion.com.ar\/sitio\/producto\/operador-office-avanzado\/\"> <span class=\"screen-reader-text\">Operador Office Avanzado<\/span> Leer m\u00e1s &raquo;<\/a><\/p>\n","protected":false},"featured_media":2919,"template":"","meta":{"inline_featured_image":false,"site-sidebar-layout":"default","site-content-layout":"default","ast-global-header-display":"","ast-main-header-display":"","ast-hfb-above-header-display":"","ast-hfb-below-header-display":"","ast-hfb-mobile-header-display":"","site-post-title":"","ast-breadcrumbs-content":"","ast-featured-img":"","footer-sml-layout":"","theme-transparent-header-meta":"default","adv-header-id-meta":"","stick-header-meta":"","header-above-stick-meta":"","header-main-stick-meta":"","header-below-stick-meta":"","_joinchat":[]},"product_cat":[84],"product_tag":[],"class_list":["post-7","product","type-product","status-publish","has-post-thumbnail","hentry","product_cat-nivel-superior","desktop-align-left","tablet-align-left","mobile-align-left"],"_links":{"self":[{"href":"https:\/\/nasacomputacion.com.ar\/sitio\/wp-json\/wp\/v2\/product\/7","targetHints":{"allow":["GET"]}}],"collection":[{"href":"https:\/\/nasacomputacion.com.ar\/sitio\/wp-json\/wp\/v2\/product"}],"about":[{"href":"https:\/\/nasacomputacion.com.ar\/sitio\/wp-json\/wp\/v2\/types\/product"}],"wp:featuredmedia":[{"embeddable":true,"href":"https:\/\/nasacomputacion.com.ar\/sitio\/wp-json\/wp\/v2\/media\/2919"}],"wp:attachment":[{"href":"https:\/\/nasacomputacion.com.ar\/sitio\/wp-json\/wp\/v2\/media?parent=7"}],"wp:term":[{"taxonomy":"product_cat","embeddable":true,"href":"https:\/\/nasacomputacion.com.ar\/sitio\/wp-json\/wp\/v2\/product_cat?post=7"},{"taxonomy":"product_tag","embeddable":true,"href":"https:\/\/nasacomputacion.com.ar\/sitio\/wp-json\/wp\/v2\/product_tag?post=7"}],"curies":[{"name":"wp","href":"https:\/\/api.w.org\/{rel}","templated":true}]}}