{"id":4485,"date":"2025-12-22T18:31:21","date_gmt":"2025-12-22T21:31:21","guid":{"rendered":"https:\/\/nasacomputacion.com.ar\/sitio\/?post_type=product&#038;p=4485"},"modified":"2025-12-22T18:31:21","modified_gmt":"2025-12-22T21:31:21","slug":"google-sheets-e-inteligencia-artificial-aplicacion-practica-para-la-gestion-educativa","status":"publish","type":"product","link":"https:\/\/nasacomputacion.com.ar\/sitio\/producto\/google-sheets-e-inteligencia-artificial-aplicacion-practica-para-la-gestion-educativa\/","title":{"rendered":"Google Sheets e Inteligencia Artificial: aplicaci\u00f3n pr\u00e1ctica para la gesti\u00f3n educativa"},"content":{"rendered":"<p><strong><span class=\"elementor-button-content-wrapper\"><span class=\"elementor-button-text\">RESOLUCI\u00d3N DEL RECTORADO N\u00ba 511\/25<\/span><\/span><\/strong><br \/>\nCurso dictado por el Centro de Capacitaci\u00f3n de la Universidad FASTA (CECAUF)<\/p>\n<p>Domin\u00e1 Hojas de C\u00e1lculo de Google y potenci\u00e1 su uso con IA.<br \/>\nAprend\u00e9 a organizar tu tarea docente : datos, automatizar tareas y tomar decisiones pedag\u00f3gicas con herramientas digitales clave. Una capacitaci\u00f3n pr\u00e1ctica, 100% online y pensada para transformar tu d\u00eda a d\u00eda en el aula.<\/p>\n<p><strong>\u00bfQu\u00e9 lograr\u00e1s con esta Certificaci\u00f3n?<\/strong><\/p>\n<ul>\n<li>Transformar la Ense\u00f1anza: Aplica los \u00faltimos descubrimientos de la neurociencia para clases m\u00e1s efectivas.<\/li>\n<li>Potenciar con IA: Usa herramientas de IA para personalizar el aprendizaje y automatizar tareas.<\/li>\n<li>Dise\u00f1ar Experiencias Innovadoras: Combina lo mejor de dos mundos para un entorno educativo din\u00e1mico.<\/li>\n<li>Certificar tu Expertise: Obt\u00e9n un certificado de la Universidad FASTA y valida tus competencias.<\/li>\n<\/ul>\n<p><em>Incluye dos encuentros sincr\u00f3nicos formato taller con el docente<\/p>\n<p><\/em>Programa<\/p>\n<p><strong>M\u00f3dulo 1: Manejo general y acceso multidispositivo<\/strong><\/p>\n<ul>\n<li>Configuraci\u00f3n de cuenta formal en Google<\/li>\n<li>Uso de Google Drive en celular y computadora<\/li>\n<li>Configuraci\u00f3n de hojas de c\u00e1lculo<\/li>\n<li>Atajos de teclado: seleccionar, posicionarse, imprimir, publicar<\/li>\n<li>Formas de compartir documentos<\/li>\n<li>Integraci\u00f3n de ChatGPT y Gemini con los servicios de Google<\/li>\n<li>Vinculaci\u00f3n con Formularios, Documentos y Presentaciones<\/li>\n<\/ul>\n<p><strong>M\u00f3dulo 2: F\u00f3rmulas y formato<\/strong><\/p>\n<ul>\n<li>Concatenaci\u00f3n de texto + f\u00f3rmulas<\/li>\n<li>C\u00e1lculo de porcentajes de variaci\u00f3n<\/li>\n<li>Aplicaci\u00f3n de formato y formato condicional<\/li>\n<li>Validaci\u00f3n de datos y limpieza de datos<\/li>\n<li>Eliminaci\u00f3n de duplicados y espacios innecesarios<\/li>\n<\/ul>\n<p><strong>M\u00f3dulo 3: Funciones m\u00e1s utilizadas<\/strong><\/p>\n<ul>\n<li>Funciones estad\u00edsticas: PROMEDIO, PROMEDIO.SI, MODA, MEDIANA<\/li>\n<li>Funciones matem\u00e1ticas: SUMA, CONTAR, CONTARA<\/li>\n<li>Funciones l\u00f3gicas: SI, Y, O, SI.ERROR<\/li>\n<li>Funciones condicionales: CONTAR.SI, SUMAR.SI, PROMEDIO.SI, y sus variantes .CONJUNTO<\/li>\n<li>Funciones avanzadas: IMPORT RANGE, FILTER, ENCONTRAR, COINCIDIR, BUSCARV, SUBTOTALES<\/li>\n<\/ul>\n<p><strong>M\u00f3dulo 4: Combinaci\u00f3n de Hojas de C\u00e1lculo con Inteligencia Artificial<\/strong><\/p>\n<ul>\n<li>Aplicaci\u00f3n de ChatGPT, Gemini, Meta.ai y Copilot en hojas de c\u00e1lculo<\/li>\n<li>Generaci\u00f3n de c\u00f3digo y automatizaci\u00f3n de tareas con IA<\/li>\n<li>Creaci\u00f3n e implementaci\u00f3n de scripts y botones interactivos<\/li>\n<li>Automatizaci\u00f3n de procesos mediante Apps Script<\/li>\n<\/ul>\n","protected":false},"excerpt":{"rendered":"<p>RESOLUCI\u00d3N DEL RECTORADO N\u00ba 511\/25 Curso dictado por el Centro de Capacitaci\u00f3n de la Universidad FASTA (CECAUF) Domin\u00e1 Hojas de C\u00e1lculo de Google y potenci\u00e1 su uso con IA. Aprend\u00e9 a organizar tu tarea docente : datos, automatizar tareas y tomar decisiones pedag\u00f3gicas con herramientas digitales clave. Una capacitaci\u00f3n pr\u00e1ctica, 100% online y pensada para &hellip;<\/p>\n<p class=\"read-more\"> <a class=\"\" href=\"https:\/\/nasacomputacion.com.ar\/sitio\/producto\/google-sheets-e-inteligencia-artificial-aplicacion-practica-para-la-gestion-educativa\/\"> <span class=\"screen-reader-text\">Google Sheets e Inteligencia Artificial: aplicaci\u00f3n pr\u00e1ctica para la gesti\u00f3n educativa<\/span> Leer m\u00e1s &raquo;<\/a><\/p>\n","protected":false},"featured_media":4486,"template":"","meta":{"inline_featured_image":false,"site-sidebar-layout":"default","site-content-layout":"default","ast-global-header-display":"","ast-main-header-display":"","ast-hfb-above-header-display":"","ast-hfb-below-header-display":"","ast-hfb-mobile-header-display":"","site-post-title":"","ast-breadcrumbs-content":"","ast-featured-img":"","footer-sml-layout":"","theme-transparent-header-meta":"default","adv-header-id-meta":"","stick-header-meta":"","header-above-stick-meta":"","header-main-stick-meta":"","header-below-stick-meta":"","_joinchat":[]},"product_cat":[98],"product_tag":[],"class_list":["post-4485","product","type-product","status-publish","has-post-thumbnail","hentry","product_cat-inteligencia-artificial","desktop-align-left","tablet-align-left","mobile-align-left"],"_links":{"self":[{"href":"https:\/\/nasacomputacion.com.ar\/sitio\/wp-json\/wp\/v2\/product\/4485","targetHints":{"allow":["GET"]}}],"collection":[{"href":"https:\/\/nasacomputacion.com.ar\/sitio\/wp-json\/wp\/v2\/product"}],"about":[{"href":"https:\/\/nasacomputacion.com.ar\/sitio\/wp-json\/wp\/v2\/types\/product"}],"wp:featuredmedia":[{"embeddable":true,"href":"https:\/\/nasacomputacion.com.ar\/sitio\/wp-json\/wp\/v2\/media\/4486"}],"wp:attachment":[{"href":"https:\/\/nasacomputacion.com.ar\/sitio\/wp-json\/wp\/v2\/media?parent=4485"}],"wp:term":[{"taxonomy":"product_cat","embeddable":true,"href":"https:\/\/nasacomputacion.com.ar\/sitio\/wp-json\/wp\/v2\/product_cat?post=4485"},{"taxonomy":"product_tag","embeddable":true,"href":"https:\/\/nasacomputacion.com.ar\/sitio\/wp-json\/wp\/v2\/product_tag?post=4485"}],"curies":[{"name":"wp","href":"https:\/\/api.w.org\/{rel}","templated":true}]}}