{"id":4483,"date":"2025-12-22T18:28:42","date_gmt":"2025-12-22T21:28:42","guid":{"rendered":"https:\/\/nasacomputacion.com.ar\/sitio\/?post_type=product&#038;p=4483"},"modified":"2025-12-22T18:28:42","modified_gmt":"2025-12-22T21:28:42","slug":"introduccion-a-la-inteligencia-artificial-para-docentes","status":"publish","type":"product","link":"https:\/\/nasacomputacion.com.ar\/sitio\/producto\/introduccion-a-la-inteligencia-artificial-para-docentes\/","title":{"rendered":"Introducci\u00f3n a la Inteligencia Artificial para Docentes"},"content":{"rendered":"<p><strong>RESOLUCI\u00d3N DEL RECTORADO N\u00ba 395\/25<\/strong><br \/>\nCurso dictado por el Centro de Capacitaci\u00f3n de la Universidad FASTA (CECAUF)<\/p>\n<p>Dise\u00f1\u00e1 clases m\u00e1s inteligentes con IA: aprend\u00e9 a crear contenidos, cuestionarios y estructuras educativas usando herramientas como ChatGPT, Gemini y m\u00e1s.<br \/>\nDescubr\u00ed c\u00f3mo transformar tu pr\u00e1ctica docente con inteligencia artificial generativa. Aprend\u00e9 a dise\u00f1ar prompts efectivos, comparar herramientas y optimizar resultados para lograr una ense\u00f1anza m\u00e1s eficiente, creativa y personalizada.<\/p>\n<p><strong>\u00bfQu\u00e9 lograr\u00e1s con esta Certificaci\u00f3n?<\/strong><\/p>\n<ul>\n<li>Transformar la Ense\u00f1anza: Aplica los \u00faltimos descubrimientos de la neurociencia para clases m\u00e1s efectivas.<\/li>\n<li>Potenciar con IA: Usa herramientas de IA para personalizar el aprendizaje y automatizar tareas.<\/li>\n<li>Dise\u00f1ar Experiencias Innovadoras: Combina lo mejor de dos mundos para un entorno educativo din\u00e1mico.<\/li>\n<li>Certificar tu Expertise: Obt\u00e9n un certificado de la Universidad FASTA y valida tus competencias.<\/li>\n<\/ul>\n<p><em>Incluye dos encuentros sincr\u00f3nicos formato taller con el docente<\/em><\/p>\n<p>Programa:<\/p>\n<p><strong>M\u00f3dulo 1 Conceptos iniciales de las IA generativas<\/strong><\/p>\n<ul>\n<li>Conceptos iniciales de IA<\/li>\n<li>Tipos de IAs (generativas, predictivas, etc)<\/li>\n<li>Fundamentos de la creaci\u00f3n de Prompts. Variables y par\u00e1metros b\u00e1sicos<\/li>\n<li>Resultados probables, bosquejos y condiciones<\/li>\n<li>Primeros pasos con ChatGPT: acciones y roles<\/li>\n<li>Ejercicios con iteraciones<\/li>\n<\/ul>\n<p><strong>M\u00f3dulo 2:Taller pr\u00e1ctico de IA generativa<\/strong><\/p>\n<ul>\n<li>Nuevo rol docente con IA: oportunidades y desaf\u00edos<\/li>\n<li>Super prompts versus iteraciones<\/li>\n<li>C\u00f3mo optimizar resultados a trav\u00e9s de iteraciones<\/li>\n<li>Configuraci\u00f3n y actualizaciones<\/li>\n<li>Uso de IAs alternativas GEMINI, COPILOT y CLAUDE:<\/li>\n<li>An\u00e1lisis comparativo<\/li>\n<\/ul>\n","protected":false},"excerpt":{"rendered":"<p>RESOLUCI\u00d3N DEL RECTORADO N\u00ba 395\/25 Curso dictado por el Centro de Capacitaci\u00f3n de la Universidad FASTA (CECAUF) Dise\u00f1\u00e1 clases m\u00e1s inteligentes con IA: aprend\u00e9 a crear contenidos, cuestionarios y estructuras educativas usando herramientas como ChatGPT, Gemini y m\u00e1s. Descubr\u00ed c\u00f3mo transformar tu pr\u00e1ctica docente con inteligencia artificial generativa. Aprend\u00e9 a dise\u00f1ar prompts efectivos, comparar herramientas &hellip;<\/p>\n<p class=\"read-more\"> <a class=\"\" href=\"https:\/\/nasacomputacion.com.ar\/sitio\/producto\/introduccion-a-la-inteligencia-artificial-para-docentes\/\"> <span class=\"screen-reader-text\">Introducci\u00f3n a la Inteligencia Artificial para Docentes<\/span> Leer m\u00e1s &raquo;<\/a><\/p>\n","protected":false},"featured_media":4484,"template":"","meta":{"inline_featured_image":false,"site-sidebar-layout":"default","site-content-layout":"default","ast-global-header-display":"","ast-main-header-display":"","ast-hfb-above-header-display":"","ast-hfb-below-header-display":"","ast-hfb-mobile-header-display":"","site-post-title":"","ast-breadcrumbs-content":"","ast-featured-img":"","footer-sml-layout":"","theme-transparent-header-meta":"default","adv-header-id-meta":"","stick-header-meta":"","header-above-stick-meta":"","header-main-stick-meta":"","header-below-stick-meta":"","_joinchat":[]},"product_cat":[98],"product_tag":[],"class_list":["post-4483","product","type-product","status-publish","has-post-thumbnail","hentry","product_cat-inteligencia-artificial","desktop-align-left","tablet-align-left","mobile-align-left"],"_links":{"self":[{"href":"https:\/\/nasacomputacion.com.ar\/sitio\/wp-json\/wp\/v2\/product\/4483","targetHints":{"allow":["GET"]}}],"collection":[{"href":"https:\/\/nasacomputacion.com.ar\/sitio\/wp-json\/wp\/v2\/product"}],"about":[{"href":"https:\/\/nasacomputacion.com.ar\/sitio\/wp-json\/wp\/v2\/types\/product"}],"wp:featuredmedia":[{"embeddable":true,"href":"https:\/\/nasacomputacion.com.ar\/sitio\/wp-json\/wp\/v2\/media\/4484"}],"wp:attachment":[{"href":"https:\/\/nasacomputacion.com.ar\/sitio\/wp-json\/wp\/v2\/media?parent=4483"}],"wp:term":[{"taxonomy":"product_cat","embeddable":true,"href":"https:\/\/nasacomputacion.com.ar\/sitio\/wp-json\/wp\/v2\/product_cat?post=4483"},{"taxonomy":"product_tag","embeddable":true,"href":"https:\/\/nasacomputacion.com.ar\/sitio\/wp-json\/wp\/v2\/product_tag?post=4483"}],"curies":[{"name":"wp","href":"https:\/\/api.w.org\/{rel}","templated":true}]}}