{"id":4481,"date":"2025-12-22T18:26:42","date_gmt":"2025-12-22T21:26:42","guid":{"rendered":"https:\/\/nasacomputacion.com.ar\/sitio\/?post_type=product&#038;p=4481"},"modified":"2025-12-22T18:26:42","modified_gmt":"2025-12-22T21:26:42","slug":"disenar-experiencias-creativas-con-ia-en-el-aula","status":"publish","type":"product","link":"https:\/\/nasacomputacion.com.ar\/sitio\/producto\/disenar-experiencias-creativas-con-ia-en-el-aula\/","title":{"rendered":"Dise\u00f1ar experiencias creativas con IA en el aula"},"content":{"rendered":"<p><strong>RESOLUCI\u00d3N DEL RECTORADO N\u00ba 396\/25<br \/>\n<\/strong>Curso dictado por el Centro de Capacitaci\u00f3n de la Universidad FASTA (CECAUF)<\/p>\n<p>Una formaci\u00f3n dise\u00f1ada para integrar la Inteligencia Artificial generativa de forma cr\u00edtica y significativa en el dise\u00f1o de experiencias de aprendizaje, explorando su potencial en la creaci\u00f3n de contenidos y actividades motivadoras, alineadas con los nuevos h\u00e1bitos digitales.<\/p>\n<p><strong>\u00bfQu\u00e9 lograr\u00e1s con esta Certificaci\u00f3n?<\/strong><\/p>\n<ul>\n<li>Transformar la Ense\u00f1anza: Aplica los \u00faltimos descubrimientos de la neurociencia para clases m\u00e1s efectivas.<\/li>\n<li>Potenciar con IA: Usa herramientas de IA para personalizar el aprendizaje y automatizar tareas.<\/li>\n<li>Dise\u00f1ar Experiencias Innovadoras: Combina lo mejor de dos mundos para un entorno educativo din\u00e1mico.<\/li>\n<li>Certificar tu Expertise: Obt\u00e9n un certificado de la Universidad FASTA y valida tus competencias.<\/li>\n<\/ul>\n<p><em>Clases sincr\u00f3nicas en vivo (x cantidad)<\/p>\n<p><\/em>Programa:<\/p>\n<p><strong>M\u00f3dulo I &#8211; Contenidos y actividades que motivan el aprendizaje<\/strong><\/p>\n<ul>\n<li>Dise\u00f1o de contenidos educativos<\/li>\n<li>Herramientas de IA para b\u00fasquedas y manejo de documentos<\/li>\n<li>Herramientas generativas para fuentes y esquemas<\/li>\n<li>Desarrollo de actividades creativas y motivadoras<\/li>\n<li>Inclusi\u00f3n de gamificaci\u00f3n en los contenidos<\/li>\n<\/ul>\n<p><strong>M\u00f3dulo II &#8211; El uso de IA en el aula<\/strong><\/p>\n<ul>\n<li>H\u00e1bitos digitales de los estudiantes<\/li>\n<li>Integrar IA en los ejercicios de estudiantes<\/li>\n<li>Cuestionarios, evaluaciones<\/li>\n<li>Curadur\u00eda de contenido<\/li>\n<li>IA y pensamiento cr\u00edtico<\/li>\n<li>Aspectos \u00e9ticos<\/li>\n<\/ul>\n","protected":false},"excerpt":{"rendered":"<p>RESOLUCI\u00d3N DEL RECTORADO N\u00ba 396\/25 Curso dictado por el Centro de Capacitaci\u00f3n de la Universidad FASTA (CECAUF) Una formaci\u00f3n dise\u00f1ada para integrar la Inteligencia Artificial generativa de forma cr\u00edtica y significativa en el dise\u00f1o de experiencias de aprendizaje, explorando su potencial en la creaci\u00f3n de contenidos y actividades motivadoras, alineadas con los nuevos h\u00e1bitos digitales. &hellip;<\/p>\n<p class=\"read-more\"> <a class=\"\" href=\"https:\/\/nasacomputacion.com.ar\/sitio\/producto\/disenar-experiencias-creativas-con-ia-en-el-aula\/\"> <span class=\"screen-reader-text\">Dise\u00f1ar experiencias creativas con IA en el aula<\/span> Leer m\u00e1s &raquo;<\/a><\/p>\n","protected":false},"featured_media":4482,"template":"","meta":{"inline_featured_image":false,"site-sidebar-layout":"default","site-content-layout":"default","ast-global-header-display":"","ast-main-header-display":"","ast-hfb-above-header-display":"","ast-hfb-below-header-display":"","ast-hfb-mobile-header-display":"","site-post-title":"","ast-breadcrumbs-content":"","ast-featured-img":"","footer-sml-layout":"","theme-transparent-header-meta":"default","adv-header-id-meta":"","stick-header-meta":"","header-above-stick-meta":"","header-main-stick-meta":"","header-below-stick-meta":"","_joinchat":[]},"product_cat":[98],"product_tag":[],"class_list":["post-4481","product","type-product","status-publish","has-post-thumbnail","hentry","product_cat-inteligencia-artificial","desktop-align-left","tablet-align-left","mobile-align-left"],"_links":{"self":[{"href":"https:\/\/nasacomputacion.com.ar\/sitio\/wp-json\/wp\/v2\/product\/4481","targetHints":{"allow":["GET"]}}],"collection":[{"href":"https:\/\/nasacomputacion.com.ar\/sitio\/wp-json\/wp\/v2\/product"}],"about":[{"href":"https:\/\/nasacomputacion.com.ar\/sitio\/wp-json\/wp\/v2\/types\/product"}],"wp:featuredmedia":[{"embeddable":true,"href":"https:\/\/nasacomputacion.com.ar\/sitio\/wp-json\/wp\/v2\/media\/4482"}],"wp:attachment":[{"href":"https:\/\/nasacomputacion.com.ar\/sitio\/wp-json\/wp\/v2\/media?parent=4481"}],"wp:term":[{"taxonomy":"product_cat","embeddable":true,"href":"https:\/\/nasacomputacion.com.ar\/sitio\/wp-json\/wp\/v2\/product_cat?post=4481"},{"taxonomy":"product_tag","embeddable":true,"href":"https:\/\/nasacomputacion.com.ar\/sitio\/wp-json\/wp\/v2\/product_tag?post=4481"}],"curies":[{"name":"wp","href":"https:\/\/api.w.org\/{rel}","templated":true}]}}