{"id":4471,"date":"2025-12-22T16:22:38","date_gmt":"2025-12-22T19:22:38","guid":{"rendered":"https:\/\/nasacomputacion.com.ar\/sitio\/?post_type=product&#038;p=4471"},"modified":"2025-12-22T18:20:27","modified_gmt":"2025-12-22T21:20:27","slug":"certificacion-en-neuroeducacion-e-inteligencia-artificial","status":"publish","type":"product","link":"https:\/\/nasacomputacion.com.ar\/sitio\/producto\/certificacion-en-neuroeducacion-e-inteligencia-artificial\/","title":{"rendered":"Certificaci\u00f3n en Neuroeducaci\u00f3n e Inteligencia Artificial"},"content":{"rendered":"<p><strong>RESOLUCI\u00d3N DEL RECTORADO N\u00ba 487\/25<\/strong><br \/>\nCurso dictado por el Centro de Capacitaci\u00f3n de la Universidad FASTA (CECAUF)<\/p>\n<p>Fusiona neurociencia y tecnolog\u00eda en tus clases. Redise\u00f1a experiencias inmersivas y aplica un modelo neuro-tecno-pedag\u00f3gico para un aprendizaje profundo.<\/p>\n<p>Explor\u00e1 c\u00f3mo la inteligencia artificial y el conocimiento sobre el cerebro que aprende pueden ayudarte a redise\u00f1ar tus clases, crear experiencias inmersivas y aplicar un modelo neuro-tecno-pedag\u00f3gico para potenciar el aprendizaje profundo, \u00e9tico y significativo.<\/p>\n<p><strong>\u00bfQu\u00e9 lograr\u00e1s con esta Certificaci\u00f3n?<\/strong><\/p>\n<ul>\n<li>Transformar la Ense\u00f1anza: Aplica los \u00faltimos descubrimientos de la neurociencia para clases m\u00e1s efectivas.<\/li>\n<li>Potenciar con IA: Usa herramientas de IA para personalizar el aprendizaje y automatizar tareas.<\/li>\n<li>Dise\u00f1ar Experiencias Innovadoras: Combina lo mejor de dos mundos para un entorno educativo din\u00e1mico.<\/li>\n<li>Certificar tu Expertise: Obt\u00e9n un certificado de la Universidad FASTA y valida tus competencias.<\/li>\n<\/ul>\n<p><em>Incluye dos encuentros sincr\u00f3nicos con los docentes.<\/em><\/p>\n<p><strong>PROGRAMA<\/strong><\/p>\n<p><strong>M\u00f3dulo 1: Redise\u00f1ar la educaci\u00f3n desde el cerebro y la IA<\/strong><\/p>\n<ul>\n<li>Neurociencia cognitiva aplicada a la educaci\u00f3n.<\/li>\n<li>Estados mentales y aprendizaje significativo.<\/li>\n<li>IA como mediadora cognitiva.<\/li>\n<li>Atenci\u00f3n, emoci\u00f3n y memoria en contextos digitales.<\/li>\n<li>Evaluaci\u00f3n desde el paradigma neuro-tecno-pedag\u00f3gico.<\/li>\n<\/ul>\n<p><strong>M\u00f3dulo 2: Aprender a aprender en tiempos de m\u00e1quinas inteligentes<\/strong><\/p>\n<ul>\n<li>Aprendizaje humano vs. aprendizaje artificial.<\/li>\n<li>Neuroplasticidad y adaptaci\u00f3n cognitiva.<\/li>\n<li>Modelos computacionales de pensamiento.<\/li>\n<li>IA generativa y simulaci\u00f3n del aprendizaje.<\/li>\n<li>\u00c9tica del uso educativo de IA.<\/li>\n<\/ul>\n<p><strong>M\u00f3dulo 3: Metaversos cognitivos e inmersi\u00f3n neurodigital<\/strong><\/p>\n<ul>\n<li>Definici\u00f3n y tipos de metaversos educativos.<\/li>\n<li>Realidad aumentada y realidad virtual en educaci\u00f3n.<\/li>\n<li>Dise\u00f1o de entornos inmersivos con sentido pedag\u00f3gico.<\/li>\n<li>Experiencias sensoriales, empat\u00eda y colaboraci\u00f3n en el metaverso.<\/li>\n<li>Neuroeducaci\u00f3n e inmersi\u00f3n: impacto cognitivo y emocional.<\/li>\n<\/ul>\n<p><strong>M\u00f3dulo 4: Del saber al hacer: hacia un modelo neuro-tecno-pedag\u00f3gico<\/strong><\/p>\n<ul>\n<li>Fundamentos del modelo neuro-tecno-pedag\u00f3gico.<\/li>\n<li>Dise\u00f1o instruccional basado en el cerebro.<\/li>\n<li>Mediaciones digitales intencionadas.<\/li>\n<li>Rol del docente en entornos cognitivo-digitales.<\/li>\n<li>Prototipado de secuencias did\u00e1cticas neurotecnol\u00f3gicas.<\/li>\n<\/ul>\n<p><em>\u00a0<\/em><\/p>\n","protected":false},"excerpt":{"rendered":"<p>RESOLUCI\u00d3N DEL RECTORADO N\u00ba 487\/25 Curso dictado por el Centro de Capacitaci\u00f3n de la Universidad FASTA (CECAUF) Fusiona neurociencia y tecnolog\u00eda en tus clases. Redise\u00f1a experiencias inmersivas y aplica un modelo neuro-tecno-pedag\u00f3gico para un aprendizaje profundo. Explor\u00e1 c\u00f3mo la inteligencia artificial y el conocimiento sobre el cerebro que aprende pueden ayudarte a redise\u00f1ar tus clases, &hellip;<\/p>\n<p class=\"read-more\"> <a class=\"\" href=\"https:\/\/nasacomputacion.com.ar\/sitio\/producto\/certificacion-en-neuroeducacion-e-inteligencia-artificial\/\"> <span class=\"screen-reader-text\">Certificaci\u00f3n en Neuroeducaci\u00f3n e Inteligencia Artificial<\/span> Leer m\u00e1s &raquo;<\/a><\/p>\n","protected":false},"featured_media":4472,"template":"","meta":{"inline_featured_image":false,"site-sidebar-layout":"default","site-content-layout":"default","ast-global-header-display":"","ast-main-header-display":"","ast-hfb-above-header-display":"","ast-hfb-below-header-display":"","ast-hfb-mobile-header-display":"","site-post-title":"","ast-breadcrumbs-content":"","ast-featured-img":"","footer-sml-layout":"","theme-transparent-header-meta":"default","adv-header-id-meta":"","stick-header-meta":"","header-above-stick-meta":"","header-main-stick-meta":"","header-below-stick-meta":"","_joinchat":[]},"product_cat":[98],"product_tag":[],"class_list":["post-4471","product","type-product","status-publish","has-post-thumbnail","hentry","product_cat-inteligencia-artificial","desktop-align-left","tablet-align-left","mobile-align-left"],"_links":{"self":[{"href":"https:\/\/nasacomputacion.com.ar\/sitio\/wp-json\/wp\/v2\/product\/4471","targetHints":{"allow":["GET"]}}],"collection":[{"href":"https:\/\/nasacomputacion.com.ar\/sitio\/wp-json\/wp\/v2\/product"}],"about":[{"href":"https:\/\/nasacomputacion.com.ar\/sitio\/wp-json\/wp\/v2\/types\/product"}],"wp:featuredmedia":[{"embeddable":true,"href":"https:\/\/nasacomputacion.com.ar\/sitio\/wp-json\/wp\/v2\/media\/4472"}],"wp:attachment":[{"href":"https:\/\/nasacomputacion.com.ar\/sitio\/wp-json\/wp\/v2\/media?parent=4471"}],"wp:term":[{"taxonomy":"product_cat","embeddable":true,"href":"https:\/\/nasacomputacion.com.ar\/sitio\/wp-json\/wp\/v2\/product_cat?post=4471"},{"taxonomy":"product_tag","embeddable":true,"href":"https:\/\/nasacomputacion.com.ar\/sitio\/wp-json\/wp\/v2\/product_tag?post=4471"}],"curies":[{"name":"wp","href":"https:\/\/api.w.org\/{rel}","templated":true}]}}