{"id":4461,"date":"2025-08-11T14:29:30","date_gmt":"2025-08-11T17:29:30","guid":{"rendered":"https:\/\/nasacomputacion.com.ar\/sitio\/?post_type=product&#038;p=4461"},"modified":"2025-10-13T15:12:20","modified_gmt":"2025-10-13T18:12:20","slug":"curso-universitario-gestion-de-rr-hh-fidelizacion-del-talento-en-las-organizaciones","status":"publish","type":"product","link":"https:\/\/nasacomputacion.com.ar\/sitio\/producto\/curso-universitario-gestion-de-rr-hh-fidelizacion-del-talento-en-las-organizaciones\/","title":{"rendered":"Curso Universitario: Gesti\u00f3n de RR HH. Fidelizaci\u00f3n del Talento en las Organizaciones"},"content":{"rendered":"<p>Curso dictado por el Centro de Capacitaci\u00f3n de la Universidad FASTA (CECAUF)<\/p>\n<h4><strong>RESOLUCION RECTORAL N\u00b0 425\/21<\/strong><\/h4>\n<h4><span style=\"color: #ff6600;\"><strong>INICIO INMEDIATO\u00a0<\/strong><\/span><\/h4>\n<h4><strong>Descripci\u00f3n<\/strong><\/h4>\n<p>En este curso profesional el alumno aprender\u00e1 el concepto de gesti\u00f3n del talento en la empresa, abarcando aspectos como las caracter\u00edsticas del entorno laboral y el nuevo rol de los RRHH, la aplicaci\u00f3n correcta del proceso de acogida, as\u00ed como las t\u00e9cnicas de desarrollo y fidelizaci\u00f3n del talento.<\/p>\n<h4><strong>Duraci\u00f3n<\/strong><\/h4>\n<p>20 horas reloj.<strong><br \/>\n<\/strong><\/p>\n<h4><strong>Certificaci\u00f3n que se expide<\/strong><\/h4>\n<p>Curso Universitario: Gesti\u00f3n de RRHH. Fidelizaci\u00f3n del Talento en las Organizaciones<\/p>\n<h4><strong>Destinatarios<\/strong><\/h4>\n<p>Profesionales del \u00e1rea de gesti\u00f3n de recursos humanos, empresarios individuales, etc., poniendo especial \u00e9nfasis en aquellos trabajadores que se responsabilizan del reclutamiento y selecci\u00f3n de personal de una organizaci\u00f3n, adem\u00e1s de alumnos de \u00e1reas vinculadas a las ciencias sociales.<\/p>\n<h4><strong>Requisitos<\/strong><\/h4>\n<p>No posee requisitos de ingreso.<\/p>\n<h4><strong>Metodolog\u00eda y modalidad de ense\u00f1anza<\/strong><\/h4>\n<p>El curso se desarrolla totalmente en modalidad a distancia, a trav\u00e9s de una plataforma virtual de ense\u00f1anza-aprendizaje, disponible las 24 horas de todos los d\u00edas de la semana.\u00a0 El curso permanecer\u00e1 abierto durante 3 meses a partir de la inscripci\u00f3n.<\/p>\n<p>Las propuestas de aprendizaje permiten que cada estudiante las realice de acuerdo a sus tiempos, de manera asincr\u00f3nica. Las mismas se desarrollan a trav\u00e9s de diversos tipos de actividades, recursos y herramientas digitales tales como videos interactivos, actividades de aprendizaje y de autoevaluaci\u00f3n y material descargable de apoyo, enlaces a art\u00edculos, v\u00eddeos de dominio p\u00fablico y bibliograf\u00eda.<\/p>\n<p>Los cursos se organizan por m\u00f3dulos. Al finalizar cada uno, el alumno deber\u00e1 realizar una autoevaluaci\u00f3n que una vez aprobada, le permitir\u00e1 avanzar al m\u00f3dulo siguiente recorriendo una trayectoria de profundizaci\u00f3n del contenido y logro de las competencias espec\u00edficas. Cumplimentadas estas instancias, se finaliza el curso con una evaluaci\u00f3n integradora de los contenidos desarrollados.<\/p>\n","protected":false},"excerpt":{"rendered":"<p>Curso dictado por el Centro de Capacitaci\u00f3n de la Universidad FASTA (CECAUF) RESOLUCION RECTORAL N\u00b0 425\/21 INICIO INMEDIATO\u00a0 Descripci\u00f3n En este curso profesional el alumno aprender\u00e1 el concepto de gesti\u00f3n del talento en la empresa, abarcando aspectos como las caracter\u00edsticas del entorno laboral y el nuevo rol de los RRHH, la aplicaci\u00f3n correcta del proceso &hellip;<\/p>\n<p class=\"read-more\"> <a class=\"\" href=\"https:\/\/nasacomputacion.com.ar\/sitio\/producto\/curso-universitario-gestion-de-rr-hh-fidelizacion-del-talento-en-las-organizaciones\/\"> <span class=\"screen-reader-text\">Curso Universitario: Gesti\u00f3n de RR HH. Fidelizaci\u00f3n del Talento en las Organizaciones<\/span> Leer m\u00e1s &raquo;<\/a><\/p>\n","protected":false},"featured_media":4462,"template":"","meta":{"inline_featured_image":false,"site-sidebar-layout":"default","site-content-layout":"default","ast-global-header-display":"","ast-main-header-display":"","ast-hfb-above-header-display":"","ast-hfb-below-header-display":"","ast-hfb-mobile-header-display":"","site-post-title":"","ast-breadcrumbs-content":"","ast-featured-img":"","footer-sml-layout":"","theme-transparent-header-meta":"default","adv-header-id-meta":"","stick-header-meta":"","header-above-stick-meta":"","header-main-stick-meta":"","header-below-stick-meta":"","_joinchat":[]},"product_cat":[97],"product_tag":[],"class_list":["post-4461","product","type-product","status-publish","has-post-thumbnail","hentry","product_cat-cursos-de-rrhh","desktop-align-left","tablet-align-left","mobile-align-left"],"_links":{"self":[{"href":"https:\/\/nasacomputacion.com.ar\/sitio\/wp-json\/wp\/v2\/product\/4461","targetHints":{"allow":["GET"]}}],"collection":[{"href":"https:\/\/nasacomputacion.com.ar\/sitio\/wp-json\/wp\/v2\/product"}],"about":[{"href":"https:\/\/nasacomputacion.com.ar\/sitio\/wp-json\/wp\/v2\/types\/product"}],"wp:featuredmedia":[{"embeddable":true,"href":"https:\/\/nasacomputacion.com.ar\/sitio\/wp-json\/wp\/v2\/media\/4462"}],"wp:attachment":[{"href":"https:\/\/nasacomputacion.com.ar\/sitio\/wp-json\/wp\/v2\/media?parent=4461"}],"wp:term":[{"taxonomy":"product_cat","embeddable":true,"href":"https:\/\/nasacomputacion.com.ar\/sitio\/wp-json\/wp\/v2\/product_cat?post=4461"},{"taxonomy":"product_tag","embeddable":true,"href":"https:\/\/nasacomputacion.com.ar\/sitio\/wp-json\/wp\/v2\/product_tag?post=4461"}],"curies":[{"name":"wp","href":"https:\/\/api.w.org\/{rel}","templated":true}]}}