{"id":4453,"date":"2025-08-11T13:54:27","date_gmt":"2025-08-11T16:54:27","guid":{"rendered":"https:\/\/nasacomputacion.com.ar\/sitio\/?post_type=product&#038;p=4453"},"modified":"2025-10-13T15:13:48","modified_gmt":"2025-10-13T18:13:48","slug":"curso-de-liderazgo-positivo","status":"publish","type":"product","link":"https:\/\/nasacomputacion.com.ar\/sitio\/producto\/curso-de-liderazgo-positivo\/","title":{"rendered":"Curso de Liderazgo Positivo"},"content":{"rendered":"<p>Curso dictado por el Centro de Capacitaci\u00f3n de la Universidad FASTA (CECAUF)<\/p>\n<div>\n<h4><a href=\"https:\/\/cecauf.com.ar\/website\/wp-content\/uploads\/2023\/01\/339-21-Economicas_CECAUF-Aprobar-Curso-de-Extension-Curso-de-Liderazg....pdf\"><strong>Aprobado por Resoluci\u00f3n Rectoral N\u00b0 339\/21<\/strong><\/a><\/h4>\n<\/div>\n<div>\n<h4><span style=\"color: #ff6600;\"><strong>INICIO INMEDIATO\u00a0<\/strong><\/span><\/h4>\n<h4>Descripci\u00f3n<\/h4>\n<p>El liderazgo positivo es la ciencia del rendimiento humano \u00f3ptimo aplicada a los desaf\u00edos personales y de las organizaciones. Se trata de un entrenamiento de las capacidades humanas b\u00e1sicas como la inteligencia emocional, la visi\u00f3n, la comunicaci\u00f3n, la coherencia y el servicio.<\/p>\n<p>Este curso brindar\u00e1 a los cursantes, herramientas que les permitan optimizar sus fortalezas con el fin de desarrollar nuevas habilidades para el \u00e9xito en su vida personal y la gesti\u00f3n de sus equipos.<\/p>\n<p>Objetivos generales:<\/p>\n<p>El presente curso tiene como objetivos, brindar herramientas para:<\/p>\n<ul>\n<li>Conocer e implementar el h\u00e1bito de la proactividad.<\/li>\n<li>Adoptar herramientas de liderazgo positivo como la Inteligencia emocional, la comunicaci\u00f3n y la capacidad de visi\u00f3n.<\/li>\n<li>Comprender la base y la esencia del sistema de Liderazgo Virtuoso.<\/li>\n<li>Repensar el trabajo y las organizaciones a partir del liderazgo positivo.<\/li>\n<li>Dise\u00f1ar y elaborar planes de acci\u00f3n para implementar la psicolog\u00eda positiva en equipos de trabajo.<\/li>\n<\/ul>\n<h4>Duraci\u00f3n<\/h4>\n<p>24 horas reloj.<\/p>\n<h4>Certificaci\u00f3n que se expide<\/h4>\n<p>Curso de Liderazgo Positivo.<\/p>\n<h4>Destinatarios<\/h4>\n<p>L\u00edderes de equipos de trabajo, capacitadores, docentes, emprendedores, mentores, gerentes, encargados de \u00e1rea y toda persona interesada en profundizar en el conocimiento del liderazgo positivo y aplicar sus herramientas a su vida personal o a su organizaci\u00f3n.<\/p>\n<h4>Requisitos de Ingreso<\/h4>\n<p>No posee<\/p>\n<h4>Modalidad de Cursado y Evaluaci\u00f3n<\/h4>\n<p>El Curso es totalmente a distancia, el alumno se inscribe y recibe un usuario y contrase\u00f1a que le permite acceder a la plataforma virtual donde se desarrollan todos los contenidos.<\/p>\n<p>El mismo est\u00e1 dividido en 4 m\u00f3dulos, cada uno contiene material de lectura, cuestionario sobre contenidos del m\u00f3dulo, audiovisuales, an\u00e1lisis de pel\u00edculas o charla TED, podcast y elaboraci\u00f3n de un plan de acci\u00f3n.<\/p>\n<p>El material est\u00e1 dise\u00f1ado para que el alumno aprenda a su ritmo, manejando sus tiempos.<\/p>\n<p>Al finalizar cada m\u00f3dulo el alumno realizar\u00e1 una autoevaluaci\u00f3n que deber\u00e1 ser aprobada con el 60%\u00a0 para avanzar al m\u00f3dulo siguiente.<\/p>\n<p>El docente ir\u00e1 evaluando a trav\u00e9s de estas actividades\u00a0 y los acompa\u00f1ar\u00e1 atendiendo las consultas particulares a trav\u00e9s de mensajer\u00eda interna y foros de consultas.<\/p>\n<p>Aprobadas todas las instancias parciales, el alumno deber\u00e1 aprobar un trabajo final integrador que aborda los contenidos desarrollados.<\/p>\n<\/div>\n","protected":false},"excerpt":{"rendered":"<p>Curso dictado por el Centro de Capacitaci\u00f3n de la Universidad FASTA (CECAUF) Aprobado por Resoluci\u00f3n Rectoral N\u00b0 339\/21 INICIO INMEDIATO\u00a0 Descripci\u00f3n El liderazgo positivo es la ciencia del rendimiento humano \u00f3ptimo aplicada a los desaf\u00edos personales y de las organizaciones. Se trata de un entrenamiento de las capacidades humanas b\u00e1sicas como la inteligencia emocional, la &hellip;<\/p>\n<p class=\"read-more\"> <a class=\"\" href=\"https:\/\/nasacomputacion.com.ar\/sitio\/producto\/curso-de-liderazgo-positivo\/\"> <span class=\"screen-reader-text\">Curso de Liderazgo Positivo<\/span> Leer m\u00e1s &raquo;<\/a><\/p>\n","protected":false},"featured_media":4454,"template":"","meta":{"inline_featured_image":false,"site-sidebar-layout":"default","site-content-layout":"default","ast-global-header-display":"","ast-main-header-display":"","ast-hfb-above-header-display":"","ast-hfb-below-header-display":"","ast-hfb-mobile-header-display":"","site-post-title":"","ast-breadcrumbs-content":"","ast-featured-img":"","footer-sml-layout":"","theme-transparent-header-meta":"default","adv-header-id-meta":"","stick-header-meta":"","header-above-stick-meta":"","header-main-stick-meta":"","header-below-stick-meta":"","_joinchat":[]},"product_cat":[97],"product_tag":[],"class_list":["post-4453","product","type-product","status-publish","has-post-thumbnail","hentry","product_cat-cursos-de-rrhh","desktop-align-left","tablet-align-left","mobile-align-left"],"_links":{"self":[{"href":"https:\/\/nasacomputacion.com.ar\/sitio\/wp-json\/wp\/v2\/product\/4453","targetHints":{"allow":["GET"]}}],"collection":[{"href":"https:\/\/nasacomputacion.com.ar\/sitio\/wp-json\/wp\/v2\/product"}],"about":[{"href":"https:\/\/nasacomputacion.com.ar\/sitio\/wp-json\/wp\/v2\/types\/product"}],"wp:featuredmedia":[{"embeddable":true,"href":"https:\/\/nasacomputacion.com.ar\/sitio\/wp-json\/wp\/v2\/media\/4454"}],"wp:attachment":[{"href":"https:\/\/nasacomputacion.com.ar\/sitio\/wp-json\/wp\/v2\/media?parent=4453"}],"wp:term":[{"taxonomy":"product_cat","embeddable":true,"href":"https:\/\/nasacomputacion.com.ar\/sitio\/wp-json\/wp\/v2\/product_cat?post=4453"},{"taxonomy":"product_tag","embeddable":true,"href":"https:\/\/nasacomputacion.com.ar\/sitio\/wp-json\/wp\/v2\/product_tag?post=4453"}],"curies":[{"name":"wp","href":"https:\/\/api.w.org\/{rel}","templated":true}]}}