{"id":4451,"date":"2025-08-11T13:52:19","date_gmt":"2025-08-11T16:52:19","guid":{"rendered":"https:\/\/nasacomputacion.com.ar\/sitio\/?post_type=product&#038;p=4451"},"modified":"2025-10-13T15:14:04","modified_gmt":"2025-10-13T18:14:04","slug":"curso-herramientas-para-mejorar-la-gestion-de-tu-negocio","status":"publish","type":"product","link":"https:\/\/nasacomputacion.com.ar\/sitio\/producto\/curso-herramientas-para-mejorar-la-gestion-de-tu-negocio\/","title":{"rendered":"Curso: Herramientas para Mejorar la Gesti\u00f3n de tu Negocio"},"content":{"rendered":"<p>Curso dictado por el Centro de Capacitaci\u00f3n de la Universidad FASTA (CECAUF)<\/p>\n<h4><a href=\"https:\/\/cecauf.com.ar\/website\/wp-content\/uploads\/2023\/01\/331-20.pdf\"><strong>Aprobado por<\/strong> Resoluci\u00f3n Rectoral N\u00b0 331\/20<\/a><\/h4>\n<h4><span style=\"color: #ff6600;\"><strong>INICIO INMEDIATO<\/strong><\/span><\/h4>\n<h4>Descripci\u00f3n<\/h4>\n<p>La tarea de la administraci\u00f3n consiste en detectar o delinear los objetivos de la empresa y traducirlos en acci\u00f3n empresarial mediante la planeaci\u00f3n, organizaci\u00f3n, direcci\u00f3n y control de las actividades realizadas en las diversas \u00e1reas y niveles de la empresa con el fin de conseguir tales objetivos.<\/p>\n<p>Los administradores son mediadores de la actividad organizacional, ya que convierten un conjunto de recursos humanos, materiales e inmateriales en una empresa \u00fatil y efectiva y hacen que las personas con su trabajo y recursos f\u00edsicos produzcan, con el fin de lograr los objetivos del sistema. La administraci\u00f3n es aplicable a todas las \u00e1reas, se puede afirmar con absoluta certeza que la misma es necesaria en organizaciones de todo tipo y tama\u00f1o, en todos sus niveles y \u00e1reas de trabajo.<\/p>\n<p><strong>Este Curso brindar\u00e1 herramientas para:<\/strong><br \/>\n\u25cf Generar un \u00e1mbito de discusi\u00f3n de ideas que favorezca la sensibilizaci\u00f3n sobre la tem\u00e1tica planteada.<br \/>\n\u25cf Reflexionar sobre la importancia de la planificaci\u00f3n en la organizaci\u00f3n y factores que deben tenerse en consideraci\u00f3n para mejorar la competitividad.<br \/>\n\u25cf Analizar los procesos que requiere la gesti\u00f3n del talento humano dentro de la organizaci\u00f3n, para la b\u00fasqueda de la eficiencia.<br \/>\n\u25cf Analizar los efectos motivadores del personal, evaluando diferentes perspectivas.<br \/>\n\u25cf Evaluar las actividades que permitan el control de gesti\u00f3n de una organizaci\u00f3n.<\/p>\n<h4>Duraci\u00f3n<\/h4>\n<p>24 horas reloj<br \/>\nUn mes*<br \/>\n*Al tratarse de una capacitaci\u00f3n autogestionable y de una cursada asincr\u00f3nica, la duraci\u00f3n en meses es una sugerencia aproximada.<\/p>\n<h4>Certificaci\u00f3n que se Expide<\/h4>\n<p>Curso Herramientas para mejorar la gesti\u00f3n de tu negocio.<\/p>\n<h4>Destinatarios<\/h4>\n<p>El curso est\u00e1 orientado a profesionales o administradores de negocios que se est\u00e9n<br \/>\ndesempe\u00f1ando en cargos gerenciales, de supervisi\u00f3n o lideren su propio negocio y que<br \/>\ndeseen ampliar sus conocimientos sobre los elementos que forman un modelo de negocios exitoso.<\/p>\n<h4>Requisitos de Ingreso<\/h4>\n<p>No posee<\/p>\n<h4>Modalidad de Cursado y Evaluaci\u00f3n<\/h4>\n<p>Se cursa a DISTANCIA a trav\u00e9s de una Plataforma virtual intuitiva y accesible, apta para todos los dispositivos m\u00f3viles. Los participantes acceden al material dise\u00f1ado por el docente: material de lectura, mapas conceptuales, presentaciones y actividades de autoevaluaci\u00f3n. Pueden participan en foros de consulta y est\u00e1n acompa\u00f1ados por un tutor.<\/p>\n<p>Cada una de las clases contendr\u00e1 una actividad de auto-evaluaci\u00f3n. Como actividad final se propondr\u00e1 al alumno una actividad pr\u00e1ctica integral que ser\u00e1 evaluada por el docente.<\/p>\n","protected":false},"excerpt":{"rendered":"<p>Curso dictado por el Centro de Capacitaci\u00f3n de la Universidad FASTA (CECAUF) Aprobado por Resoluci\u00f3n Rectoral N\u00b0 331\/20 INICIO INMEDIATO Descripci\u00f3n La tarea de la administraci\u00f3n consiste en detectar o delinear los objetivos de la empresa y traducirlos en acci\u00f3n empresarial mediante la planeaci\u00f3n, organizaci\u00f3n, direcci\u00f3n y control de las actividades realizadas en las diversas &hellip;<\/p>\n<p class=\"read-more\"> <a class=\"\" href=\"https:\/\/nasacomputacion.com.ar\/sitio\/producto\/curso-herramientas-para-mejorar-la-gestion-de-tu-negocio\/\"> <span class=\"screen-reader-text\">Curso: Herramientas para Mejorar la Gesti\u00f3n de tu Negocio<\/span> Leer m\u00e1s &raquo;<\/a><\/p>\n","protected":false},"featured_media":4452,"template":"","meta":{"inline_featured_image":false,"site-sidebar-layout":"default","site-content-layout":"default","ast-global-header-display":"","ast-main-header-display":"","ast-hfb-above-header-display":"","ast-hfb-below-header-display":"","ast-hfb-mobile-header-display":"","site-post-title":"","ast-breadcrumbs-content":"","ast-featured-img":"","footer-sml-layout":"","theme-transparent-header-meta":"default","adv-header-id-meta":"","stick-header-meta":"","header-above-stick-meta":"","header-main-stick-meta":"","header-below-stick-meta":"","_joinchat":[]},"product_cat":[97],"product_tag":[],"class_list":["post-4451","product","type-product","status-publish","has-post-thumbnail","hentry","product_cat-cursos-de-rrhh","desktop-align-left","tablet-align-left","mobile-align-left"],"_links":{"self":[{"href":"https:\/\/nasacomputacion.com.ar\/sitio\/wp-json\/wp\/v2\/product\/4451","targetHints":{"allow":["GET"]}}],"collection":[{"href":"https:\/\/nasacomputacion.com.ar\/sitio\/wp-json\/wp\/v2\/product"}],"about":[{"href":"https:\/\/nasacomputacion.com.ar\/sitio\/wp-json\/wp\/v2\/types\/product"}],"wp:featuredmedia":[{"embeddable":true,"href":"https:\/\/nasacomputacion.com.ar\/sitio\/wp-json\/wp\/v2\/media\/4452"}],"wp:attachment":[{"href":"https:\/\/nasacomputacion.com.ar\/sitio\/wp-json\/wp\/v2\/media?parent=4451"}],"wp:term":[{"taxonomy":"product_cat","embeddable":true,"href":"https:\/\/nasacomputacion.com.ar\/sitio\/wp-json\/wp\/v2\/product_cat?post=4451"},{"taxonomy":"product_tag","embeddable":true,"href":"https:\/\/nasacomputacion.com.ar\/sitio\/wp-json\/wp\/v2\/product_tag?post=4451"}],"curies":[{"name":"wp","href":"https:\/\/api.w.org\/{rel}","templated":true}]}}