{"id":4449,"date":"2025-08-11T13:46:47","date_gmt":"2025-08-11T16:46:47","guid":{"rendered":"https:\/\/nasacomputacion.com.ar\/sitio\/?post_type=product&#038;p=4449"},"modified":"2025-10-13T15:14:21","modified_gmt":"2025-10-13T18:14:21","slug":"curso-de-coaching-ontologico-personal-y-organizacional","status":"publish","type":"product","link":"https:\/\/nasacomputacion.com.ar\/sitio\/producto\/curso-de-coaching-ontologico-personal-y-organizacional\/","title":{"rendered":"Curso de Coaching Ontol\u00f3gico Personal y Organizacional"},"content":{"rendered":"<h4><a href=\"https:\/\/cecauf.com.ar\/website\/wp-content\/uploads\/2023\/01\/352-20.pdf\"><strong>Resoluci\u00f3n Rectoral 352\/20<\/strong><\/a><\/h4>\n<h4><span style=\"color: #ff6600;\"><strong>INICIO INMEDIATO<\/strong><\/span><\/h4>\n<h4>Descripci\u00f3n<\/h4>\n<p>Walt Disney una vez dijo<em>\u00a0\u201cPreg\u00fantate si lo que est\u00e1s haciendo hoy te llevar\u00e1 a d\u00f3nde quieres estar ma\u00f1ana\u201d.\u00a0<\/em>El arte del Coaching, sus t\u00e9cnicas y sus herramientas son la opci\u00f3n para descubrir la mejor versi\u00f3n personal, como as\u00ed tambi\u00e9n colaborar con el pr\u00f3jimo para que cada persona logre descubrirla, con el objetivo de accionar hacia d\u00f3nde se quiere llegar.<\/p>\n<p>Tenemos ante nosotros la posibilidad de analizar el modo de ser y hacer de las personas, estudiar las observaciones e interpretaciones propias y de cada individuo; y c\u00f3mo estas impactan en lo personal, en las relaciones y en lo laboral. Ampliar el mapa, lograr el equilibrio, y avanzar por el camino para la obtenci\u00f3n de los resultados esperados, a\u00fan con obst\u00e1culos.<\/p>\n<p>En este curso el alumno obtendr\u00e1 herramientas para:<\/p>\n<ul>\n<li>Autogestionar el camino del desarrollo personal y profesional, ampliando el mapa del mundo que lo rodea<\/li>\n<li>Evaluar la necesidad de cambiar el observador que est\u00e1 siendo, si la situaci\u00f3n lo amerita y lo impulsa a avanzar.<\/li>\n<li>Gestionar el recurso humano a fin de alcanzar la armon\u00eda entre el desarrollo de las personas, sus objetivos y los objetivos empresariales.<\/li>\n<li>Organizar y coordinar las relaciones interpersonales por medio de la escucha activa, la indagaci\u00f3n, las declaraciones, las peticiones y la generaci\u00f3n de las conversaciones necesarias para mantener el equilibrio en el sistema.<\/li>\n<li>Observar detalladamente las situaciones que suceden en el \u00e1mbito en el que opera, identificando estados de \u00e1nimo, emociones, juicios.<\/li>\n<li>Identificar el o las herramientas de intervenci\u00f3n necesarias dependiendo la situaci\u00f3n que se le presente, para utilizarlas en pos de alcanzar resultados efectivos y de calidad.<\/li>\n<\/ul>\n<h4>Duraci\u00f3n<\/h4>\n<p>30 horas reloj<\/p>\n<h4>Certificaci\u00f3n que se Expide<\/h4>\n<p>Curso de Coaching Ontol\u00f3gico Personal y Organizacional.<\/p>\n<h4>Destinatarios<\/h4>\n<p>Destinado a empresarios, directivos, gerentes, l\u00edderes, profesionales de distintas \u00e1reas, y a todas las personas con la inquietud de aprender herramientas y t\u00e9cnicas de Coaching para el desarrollo personal y de equipos.<\/p>\n<h4>Requisitos de Ingreso<\/h4>\n<p>No posee requisitos de ingreso<\/p>\n<h4>Modalidad de Cursado y Evaluaci\u00f3n<\/h4>\n<p>El Curso es totalmente a distancia, el alumno se inscribe y recibe un usuario y contrase\u00f1a que le permite acceder a la plataforma virtual donde se desarrollan todos los contenidos.<\/p>\n<p>El mismo est\u00e1 dividido en 4 m\u00f3dulos, cada uno cuenta con material de lectura te\u00f3rico para descargar, videos con desarrollo de los temas por parte del docente y material de apoyo como enlaces a art\u00edculos, v\u00eddeos de dominio p\u00fablico y bibliograf\u00eda que permiten al alumno aprender a su ritmo, manejando sus tiempos.<\/p>\n<p>Al finalizar cada m\u00f3dulo el alumno realizar\u00e1 una autoevaluaci\u00f3n que deber\u00e1 ser aprobada para avanzar al m\u00f3dulo siguiente.<\/p>\n<p>El docente ir\u00e1 evaluando a los alumnos a trav\u00e9s de \u00e9stas actividades, y los acompa\u00f1ar\u00e1 atendiendo las consultas particulares a trav\u00e9s de mensajer\u00eda interna y foros de consultas.<\/p>\n<p>Se prev\u00e9 el desarrollo de los conceptos de forma te\u00f3rica (mapas conceptuales, m\u00f3dulos de estudio, presentaciones audiovisuales) y por medio de ejemplos en los \u00e1mbitos personales y organizacionales (videos, cuentos).<\/p>\n<p>Los cuestionarios de autoevaluaci\u00f3n que debe resolver el alumno deben ser aprobados con el 60% de las opciones correctas. Aprobadas todas las instancias parciales, el alumno deber\u00e1 aprobar un trabajo final integrador que aborda los contenidos desarrollados con el mismo formato auto gestionable.<\/p>\n","protected":false},"excerpt":{"rendered":"<p>Resoluci\u00f3n Rectoral 352\/20 INICIO INMEDIATO Descripci\u00f3n Walt Disney una vez dijo\u00a0\u201cPreg\u00fantate si lo que est\u00e1s haciendo hoy te llevar\u00e1 a d\u00f3nde quieres estar ma\u00f1ana\u201d.\u00a0El arte del Coaching, sus t\u00e9cnicas y sus herramientas son la opci\u00f3n para descubrir la mejor versi\u00f3n personal, como as\u00ed tambi\u00e9n colaborar con el pr\u00f3jimo para que cada persona logre descubrirla, con &hellip;<\/p>\n<p class=\"read-more\"> <a class=\"\" href=\"https:\/\/nasacomputacion.com.ar\/sitio\/producto\/curso-de-coaching-ontologico-personal-y-organizacional\/\"> <span class=\"screen-reader-text\">Curso de Coaching Ontol\u00f3gico Personal y Organizacional<\/span> Leer m\u00e1s &raquo;<\/a><\/p>\n","protected":false},"featured_media":4450,"template":"","meta":{"inline_featured_image":false,"site-sidebar-layout":"default","site-content-layout":"default","ast-global-header-display":"","ast-main-header-display":"","ast-hfb-above-header-display":"","ast-hfb-below-header-display":"","ast-hfb-mobile-header-display":"","site-post-title":"","ast-breadcrumbs-content":"","ast-featured-img":"","footer-sml-layout":"","theme-transparent-header-meta":"default","adv-header-id-meta":"","stick-header-meta":"","header-above-stick-meta":"","header-main-stick-meta":"","header-below-stick-meta":"","_joinchat":[]},"product_cat":[97],"product_tag":[],"class_list":["post-4449","product","type-product","status-publish","has-post-thumbnail","hentry","product_cat-cursos-de-rrhh","desktop-align-left","tablet-align-left","mobile-align-left"],"_links":{"self":[{"href":"https:\/\/nasacomputacion.com.ar\/sitio\/wp-json\/wp\/v2\/product\/4449","targetHints":{"allow":["GET"]}}],"collection":[{"href":"https:\/\/nasacomputacion.com.ar\/sitio\/wp-json\/wp\/v2\/product"}],"about":[{"href":"https:\/\/nasacomputacion.com.ar\/sitio\/wp-json\/wp\/v2\/types\/product"}],"wp:featuredmedia":[{"embeddable":true,"href":"https:\/\/nasacomputacion.com.ar\/sitio\/wp-json\/wp\/v2\/media\/4450"}],"wp:attachment":[{"href":"https:\/\/nasacomputacion.com.ar\/sitio\/wp-json\/wp\/v2\/media?parent=4449"}],"wp:term":[{"taxonomy":"product_cat","embeddable":true,"href":"https:\/\/nasacomputacion.com.ar\/sitio\/wp-json\/wp\/v2\/product_cat?post=4449"},{"taxonomy":"product_tag","embeddable":true,"href":"https:\/\/nasacomputacion.com.ar\/sitio\/wp-json\/wp\/v2\/product_tag?post=4449"}],"curies":[{"name":"wp","href":"https:\/\/api.w.org\/{rel}","templated":true}]}}