{"id":4447,"date":"2025-08-11T13:44:40","date_gmt":"2025-08-11T16:44:40","guid":{"rendered":"https:\/\/nasacomputacion.com.ar\/sitio\/?post_type=product&#038;p=4447"},"modified":"2025-10-13T15:14:39","modified_gmt":"2025-10-13T18:14:39","slug":"diplomatura-en-ceremonial-y-protocolo-social-y-empresarial","status":"publish","type":"product","link":"https:\/\/nasacomputacion.com.ar\/sitio\/producto\/diplomatura-en-ceremonial-y-protocolo-social-y-empresarial\/","title":{"rendered":"Diplomatura en Ceremonial y Protocolo Social y Empresarial"},"content":{"rendered":"<p>Curso dictado por el Centro de Capacitaci\u00f3n de la Universidad FASTA (CECAUF)<\/p>\n<div>\n<h4><a href=\"https:\/\/cecauf.com.ar\/website\/wp-content\/uploads\/2023\/01\/378-21-Hospitalidad_CECAUF_EUR-Aprobar-Curso-de-Extension-Diplomatura-en-Ceremonial-y-Protocolo-Social-y-Empresarial-2.pdf\"><strong>Aprobado por Resoluci\u00f3n Rectoral\u00a0378\/21<\/strong><\/a><\/h4>\n<\/div>\n<h4><span style=\"color: #ff6600;\"><strong>INICIO INMEDIATO\u00a0<\/strong><\/span><\/h4>\n<h4>Descripci\u00f3n:<\/h4>\n<p>El Ceremonial es un arte o disciplina, que, por medio de sus formalidades y el ordenamiento, los seres humanos tienen desde tiempos ancestrales. El poder comunicar y expresar sus respetos, posibilita un cabal entendimiento en cada oportunidad de comprender al otro. Todas las personas se relacionan y estrechan v\u00ednculos a lo largo de su vida en eventos de distinta \u00edndole, como pueden darse en el \u00e1mbito social, ejecutivo, etc. Para lograrlo exitosamente, la comunicaci\u00f3n m\u00e1s efectiva e irremplazable siempre ha sido la concreci\u00f3n de rituales que deriven en el cumplimento asertivo de los objetivos propuestos por las partes. Todo anfitri\u00f3n aspira brindar a sus invitados un servicio eficiente y un momento inolvidable que perdure dentro de sus recuerdos m\u00e1s entra\u00f1ables. Adem\u00e1s, el mundo actual y el de las organizaciones presentan un sinn\u00famero de complejidades y situaciones en donde el protocolo de la atenci\u00f3n y el recibimiento, el comportamiento, los gestos, la vestimenta y los modos, son determinantes en el desenlace de toda interacci\u00f3n. Saber transmitir nuestras apreciaciones a trav\u00e9s de formas correctas, es un deber que tiene como premisa el respeto hacia los dem\u00e1s. Por ello, toda acci\u00f3n empresarial o social conlleva la responsabilidad de ejercerla cumpliendo toda la normativa escrita o t\u00e1cita que el Protocolo requiere.<\/p>\n<p>Esta diplomatura permitir\u00e1 al cursante:<\/p>\n<ul>\n<li>Considerar al Ceremonial como el conocimiento y la pr\u00e1ctica flexible que se adapta a la idiosincrasia, las tradiciones, las costumbres y a\u00fan, a la evoluci\u00f3n de las mismas, permitiendo a los hombres vivir y celebrar la vida bas\u00e1ndose en el respeto mutuo.<\/li>\n<li>Conocer en profundidad las normas del Protocolo, posibilitando un adecuado y ordenado desarrollo de cada acci\u00f3n y acto a realizar, conformes a la pr\u00e1ctica consuetudinaria y toda la normativa vigente.<\/li>\n<li>Adquirir t\u00e9cnicas fundamentadas en el orden y la armon\u00eda para relacionarse con los dem\u00e1s.<\/li>\n<li>Acceder a los conocimientos b\u00e1sicos que requiere todo interesado\/a que desee incursionar o incorporar las habilidades para todo tipo de interacci\u00f3n en el \u00e1mbito social y ejecutivo.<\/li>\n<\/ul>\n<h4>Duraci\u00f3n<\/h4>\n<p>4 meses.<\/p>\n<h4>Carga horaria<\/h4>\n<p>400 horas.<\/p>\n<h4>Certificaci\u00f3n que se expide<\/h4>\n<p>Diplomado en Ceremonial y Protocolo Social y Empresarial.<\/p>\n<h4>Destinatarios:<\/h4>\n<p>Funcionarios y personal de organismos p\u00fablicos y de organizaciones privadas. Ongs. Empresarios o emprendedores que deseen ampliar sus conocimientos en el \u00e1rea. Profesionales y docentes. Egresados de carreras terciarias y universitarias. Personal jer\u00e1rquico y Secretarias\/os, Ejecutivas\/os de empresas. Personas mayores, vinculadas laboralmente al \u00e1rea de Ceremonial y Protocolo de forma directa o indirecta.<\/p>\n<h4>Requisitos de Ingreso:<\/h4>\n<p>No posee.<\/p>\n<h4>Modalidad de Cursado y Evaluaci\u00f3n:<\/h4>\n<p>Los cursantes de la Diplomatura podr\u00e1n acceder a la misma dentro de la Plataforma Virtual de la Universidad Fasta. En la misma, podr\u00e1n leer y descargar los materiales de apoyo, realizar actividades de autoevaluaci\u00f3n, trabajos pr\u00e1cticos y se alojar\u00e1n videos de apoyo y links de inter\u00e9s. Adem\u00e1s tendr\u00e1n un foro de consulta.<\/p>\n<p>La duraci\u00f3n es indicativa. Cada alumno podr\u00e1 avanzar a un ritmo mayor, seg\u00fan la disponibilidad de su tiempo.<\/p>\n<p>Durante la cursada, al finalizar cada m\u00f3dulo, el alumno deber\u00e1 resolver cuestionarios de autoevaluaci\u00f3n que le permitan afianzar el aprendizaje del m\u00f3dulo que est\u00e9 cursando para poder avanzar con el siguiente. Los mismos deben ser aprobados con el 60%.<\/p>\n<p>Aprobadas todas las instancias parciales, el alumno deber\u00e1 aprobar un trabajo final integrador que aborda los contenidos desarrollados.<\/p>\n","protected":false},"excerpt":{"rendered":"<p>Curso dictado por el Centro de Capacitaci\u00f3n de la Universidad FASTA (CECAUF) Aprobado por Resoluci\u00f3n Rectoral\u00a0378\/21 INICIO INMEDIATO\u00a0 Descripci\u00f3n: El Ceremonial es un arte o disciplina, que, por medio de sus formalidades y el ordenamiento, los seres humanos tienen desde tiempos ancestrales. El poder comunicar y expresar sus respetos, posibilita un cabal entendimiento en cada &hellip;<\/p>\n<p class=\"read-more\"> <a class=\"\" href=\"https:\/\/nasacomputacion.com.ar\/sitio\/producto\/diplomatura-en-ceremonial-y-protocolo-social-y-empresarial\/\"> <span class=\"screen-reader-text\">Diplomatura en Ceremonial y Protocolo Social y Empresarial<\/span> Leer m\u00e1s &raquo;<\/a><\/p>\n","protected":false},"featured_media":4448,"template":"","meta":{"inline_featured_image":false,"site-sidebar-layout":"default","site-content-layout":"default","ast-global-header-display":"","ast-main-header-display":"","ast-hfb-above-header-display":"","ast-hfb-below-header-display":"","ast-hfb-mobile-header-display":"","site-post-title":"","ast-breadcrumbs-content":"","ast-featured-img":"","footer-sml-layout":"","theme-transparent-header-meta":"default","adv-header-id-meta":"","stick-header-meta":"","header-above-stick-meta":"","header-main-stick-meta":"","header-below-stick-meta":"","_joinchat":[]},"product_cat":[97],"product_tag":[],"class_list":["post-4447","product","type-product","status-publish","has-post-thumbnail","hentry","product_cat-cursos-de-rrhh","desktop-align-left","tablet-align-left","mobile-align-left"],"_links":{"self":[{"href":"https:\/\/nasacomputacion.com.ar\/sitio\/wp-json\/wp\/v2\/product\/4447","targetHints":{"allow":["GET"]}}],"collection":[{"href":"https:\/\/nasacomputacion.com.ar\/sitio\/wp-json\/wp\/v2\/product"}],"about":[{"href":"https:\/\/nasacomputacion.com.ar\/sitio\/wp-json\/wp\/v2\/types\/product"}],"wp:featuredmedia":[{"embeddable":true,"href":"https:\/\/nasacomputacion.com.ar\/sitio\/wp-json\/wp\/v2\/media\/4448"}],"wp:attachment":[{"href":"https:\/\/nasacomputacion.com.ar\/sitio\/wp-json\/wp\/v2\/media?parent=4447"}],"wp:term":[{"taxonomy":"product_cat","embeddable":true,"href":"https:\/\/nasacomputacion.com.ar\/sitio\/wp-json\/wp\/v2\/product_cat?post=4447"},{"taxonomy":"product_tag","embeddable":true,"href":"https:\/\/nasacomputacion.com.ar\/sitio\/wp-json\/wp\/v2\/product_tag?post=4447"}],"curies":[{"name":"wp","href":"https:\/\/api.w.org\/{rel}","templated":true}]}}