{"id":4442,"date":"2025-08-08T15:44:57","date_gmt":"2025-08-08T18:44:57","guid":{"rendered":"https:\/\/nasacomputacion.com.ar\/sitio\/?post_type=product&#038;p=4442"},"modified":"2025-10-13T15:15:16","modified_gmt":"2025-10-13T18:15:16","slug":"gestion-de-rr-hh-nuevas-tendencias-en-seleccion-de-personal","status":"publish","type":"product","link":"https:\/\/nasacomputacion.com.ar\/sitio\/producto\/gestion-de-rr-hh-nuevas-tendencias-en-seleccion-de-personal\/","title":{"rendered":"Gesti\u00f3n de RR HH. Nuevas Tendencias en Selecci\u00f3n de Personal"},"content":{"rendered":"<p>Curso dictado por el Centro de Capacitaci\u00f3n de la Universidad FASTA (CECAUF)<\/p>\n<h4><strong>RESOLUCION RECTORAL N\u00b0 425\/21<\/strong><\/h4>\n<h4><span style=\"color: #ff6600;\"><strong>INICIO INMEDIATO\u00a0<\/strong><\/span><\/h4>\n<h4><strong>Descripci\u00f3n<\/strong><\/h4>\n<p>En este curso profesional el alumno aprender\u00e1 a las novedades en herramientas de reclutamiento, abarcando el an\u00e1lisis de candidatos seg\u00fan el puesto demandado y la comunicaci\u00f3n final a los mismos, as\u00ed como a desarrollar un plan Employer Branding.<\/p>\n<p><strong>\u00a0<\/strong>El estudiante desarrollar\u00e1 las siguientes competencias:<\/p>\n<ol>\n<li>Identificar y usar adecuadamente los canales de reclutamiento m\u00e1s adecuados para encontrar los candidatos que mejor se adaptan al perfil solicitado.<\/li>\n<li>Conocer las tendencias y herramientas actuales para desarrollar procesos de reclutamiento adaptados a la realidad actual.<\/li>\n<li>Realizar adecuadamente entrevista de selecci\u00f3n para identificar los candidatos m\u00e1s id\u00f3neos para un puesto de trabajo.<\/li>\n<li>Comunicar adecuadamente la decisi\u00f3n final a candidatos seleccionados y no seleccionados para comenzar con el proceso de incorporaci\u00f3n de manera \u00e1gil y eficiente.<\/li>\n<li>Aprender a desarrollar una estrategia de Employer Branding en consonancia con los valores de nuestra organizaci\u00f3n.<\/li>\n<li>Conocer las tendencias y herramientas actuales para desarrollar procesos de selecciones eficaces y eficientes.<\/li>\n<\/ol>\n<h4><strong>Duraci\u00f3n<\/strong><\/h4>\n<p>30 horas reloj.<strong><br \/>\n<\/strong><\/p>\n<h4><strong>Certificaci\u00f3n que se expide<\/strong><\/h4>\n<p>Curso Universitario: Gesti\u00f3n de RRHH. Nuevas Tendencias en Selecci\u00f3n de Personal<\/p>\n<h4><strong>Destinatarios<\/strong><\/h4>\n<p>Profesionales del \u00e1rea de gesti\u00f3n de recursos humanos, empresarios individuales, etc., poniendo especial \u00e9nfasis en aquellos trabajadores que se responsabilizan del reclutamiento y selecci\u00f3n de personal de una organizaci\u00f3n, adem\u00e1s de alumnos de \u00e1reas vinculadas a las ciencias sociales.<\/p>\n<h4><strong>Requisitos<\/strong><\/h4>\n<p>No posee requisitos de ingreso.<\/p>\n<h4><strong>Metodolog\u00eda y modalidad de ense\u00f1anza<\/strong><\/h4>\n<p>El curso se desarrolla totalmente en modalidad a distancia, a trav\u00e9s de una plataforma virtual de ense\u00f1anza-aprendizaje, disponible las 24 horas de todos los d\u00edas de la semana.\u00a0 El curso permanecer\u00e1 abierto durante 3 meses a partir de la inscripci\u00f3n.<\/p>\n<p>Las propuestas de aprendizaje permiten que cada estudiante las realice de acuerdo a sus tiempos, de manera asincr\u00f3nica. Las mismas se desarrollan a trav\u00e9s de diversos tipos de actividades, recursos y herramientas digitales tales como videos interactivos, actividades de aprendizaje y de autoevaluaci\u00f3n y material descargable de apoyo, enlaces a art\u00edculos, v\u00eddeos de dominio p\u00fablico y bibliograf\u00eda.<\/p>\n<p>Los cursos se organizan por m\u00f3dulos. Al finalizar cada uno, el alumno deber\u00e1 realizar una autoevaluaci\u00f3n que una vez aprobada, le permitir\u00e1 avanzar al m\u00f3dulo siguiente recorriendo una trayectoria de profundizaci\u00f3n del contenido y logro de las competencias espec\u00edficas. Cumplimentadas estas instancias, se finaliza el curso con una evaluaci\u00f3n integradora de los contenidos desarrollados.<\/p>\n","protected":false},"excerpt":{"rendered":"<p>Curso dictado por el Centro de Capacitaci\u00f3n de la Universidad FASTA (CECAUF) RESOLUCION RECTORAL N\u00b0 425\/21 INICIO INMEDIATO\u00a0 Descripci\u00f3n En este curso profesional el alumno aprender\u00e1 a las novedades en herramientas de reclutamiento, abarcando el an\u00e1lisis de candidatos seg\u00fan el puesto demandado y la comunicaci\u00f3n final a los mismos, as\u00ed como a desarrollar un plan &hellip;<\/p>\n<p class=\"read-more\"> <a class=\"\" href=\"https:\/\/nasacomputacion.com.ar\/sitio\/producto\/gestion-de-rr-hh-nuevas-tendencias-en-seleccion-de-personal\/\"> <span class=\"screen-reader-text\">Gesti\u00f3n de RR HH. Nuevas Tendencias en Selecci\u00f3n de Personal<\/span> Leer m\u00e1s &raquo;<\/a><\/p>\n","protected":false},"featured_media":4443,"template":"","meta":{"inline_featured_image":false,"site-sidebar-layout":"default","site-content-layout":"default","ast-global-header-display":"","ast-main-header-display":"","ast-hfb-above-header-display":"","ast-hfb-below-header-display":"","ast-hfb-mobile-header-display":"","site-post-title":"","ast-breadcrumbs-content":"","ast-featured-img":"","footer-sml-layout":"","theme-transparent-header-meta":"default","adv-header-id-meta":"","stick-header-meta":"","header-above-stick-meta":"","header-main-stick-meta":"","header-below-stick-meta":"","_joinchat":[]},"product_cat":[97],"product_tag":[],"class_list":["post-4442","product","type-product","status-publish","has-post-thumbnail","hentry","product_cat-cursos-de-rrhh","desktop-align-left","tablet-align-left","mobile-align-left"],"_links":{"self":[{"href":"https:\/\/nasacomputacion.com.ar\/sitio\/wp-json\/wp\/v2\/product\/4442","targetHints":{"allow":["GET"]}}],"collection":[{"href":"https:\/\/nasacomputacion.com.ar\/sitio\/wp-json\/wp\/v2\/product"}],"about":[{"href":"https:\/\/nasacomputacion.com.ar\/sitio\/wp-json\/wp\/v2\/types\/product"}],"wp:featuredmedia":[{"embeddable":true,"href":"https:\/\/nasacomputacion.com.ar\/sitio\/wp-json\/wp\/v2\/media\/4443"}],"wp:attachment":[{"href":"https:\/\/nasacomputacion.com.ar\/sitio\/wp-json\/wp\/v2\/media?parent=4442"}],"wp:term":[{"taxonomy":"product_cat","embeddable":true,"href":"https:\/\/nasacomputacion.com.ar\/sitio\/wp-json\/wp\/v2\/product_cat?post=4442"},{"taxonomy":"product_tag","embeddable":true,"href":"https:\/\/nasacomputacion.com.ar\/sitio\/wp-json\/wp\/v2\/product_tag?post=4442"}],"curies":[{"name":"wp","href":"https:\/\/api.w.org\/{rel}","templated":true}]}}