{"id":4439,"date":"2025-08-08T15:41:55","date_gmt":"2025-08-08T18:41:55","guid":{"rendered":"https:\/\/nasacomputacion.com.ar\/sitio\/?post_type=product&#038;p=4439"},"modified":"2025-10-13T15:15:31","modified_gmt":"2025-10-13T18:15:31","slug":"curso-universitario-transformacion-cultural-en-las-organizaciones","status":"publish","type":"product","link":"https:\/\/nasacomputacion.com.ar\/sitio\/producto\/curso-universitario-transformacion-cultural-en-las-organizaciones\/","title":{"rendered":"Curso Universitario: Transformaci\u00f3n cultural en las organizaciones"},"content":{"rendered":"<p>Curso dictado por el Centro de Capacitaci\u00f3n de la Universidad FASTA (CECAUF)<\/p>\n<h4><strong>RESOLUCION RECTORAL N\u00b0 425\/21<\/strong><\/h4>\n<h4><span style=\"color: #ff6600;\"><strong>INICIO INMEDIATO\u00a0<\/strong><\/span><\/h4>\n<h4><strong>Descripci\u00f3n<\/strong><\/h4>\n<p>En este curso profesional el alumno aprender\u00e1 las caracter\u00edsticas de la nueva realidad empresarial, abarcando aspectos como los modelos organizativos del silo XXI y modelos de gesti\u00f3n del cambio, el an\u00e1lisis de situaciones clave para la gesti\u00f3n del cambio, as\u00ed como las claves y herramientas para comunicar la nueva cultura organizacional y su filosof\u00eda de mejora continua.<\/p>\n<p><strong>\u00a0<\/strong>El estudiante desarrollar\u00e1 las siguientes competencias:<\/p>\n<ol>\n<li>Identificar adecuadamente las caracter\u00edsticas que conforman la nueva realidad empresarial para determinar los modelos organizativos existentes.<\/li>\n<li>Conocer modelos organizativos de las empresas del S.XXI para determinar las ventajas e inconvenientes de llevarlos a cabo.<\/li>\n<li>Conocer los modelos de gesti\u00f3n del cambio para su aplicaci\u00f3n al contexto organizacional.<\/li>\n<li>Conocer el modelo de gesti\u00f3n del cambio de Kotter para su aplicaci\u00f3n al contexto organizacional.<\/li>\n<li>Conocer c\u00f3mo llevar a cabo un an\u00e1lisis de situaci\u00f3n desde el punto de vista de la cultura organizativa en una empresa para detectar necesidades.<\/li>\n<li>Conocer los actores claves para el \u00e9xito de un proceso de gesti\u00f3n del cambio.<\/li>\n<li>Identificar las carencias sobre las que trabajar el proceso de transformaci\u00f3n cultural.<\/li>\n<li>Aprender a definir los retos estrat\u00e9gicos de la organizaci\u00f3n para determinar la nueva cultura organizacional.<\/li>\n<li>Aprender a gestionar y comunicar la nueva cultura de la organizaci\u00f3n para que llegue a todos los miembros.<\/li>\n<li>Conocer las claves para la capacitaci\u00f3n y empoderamiento de los l\u00edderes y los equipos de trabajo.<\/li>\n<li>Aprender a trabajar el proceso de transformaci\u00f3n como un proceso de mejora continua para la organizaci\u00f3n.<\/li>\n<li>Conocer y aplicar las metodolog\u00edas de trabajo adecuadas para trabajar con las personas y equipos que componen la organizaci\u00f3n.<\/li>\n<\/ol>\n<h4><strong>Duraci\u00f3n<\/strong><\/h4>\n<p>60 horas reloj.<strong><br \/>\n<\/strong><\/p>\n<h4><strong>Certificaci\u00f3n que se expide<\/strong><\/h4>\n<p>Curso Universitario: Transformaci\u00f3n Cultural en las Organizaciones<\/p>\n<h4><strong>Destinatarios<\/strong><\/h4>\n<p>Profesionales directivos, mandos intermedios, empresarios individuales, etc., poniendo especial \u00e9nfasis en aquellos trabajadores que se responsabilicen de la gesti\u00f3n de los recursos humanos de una empresa.<\/p>\n<h4><strong>Requisitos<\/strong><\/h4>\n<p>No posee requisitos de ingreso.<\/p>\n<h4><strong>Metodolog\u00eda y modalidad de ense\u00f1anza<\/strong><\/h4>\n<p>El curso se desarrolla totalmente en modalidad a distancia, a trav\u00e9s de una plataforma virtual de ense\u00f1anza-aprendizaje, disponible las 24 horas de todos los d\u00edas de la semana.\u00a0 El curso permanecer\u00e1 abierto durante 3 meses a partir de la inscripci\u00f3n.<\/p>\n<p>Las propuestas de aprendizaje permiten que cada estudiante las realice de acuerdo a sus tiempos, de manera asincr\u00f3nica. Las mismas se desarrollan a trav\u00e9s de diversos tipos de actividades, recursos y herramientas digitales tales como videos interactivos, actividades de aprendizaje y de autoevaluaci\u00f3n y material descargable de apoyo, enlaces a art\u00edculos, v\u00eddeos de dominio p\u00fablico y bibliograf\u00eda.<\/p>\n<p>Los cursos se organizan por m\u00f3dulos. Al finalizar cada uno, el alumno deber\u00e1 realizar una autoevaluaci\u00f3n que una vez aprobada, le permitir\u00e1 avanzar al m\u00f3dulo siguiente recorriendo una trayectoria de profundizaci\u00f3n del contenido y logro de las competencias espec\u00edficas. Cumplimentadas estas instancias, se finaliza el curso con una evaluaci\u00f3n integradora de los contenidos desarrollados.<\/p>\n","protected":false},"excerpt":{"rendered":"<p>Curso dictado por el Centro de Capacitaci\u00f3n de la Universidad FASTA (CECAUF) RESOLUCION RECTORAL N\u00b0 425\/21 INICIO INMEDIATO\u00a0 Descripci\u00f3n En este curso profesional el alumno aprender\u00e1 las caracter\u00edsticas de la nueva realidad empresarial, abarcando aspectos como los modelos organizativos del silo XXI y modelos de gesti\u00f3n del cambio, el an\u00e1lisis de situaciones clave para la &hellip;<\/p>\n<p class=\"read-more\"> <a class=\"\" href=\"https:\/\/nasacomputacion.com.ar\/sitio\/producto\/curso-universitario-transformacion-cultural-en-las-organizaciones\/\"> <span class=\"screen-reader-text\">Curso Universitario: Transformaci\u00f3n cultural en las organizaciones<\/span> Leer m\u00e1s &raquo;<\/a><\/p>\n","protected":false},"featured_media":4441,"template":"","meta":{"inline_featured_image":false,"site-sidebar-layout":"default","site-content-layout":"default","ast-global-header-display":"","ast-main-header-display":"","ast-hfb-above-header-display":"","ast-hfb-below-header-display":"","ast-hfb-mobile-header-display":"","site-post-title":"","ast-breadcrumbs-content":"","ast-featured-img":"","footer-sml-layout":"","theme-transparent-header-meta":"default","adv-header-id-meta":"","stick-header-meta":"","header-above-stick-meta":"","header-main-stick-meta":"","header-below-stick-meta":"","_joinchat":[]},"product_cat":[97],"product_tag":[],"class_list":["post-4439","product","type-product","status-publish","has-post-thumbnail","hentry","product_cat-cursos-de-rrhh","desktop-align-left","tablet-align-left","mobile-align-left"],"_links":{"self":[{"href":"https:\/\/nasacomputacion.com.ar\/sitio\/wp-json\/wp\/v2\/product\/4439","targetHints":{"allow":["GET"]}}],"collection":[{"href":"https:\/\/nasacomputacion.com.ar\/sitio\/wp-json\/wp\/v2\/product"}],"about":[{"href":"https:\/\/nasacomputacion.com.ar\/sitio\/wp-json\/wp\/v2\/types\/product"}],"wp:featuredmedia":[{"embeddable":true,"href":"https:\/\/nasacomputacion.com.ar\/sitio\/wp-json\/wp\/v2\/media\/4441"}],"wp:attachment":[{"href":"https:\/\/nasacomputacion.com.ar\/sitio\/wp-json\/wp\/v2\/media?parent=4439"}],"wp:term":[{"taxonomy":"product_cat","embeddable":true,"href":"https:\/\/nasacomputacion.com.ar\/sitio\/wp-json\/wp\/v2\/product_cat?post=4439"},{"taxonomy":"product_tag","embeddable":true,"href":"https:\/\/nasacomputacion.com.ar\/sitio\/wp-json\/wp\/v2\/product_tag?post=4439"}],"curies":[{"name":"wp","href":"https:\/\/api.w.org\/{rel}","templated":true}]}}