{"id":4423,"date":"2025-08-08T14:49:38","date_gmt":"2025-08-08T17:49:38","guid":{"rendered":"https:\/\/nasacomputacion.com.ar\/sitio\/?post_type=product&#038;p=4423"},"modified":"2025-10-13T15:10:21","modified_gmt":"2025-10-13T18:10:21","slug":"curso-universitario-venta-online-ecommerce","status":"publish","type":"product","link":"https:\/\/nasacomputacion.com.ar\/sitio\/producto\/curso-universitario-venta-online-ecommerce\/","title":{"rendered":"Curso Universitario: Venta Online (eCommerce)"},"content":{"rendered":"<p>Curso dictado por el Centro de Capacitaci\u00f3n de la Universidad FASTA (CECAUF)<\/p>\n<h4><strong>RESOLUCION RECTORAL N\u00b0 425\/21<\/strong><\/h4>\n<h4><span style=\"color: #ff6600;\"><strong>INICIO INMEDIATO\u00a0<\/strong><\/span><\/h4>\n<h4><strong>Descripci\u00f3n<\/strong><\/h4>\n<p>En este curso profesional el alumno aprender\u00e1 lo aspectos importantes en un eCommerce, para poder valorar el desarrollo de uno, abarcando aspectos como los econ\u00f3micos, la determinaci\u00f3n de la plataforma de pago, el dise\u00f1o del eCommerce, los distintos canales de Marketing, las t\u00e9cnicas y principios de User Experience (UX) y Conversion Rate Optimization (CRO), los aspectos log\u00edsticos, as\u00ed como los diferentes canales de atenci\u00f3n al cliente, los aspectos legales y la anal\u00edtica de un eCommerce.<\/p>\n<p><strong>\u00a0<\/strong>El estudiante desarrollar\u00e1 las siguientes competencias:<\/p>\n<ol>\n<li>Conceptualizar y conocer todos los aspectos importantes de un eCommerce para poder valorar la idoneidad de lanzar uno.<\/li>\n<li>Conocer los principales aspectos econ\u00f3micos de un eCommerce para poder valorar la creaci\u00f3n de uno.<\/li>\n<li>Reconocer los principales gestores de contenido (CMS) y plataformas de pago existentes para eCommerce para poder elegir las m\u00e1s adecuadas en cada proyecto.<\/li>\n<li>Diferenciar los principales aspectos de imagen y dise\u00f1o de un eCommerce para que se ajuste a lo que queremos transmitir.<\/li>\n<li>Distinguir los distintos canales de marketing que puede utilizar un eCommerce para poder elegir los m\u00e1s adecuados en cada proyecto.<\/li>\n<li>Aplicar distintas t\u00e9cnicas y principios de User Experience (UX) aplicables al eCommerce para crear sitios f\u00e1ciles e intuitivos y minimizar errores.<\/li>\n<li>Aplicar distintas t\u00e9cnicas y principios de la Conversion Rate Optmization (CRO) aplicables al eCommerce para crear sitios orientados a conversi\u00f3n.<\/li>\n<li>Conocer los principales aspectos log\u00edsticos de un eCommerce para poder valorarlos si se quiere montar uno.<\/li>\n<li>Reconocer los distintos canales de atenci\u00f3n al cliente que puede utilizar un eCommerce para poder elegir los m\u00e1s adecuados en cada proyecto.<\/li>\n<li>Distinguir los principales aspectos legales de un eCommerce para poder valorarlos si se quiere montar uno.<\/li>\n<li>Conocer las principales m\u00e9tricas y KPIs de un eCommerce para conocer su estado y evoluci\u00f3n y acciones a acometer.<\/li>\n<\/ol>\n<h4><strong>Duraci\u00f3n<\/strong><\/h4>\n<p>35 horas reloj.<strong><br \/>\n<\/strong><\/p>\n<h4><strong>Certificaci\u00f3n que se expide<\/strong><\/h4>\n<p>Curso Universitario: Venta Online (Ecommerce)<\/p>\n<h4><strong>Destinatarios<\/strong><\/h4>\n<p>Profesionales de cualquier sector que est\u00e9n interesado en ampliar su mercado de ventas a nivel online, poniendo especial \u00e9nfasis en Directivos y Mandos Intermedios, Personal de Tecnolog\u00eda eCommerce, Marketing eCommerce, Log\u00edstica, ATC eCommerce, etc.<\/p>\n<h4><strong>Requisitos<\/strong><\/h4>\n<p>No posee requisitos de ingreso.<\/p>\n<h4><strong>Metodolog\u00eda y modalidad de ense\u00f1anza<\/strong><\/h4>\n<p>El curso se desarrolla totalmente en modalidad a distancia, a trav\u00e9s de una plataforma virtual de ense\u00f1anza-aprendizaje, disponible las 24 horas de todos los d\u00edas de la semana.\u00a0 El curso permanecer\u00e1 abierto durante 3 meses a partir de la inscripci\u00f3n.<\/p>\n<p>Las propuestas de aprendizaje permiten que cada estudiante las realice de acuerdo a sus tiempos, de manera asincr\u00f3nica. Las mismas se desarrollan a trav\u00e9s de diversos tipos de actividades, recursos y herramientas digitales tales como videos interactivos, actividades de aprendizaje y de autoevaluaci\u00f3n y material descargable de apoyo, enlaces a art\u00edculos, v\u00eddeos de dominio p\u00fablico y bibliograf\u00eda.<\/p>\n<p>Los cursos se organizan por m\u00f3dulos. Al finalizar cada uno, el alumno deber\u00e1 realizar una autoevaluaci\u00f3n que una vez aprobada, le permitir\u00e1 avanzar al m\u00f3dulo siguiente recorriendo una trayectoria de profundizaci\u00f3n del contenido y logro de las competencias espec\u00edficas. Cumplimentadas estas instancias, se finaliza el curso con una evaluaci\u00f3n integradora de los contenidos desarrollados.<\/p>\n","protected":false},"excerpt":{"rendered":"<p>Curso dictado por el Centro de Capacitaci\u00f3n de la Universidad FASTA (CECAUF) RESOLUCION RECTORAL N\u00b0 425\/21 INICIO INMEDIATO\u00a0 Descripci\u00f3n En este curso profesional el alumno aprender\u00e1 lo aspectos importantes en un eCommerce, para poder valorar el desarrollo de uno, abarcando aspectos como los econ\u00f3micos, la determinaci\u00f3n de la plataforma de pago, el dise\u00f1o del eCommerce, &hellip;<\/p>\n<p class=\"read-more\"> <a class=\"\" href=\"https:\/\/nasacomputacion.com.ar\/sitio\/producto\/curso-universitario-venta-online-ecommerce\/\"> <span class=\"screen-reader-text\">Curso Universitario: Venta Online (eCommerce)<\/span> Leer m\u00e1s &raquo;<\/a><\/p>\n","protected":false},"featured_media":4424,"template":"","meta":{"inline_featured_image":false,"site-sidebar-layout":"default","site-content-layout":"default","ast-global-header-display":"","ast-main-header-display":"","ast-hfb-above-header-display":"","ast-hfb-below-header-display":"","ast-hfb-mobile-header-display":"","site-post-title":"","ast-breadcrumbs-content":"","ast-featured-img":"","footer-sml-layout":"","theme-transparent-header-meta":"default","adv-header-id-meta":"","stick-header-meta":"","header-above-stick-meta":"","header-main-stick-meta":"","header-below-stick-meta":"","_joinchat":[]},"product_cat":[87],"product_tag":[],"class_list":["post-4423","product","type-product","status-publish","has-post-thumbnail","hentry","product_cat-administracion-y-marketing","desktop-align-left","tablet-align-left","mobile-align-left"],"_links":{"self":[{"href":"https:\/\/nasacomputacion.com.ar\/sitio\/wp-json\/wp\/v2\/product\/4423","targetHints":{"allow":["GET"]}}],"collection":[{"href":"https:\/\/nasacomputacion.com.ar\/sitio\/wp-json\/wp\/v2\/product"}],"about":[{"href":"https:\/\/nasacomputacion.com.ar\/sitio\/wp-json\/wp\/v2\/types\/product"}],"wp:featuredmedia":[{"embeddable":true,"href":"https:\/\/nasacomputacion.com.ar\/sitio\/wp-json\/wp\/v2\/media\/4424"}],"wp:attachment":[{"href":"https:\/\/nasacomputacion.com.ar\/sitio\/wp-json\/wp\/v2\/media?parent=4423"}],"wp:term":[{"taxonomy":"product_cat","embeddable":true,"href":"https:\/\/nasacomputacion.com.ar\/sitio\/wp-json\/wp\/v2\/product_cat?post=4423"},{"taxonomy":"product_tag","embeddable":true,"href":"https:\/\/nasacomputacion.com.ar\/sitio\/wp-json\/wp\/v2\/product_tag?post=4423"}],"curies":[{"name":"wp","href":"https:\/\/api.w.org\/{rel}","templated":true}]}}