{"id":4413,"date":"2025-03-26T15:34:09","date_gmt":"2025-03-26T18:34:09","guid":{"rendered":"https:\/\/nasacomputacion.com.ar\/sitio\/?post_type=product&#038;p=4413"},"modified":"2025-10-13T15:10:46","modified_gmt":"2025-10-13T18:10:46","slug":"curso-universitario-de-secretariado-administrativo","status":"publish","type":"product","link":"https:\/\/nasacomputacion.com.ar\/sitio\/producto\/curso-universitario-de-secretariado-administrativo\/","title":{"rendered":"Curso Universitario de Secretariado Administrativo"},"content":{"rendered":"<p>Curso dictado por el Centro de Capacitaci\u00f3n de la Universidad FASTA (CECAUF)<\/p>\n<h4><span style=\"color: #3366ff;\"><strong><a style=\"color: #3366ff;\" href=\"https:\/\/drive.google.com\/file\/d\/1Nz2Sm8a2cSXusNNXjm5JgRmBf7Puvlbh\/view?usp=sharing\">RESOLUCI\u00d3N RECTORAL N\u00b0 306\/21 y Modificatoria 077\/22<\/a><\/strong><\/span><\/h4>\n<h4><span style=\"color: #ff6600;\"><strong>INICIO INMEDIATO\u00a0<\/strong><\/span><\/h4>\n<h4><strong>Descripci\u00f3n<\/strong><\/h4>\n<p>Esta capacitaci\u00f3n desarrolla contenidos para conocer mejor el funcionamiento de las organizaciones en general, brinda la posibilidad de practicar cuestiones b\u00e1sicas inherentes a cualquier puesto administrativo general y ofrece herramientas para desarrollar el trabajo de manera remota.<\/p>\n<p>A trav\u00e9s de este curso corto y compacto, de s\u00f3lo 3 meses de duraci\u00f3n, el estudiante lograr\u00e1 mejorar su competitividad en el mercado laboral e insertarse exitosamente.<\/p>\n<h4><strong>Objetivos:<\/strong><\/h4>\n<p>Con esta capacitaci\u00f3n el alumno adquirir\u00e1 conocimientos sobre:<\/p>\n<ul>\n<li>Las organizaciones, su clasificaci\u00f3n y conceptos b\u00e1sicos del funcionamiento de las mismas.<\/li>\n<li>El mercado laboral, su funcionamiento y c\u00f3mo realizar un Curr\u00edculum Vitae atractivo y herramientas para participar en procesos de selecci\u00f3n de personal.<\/li>\n<li>Comunicaci\u00f3n en el trabajo, para atender al p\u00fablico, asesorar a los clientes y llevar adelante un proceso de venta personal.<\/li>\n<li>Documentos comerciales involucrados en los procesos de compra-venta y pago-cobro de la organizaci\u00f3n.<\/li>\n<li>Liquidaci\u00f3n de sueldos, diferentes conceptos que componen un sueldo laboral y c\u00f3mo calcular cada uno de ellos.<\/li>\n<li>Herramientas inform\u00e1ticas para el desempe\u00f1o laboral diario en una oficina.<\/li>\n<\/ul>\n<h4><strong>Duraci\u00f3n<\/strong><\/h4>\n<p>80 horas reloj.<strong><br \/>\n<\/strong><\/p>\n<h4><strong>Certificaci\u00f3n que se expide<\/strong><\/h4>\n<p>Curso Universitario de Secretariado Administrativo<\/p>\n<h4><strong>Destinatarios<\/strong><\/h4>\n<p>P\u00fablico interesado en formarse en el desempe\u00f1o de tareas administrativas:<\/p>\n<p>-Aspirantes a puestos administrativos sin conocimientos previos.<\/p>\n<p>-Empleados de trabajos administrativos que deseen capacitarse y adquirir herramientas que mejoren su desempe\u00f1o.<\/p>\n<h4><strong>Requisitos<\/strong><\/h4>\n<p>T\u00edtulo Secundario<\/p>\n<h4><strong>Metodolog\u00eda y modalidad de ense\u00f1anza<\/strong><\/h4>\n<p>El Curso\u00a0 es totalmente a distancia, el\u00a0 alumno\u00a0 se inscribe\u00a0 y recibe un\u00a0 usuario y contrase\u00f1a que le permite\u00a0 acceder a la plataforma virtual donde se desarrollan todos los contenidos.<\/p>\n<p>El\u00a0 mismo est\u00e1 dividido\u00a0 en tres m\u00f3dulos, cada uno\u00a0 cuenta con material de lectura te\u00f3rico para descargar,\u00a0 videos con desarrollo de los temas por parte del docente y material de apoyo como enlaces a art\u00edculos, v\u00eddeos de dominio p\u00fablico y bibliograf\u00eda\u00a0 que permiten al alumno aprender a su ritmo, manejando sus tiempos.<\/p>\n<p>Al finalizar cada m\u00f3dulo\u00a0 el alumno realizar\u00e1 una\u00a0 autoevaluaci\u00f3n que deber\u00e1 ser aprobada para avanzar al m\u00f3dulo siguiente.<\/p>\n<p>El docente ir\u00e1 evaluando a los alumnos a trav\u00e9s de \u00e9stas actividades, y los acompa\u00f1ar\u00e1 atendiendo\u00a0 las consultas particulares a trav\u00e9s de mensajer\u00eda interna y foros de consultas<\/p>\n<p>Al finalizar los m\u00f3dulos propuestos, el alumno deber\u00e1 aprobar un trabajo pr\u00e1ctico integrador, que de cuenta de los aprendizajes del campo administrativo e inform\u00e1tico,\u00a0 con el cual finalizar\u00e1 la capacitaci\u00f3n.<\/p>\n<h4><a href=\"https:\/\/cecauf.com.ar\/website\/wp-content\/uploads\/2025\/03\/programa-secretariado.pdf\" target=\"_blank\" rel=\"noopener\"><strong>PROGRAMA<\/strong><\/a><\/h4>\n","protected":false},"excerpt":{"rendered":"<p>Curso dictado por el Centro de Capacitaci\u00f3n de la Universidad FASTA (CECAUF) RESOLUCI\u00d3N RECTORAL N\u00b0 306\/21 y Modificatoria 077\/22 INICIO INMEDIATO\u00a0 Descripci\u00f3n Esta capacitaci\u00f3n desarrolla contenidos para conocer mejor el funcionamiento de las organizaciones en general, brinda la posibilidad de practicar cuestiones b\u00e1sicas inherentes a cualquier puesto administrativo general y ofrece herramientas para desarrollar el &hellip;<\/p>\n<p class=\"read-more\"> <a class=\"\" href=\"https:\/\/nasacomputacion.com.ar\/sitio\/producto\/curso-universitario-de-secretariado-administrativo\/\"> <span class=\"screen-reader-text\">Curso Universitario de Secretariado Administrativo<\/span> Leer m\u00e1s &raquo;<\/a><\/p>\n","protected":false},"featured_media":4414,"template":"","meta":{"inline_featured_image":false,"site-sidebar-layout":"default","site-content-layout":"default","ast-global-header-display":"","ast-main-header-display":"","ast-hfb-above-header-display":"","ast-hfb-below-header-display":"","ast-hfb-mobile-header-display":"","site-post-title":"","ast-breadcrumbs-content":"","ast-featured-img":"","footer-sml-layout":"","theme-transparent-header-meta":"default","adv-header-id-meta":"","stick-header-meta":"","header-above-stick-meta":"","header-main-stick-meta":"","header-below-stick-meta":"","_joinchat":[]},"product_cat":[87],"product_tag":[],"class_list":["post-4413","product","type-product","status-publish","has-post-thumbnail","hentry","product_cat-administracion-y-marketing","desktop-align-left","tablet-align-left","mobile-align-left"],"_links":{"self":[{"href":"https:\/\/nasacomputacion.com.ar\/sitio\/wp-json\/wp\/v2\/product\/4413","targetHints":{"allow":["GET"]}}],"collection":[{"href":"https:\/\/nasacomputacion.com.ar\/sitio\/wp-json\/wp\/v2\/product"}],"about":[{"href":"https:\/\/nasacomputacion.com.ar\/sitio\/wp-json\/wp\/v2\/types\/product"}],"wp:featuredmedia":[{"embeddable":true,"href":"https:\/\/nasacomputacion.com.ar\/sitio\/wp-json\/wp\/v2\/media\/4414"}],"wp:attachment":[{"href":"https:\/\/nasacomputacion.com.ar\/sitio\/wp-json\/wp\/v2\/media?parent=4413"}],"wp:term":[{"taxonomy":"product_cat","embeddable":true,"href":"https:\/\/nasacomputacion.com.ar\/sitio\/wp-json\/wp\/v2\/product_cat?post=4413"},{"taxonomy":"product_tag","embeddable":true,"href":"https:\/\/nasacomputacion.com.ar\/sitio\/wp-json\/wp\/v2\/product_tag?post=4413"}],"curies":[{"name":"wp","href":"https:\/\/api.w.org\/{rel}","templated":true}]}}