{"id":4409,"date":"2025-03-26T15:29:20","date_gmt":"2025-03-26T18:29:20","guid":{"rendered":"https:\/\/nasacomputacion.com.ar\/sitio\/?post_type=product&#038;p=4409"},"modified":"2025-10-13T15:08:23","modified_gmt":"2025-10-13T18:08:23","slug":"curso-universitario-power-pivot-creacion-y-normalizacion-de-un-data-warehouse-para-excel","status":"publish","type":"product","link":"https:\/\/nasacomputacion.com.ar\/sitio\/producto\/curso-universitario-power-pivot-creacion-y-normalizacion-de-un-data-warehouse-para-excel\/","title":{"rendered":"Curso Universitario: Power Pivot. Creaci\u00f3n y Normalizaci\u00f3n de un Data Warehouse para Excel"},"content":{"rendered":"<p>Curso dictado por el Centro de Capacitaci\u00f3n de la Universidad FASTA (CECAUF)<\/p>\n<h4><strong>RESOLUCION RECTORAL N\u00b0 425\/21<\/strong><\/h4>\n<h4><span style=\"color: #ff6600;\"><strong>INICIO INMEDIATO\u00a0<\/strong><\/span><\/h4>\n<h4><strong>Descripci\u00f3n<\/strong><\/h4>\n<p>En este curso profesional el alumno aprender\u00e1 sobre la creaci\u00f3n normalizaci\u00f3n de un Data Warehouse para Excel mediante Power Pivot.<\/p>\n<p>El estudiante desarrollar\u00e1 las siguientes competencias:<\/p>\n<ol>\n<li>Conocer los fundamentos esenciales de Power BI y el flujo natural de trabajo para manejar el programa de forma eficaz.<\/li>\n<li>Conocer y experimentar con t\u00e9cnicas que proporcionen modelos de datos bien estructurados y eficientes.<\/li>\n<li>Ser capaz de obtener datos de diferentes fuentes de datos y transformarlos y ordenarlos adecu\u00e1ndolos a nuestras necesidades<\/li>\n<li>Conocer adecuadamente los conceptos relacionados con la inteligencia de tiempo y aplicarlos en la creaci\u00f3n de nuevos elementos.<\/li>\n<li>Obtener la capacidad de generar de forma efectiva nuevos elementos y campos en el modelo de datos a partir de c\u00e1lculos y funciones avanzadas para completar y enriquecer nuestro trabajo.<\/li>\n<li>Utilizar el contenido desarrollado para generar informes visualmente atractivos dentro de la aplicaci\u00f3n de c\u00e1lculo (excel).<\/li>\n<li>Crear nuevos contenidos, tanto datos como visuales, a partir del contenido del modelo de datos volc\u00e1ndolos en nuevos tipos de visualizaci\u00f3n.<\/li>\n<li>Conocer, de forma introductoria, un nuevo lenguaje de funciones y aplicarlo de forma efectiva en operaciones que aumenten las posibilidades de nuestro modelo.<\/li>\n<li>Crear y exponer visualizaciones de nuestros datos de forma comprensible para crear informes y elementos visuales complejos.<\/li>\n<\/ol>\n<h4><strong>Duraci\u00f3n<\/strong><\/h4>\n<p>40 horas reloj.<strong><br \/>\n<\/strong><\/p>\n<h4><strong>Certificaci\u00f3n que se expide<\/strong><\/h4>\n<p>Curso Universitario: Power Pivot. Creaci\u00f3n y Normalizaci\u00f3n de un Data Warehouse para Excel<\/p>\n<h4><strong>Destinatarios<\/strong><\/h4>\n<p>Profesionales de cualquier sector que quieran mejorar sus t\u00e9cnicas en el uso de las bases de datos, poniendo especial \u00e9nfasis en trabajadores que se responsabilicen del proceso de datos.<\/p>\n<h4><strong>Requisitos<\/strong><\/h4>\n<p>No posee requisitos de ingreso.<\/p>\n<h4><strong>Metodolog\u00eda y modalidad de ense\u00f1anza<\/strong><\/h4>\n<p>El curso se desarrolla totalmente en modalidad a distancia, a trav\u00e9s de una plataforma virtual de ense\u00f1anza-aprendizaje, disponible las 24 horas de todos los d\u00edas de la semana.\u00a0 El curso permanecer\u00e1 abierto durante 3 meses a partir de la inscripci\u00f3n.<\/p>\n<p>Las propuestas de aprendizaje permiten que cada estudiante las realice de acuerdo a sus tiempos, de manera asincr\u00f3nica. Las mismas se desarrollan a trav\u00e9s de diversos tipos de actividades, recursos y herramientas digitales tales como videos interactivos, actividades de aprendizaje y de autoevaluaci\u00f3n y material descargable de apoyo, enlaces a art\u00edculos, v\u00eddeos de dominio p\u00fablico y bibliograf\u00eda.<\/p>\n<p>Los cursos se organizan por m\u00f3dulos. Al finalizar cada uno, el alumno deber\u00e1 realizar una autoevaluaci\u00f3n que una vez aprobada, le permitir\u00e1 avanzar al m\u00f3dulo siguiente recorriendo una trayectoria de profundizaci\u00f3n del contenido y logro de las competencias espec\u00edficas. Cumplimentadas estas instancias, se finaliza el curso con una evaluaci\u00f3n integradora de los contenidos desarrollados.<\/p>\n","protected":false},"excerpt":{"rendered":"<p>Curso dictado por el Centro de Capacitaci\u00f3n de la Universidad FASTA (CECAUF) RESOLUCION RECTORAL N\u00b0 425\/21 INICIO INMEDIATO\u00a0 Descripci\u00f3n En este curso profesional el alumno aprender\u00e1 sobre la creaci\u00f3n normalizaci\u00f3n de un Data Warehouse para Excel mediante Power Pivot. El estudiante desarrollar\u00e1 las siguientes competencias: Conocer los fundamentos esenciales de Power BI y el flujo &hellip;<\/p>\n<p class=\"read-more\"> <a class=\"\" href=\"https:\/\/nasacomputacion.com.ar\/sitio\/producto\/curso-universitario-power-pivot-creacion-y-normalizacion-de-un-data-warehouse-para-excel\/\"> <span class=\"screen-reader-text\">Curso Universitario: Power Pivot. Creaci\u00f3n y Normalizaci\u00f3n de un Data Warehouse para Excel<\/span> Leer m\u00e1s &raquo;<\/a><\/p>\n","protected":false},"featured_media":4410,"template":"","meta":{"inline_featured_image":false,"site-sidebar-layout":"default","site-content-layout":"default","ast-global-header-display":"","ast-main-header-display":"","ast-hfb-above-header-display":"","ast-hfb-below-header-display":"","ast-hfb-mobile-header-display":"","site-post-title":"","ast-breadcrumbs-content":"","ast-featured-img":"","footer-sml-layout":"","theme-transparent-header-meta":"default","adv-header-id-meta":"","stick-header-meta":"","header-above-stick-meta":"","header-main-stick-meta":"","header-below-stick-meta":"","_joinchat":[]},"product_cat":[79],"product_tag":[],"class_list":["post-4409","product","type-product","status-publish","has-post-thumbnail","hentry","product_cat-herramientas-office","desktop-align-left","tablet-align-left","mobile-align-left"],"_links":{"self":[{"href":"https:\/\/nasacomputacion.com.ar\/sitio\/wp-json\/wp\/v2\/product\/4409","targetHints":{"allow":["GET"]}}],"collection":[{"href":"https:\/\/nasacomputacion.com.ar\/sitio\/wp-json\/wp\/v2\/product"}],"about":[{"href":"https:\/\/nasacomputacion.com.ar\/sitio\/wp-json\/wp\/v2\/types\/product"}],"wp:featuredmedia":[{"embeddable":true,"href":"https:\/\/nasacomputacion.com.ar\/sitio\/wp-json\/wp\/v2\/media\/4410"}],"wp:attachment":[{"href":"https:\/\/nasacomputacion.com.ar\/sitio\/wp-json\/wp\/v2\/media?parent=4409"}],"wp:term":[{"taxonomy":"product_cat","embeddable":true,"href":"https:\/\/nasacomputacion.com.ar\/sitio\/wp-json\/wp\/v2\/product_cat?post=4409"},{"taxonomy":"product_tag","embeddable":true,"href":"https:\/\/nasacomputacion.com.ar\/sitio\/wp-json\/wp\/v2\/product_tag?post=4409"}],"curies":[{"name":"wp","href":"https:\/\/api.w.org\/{rel}","templated":true}]}}