{"id":4400,"date":"2025-03-26T14:26:14","date_gmt":"2025-03-26T17:26:14","guid":{"rendered":"https:\/\/nasacomputacion.com.ar\/sitio\/?post_type=product&#038;p=4400"},"modified":"2025-10-13T15:09:08","modified_gmt":"2025-10-13T18:09:08","slug":"curso-universitario-de-programacion-en-python","status":"publish","type":"product","link":"https:\/\/nasacomputacion.com.ar\/sitio\/producto\/curso-universitario-de-programacion-en-python\/","title":{"rendered":"Curso Universitario de Programaci\u00f3n en Python"},"content":{"rendered":"<p>Curso dictado por el Centro de Capacitaci\u00f3n de la Universidad FASTA (CECAUF)<\/p>\n<h4><a href=\"https:\/\/cecauf.com.ar\/website\/wp-content\/uploads\/2022\/11\/434-22-Ingenieria_CECAUF_EUR-A-probar-Curso-de-Extension-Universitario_Curso-Universitario-de-Pro-gramacion-en-Python-Nivel-I.pdf\">N\u00b0 RESOLUCI\u00d3N RECTORAL 434\/22<\/a><\/h4>\n<h4><span style=\"color: #ff6600;\"><strong>INICIO INMEDIATO\u00a0<\/strong><\/span><\/h4>\n<h4><strong>Descripci\u00f3n<\/strong><\/h4>\n<p>Actualmente la programaci\u00f3n es una de las \u00e1reas con m\u00e1s crecimiento, desarrollo y demanda, debido principalmente a la gran variedad de sus aplicaciones. Los usos que devienen de la aplicaci\u00f3n de esta herramienta; van desde el desarrollo de apps, al manejo y an\u00e1lisis de datos, para su uso en aplicaciones pr\u00e1cticas en el \u00e1mbito econ\u00f3mico, ling\u00fc\u00edstico, inform\u00e1tico, cient\u00edfico e inteligencia artificial, entre otros campos.<\/p>\n<p>\u00bfPor qu\u00e9 Python? Python ha surgido en las \u00faltimas dos d\u00e9cadas como una herramienta de primera clase para tareas de computaci\u00f3n cient\u00edfica, incluido el an\u00e1lisis y visualizaci\u00f3n de grandes conjuntos de datos y automatizaci\u00f3n de procesos. Aprender a programar con este lenguaje implica entender los conocimientos te\u00f3ricos del mismo, utilizando algoritmos provenientes del \u00e1rea matem\u00e1tico &#8211; computacional. Se propone iniciar el proceso con operaciones muy sencillas e ir complejiz\u00e1ndolas a medida que avance el curso.<\/p>\n<p>La utilidad de Python para el <em>Data Science<\/em> se deriva principalmente del ecosistema grande y activo de paquetes de terceros: NumPy para la <strong>manipulaci\u00f3n de datos homog\u00e9neos <\/strong>basados \u200b\u200ben matrices, Pandas para la <strong>manipulaci\u00f3n de datos heterog\u00e9neos y etiquetados<\/strong>, SciPy para <strong>tareas inform\u00e1ticas cient\u00edficas comunes<\/strong>, Matplotlib para las <strong>visualizaciones<\/strong>, IPython para <strong>ejecuci\u00f3n interactiva<\/strong> y uso compartido de c\u00f3digo, Scikit-Learn para <strong>aprendizaje autom\u00e1tico<\/strong> y muchas m\u00e1s herramientas.<\/p>\n<h4><strong>Objetivos<\/strong><\/h4>\n<p>En este curso se brindar\u00e1n los conocimientos necesarios para comprender las bases del programa y realizar tareas de programaci\u00f3n con el lenguaje de programaci\u00f3n Python.<\/p>\n<p>Al finalizar el mismo, el alumno tendr\u00e1 herramientas para:<\/p>\n<p>-Programar en el lenguaje Python, comenzando con conceptos b\u00e1sicos hasta la implementaci\u00f3n en situaciones problem\u00e1ticas concretas.<\/p>\n<p>-Implementar estructuras de datos del lenguaje de programaci\u00f3n Python, como listas, diccionarios y tuplas, que le permitir\u00e1n realizar an\u00e1lisis de datos cada vez m\u00e1s complejos.<\/p>\n<p>-Construir, depurar, corregir y modificar programas mediante el uso de instrucciones simples y estrategias de an\u00e1lisis y b\u00fasqueda de errores.<\/p>\n<h4><strong>Duraci\u00f3n<\/strong><\/h4>\n<p>80 horas reloj.<strong><br \/>\n<\/strong><\/p>\n<h4><strong>Certificaci\u00f3n que se expide<\/strong><\/h4>\n<p><em>Certificado expedido por la Universidad Fasta<br \/>\n<\/em>Curso Universitario de Programaci\u00f3n en Python. Nivel I<\/p>\n<h4><strong>Destinatarios<\/strong><\/h4>\n<p>Este curso de Python est\u00e1 orientado a interesados en introducirse en el mundo de la programaci\u00f3n en general y en el lenguaje <em>Python<\/em> en particular, profesionales de la matem\u00e1tica o las ciencias exactas, administradores de sistemas, estudiantes, docentes, entusiastas de la inform\u00e1tica y p\u00fablico en general.<\/p>\n<h4><strong>Requisitos<\/strong><\/h4>\n<p>No posee requisitos de ingreso.<\/p>\n<h4><strong>Modalidad de cursado y evaluaci\u00f3n<\/strong><\/h4>\n<p>El Curso se desarrolla completamente a distancia. Una vez realizada la inscripci\u00f3n, el estudiante recibe un\u00a0usuario\u00a0y\u00a0contrase\u00f1a que le permite\u00a0acceder a la plataforma virtual donde se desarrollan todos los contenidos.<\/p>\n<p>El\u00a0mismo est\u00e1 dividido\u00a0en m\u00f3dulos, cada uno\u00a0 cuenta con material de lectura te\u00f3rico para descargar,\u00a0 videos con desarrollo de los temas por parte del docente\u00a0y\u00a0material de apoyo como enlaces a art\u00edculos, v\u00eddeos de dominio p\u00fablico\u00a0y\u00a0bibliograf\u00eda\u00a0 que permiten al alumno aprender a su ritmo, manejando sus tiempos.<\/p>\n<p>Al finalizar cada m\u00f3dulo\u00a0el alumno realizar\u00e1 una\u00a0autoevaluaci\u00f3n que deber\u00e1 ser aprobada para avanzar al m\u00f3dulo siguiente.<\/p>\n<p>El docente ir\u00e1 evaluando a los alumnos a trav\u00e9s de \u00e9stas actividades,\u00a0y\u00a0los acompa\u00f1ar\u00e1 atendiendo\u00a0las consultas particulares a trav\u00e9s de mensajer\u00eda interna\u00a0y\u00a0foros de consultas.<\/p>\n","protected":false},"excerpt":{"rendered":"<h4>\u2022 100% ONLINE<\/h4>\n<h4>\u2022 PLATAFORMA DISPONIBLE LAS 24 HS.<\/h4>\n<h4>\u2022 CERTIFICACION UNIVERSITARIA<\/h4>\n","protected":false},"featured_media":4401,"template":"","meta":{"inline_featured_image":false,"site-sidebar-layout":"default","site-content-layout":"default","ast-global-header-display":"","ast-main-header-display":"","ast-hfb-above-header-display":"","ast-hfb-below-header-display":"","ast-hfb-mobile-header-display":"","site-post-title":"","ast-breadcrumbs-content":"","ast-featured-img":"","footer-sml-layout":"","theme-transparent-header-meta":"default","adv-header-id-meta":"","stick-header-meta":"","header-above-stick-meta":"","header-main-stick-meta":"","header-below-stick-meta":"","_joinchat":[]},"product_cat":[81],"product_tag":[],"class_list":["post-4400","product","type-product","status-publish","has-post-thumbnail","hentry","product_cat-programacion","desktop-align-left","tablet-align-left","mobile-align-left"],"_links":{"self":[{"href":"https:\/\/nasacomputacion.com.ar\/sitio\/wp-json\/wp\/v2\/product\/4400","targetHints":{"allow":["GET"]}}],"collection":[{"href":"https:\/\/nasacomputacion.com.ar\/sitio\/wp-json\/wp\/v2\/product"}],"about":[{"href":"https:\/\/nasacomputacion.com.ar\/sitio\/wp-json\/wp\/v2\/types\/product"}],"wp:featuredmedia":[{"embeddable":true,"href":"https:\/\/nasacomputacion.com.ar\/sitio\/wp-json\/wp\/v2\/media\/4401"}],"wp:attachment":[{"href":"https:\/\/nasacomputacion.com.ar\/sitio\/wp-json\/wp\/v2\/media?parent=4400"}],"wp:term":[{"taxonomy":"product_cat","embeddable":true,"href":"https:\/\/nasacomputacion.com.ar\/sitio\/wp-json\/wp\/v2\/product_cat?post=4400"},{"taxonomy":"product_tag","embeddable":true,"href":"https:\/\/nasacomputacion.com.ar\/sitio\/wp-json\/wp\/v2\/product_tag?post=4400"}],"curies":[{"name":"wp","href":"https:\/\/api.w.org\/{rel}","templated":true}]}}