{"id":299,"date":"2013-11-04T01:43:02","date_gmt":"2013-11-04T01:43:02","guid":{"rendered":"http:\/\/www.nasacomputacion.com.ar\/site\/?p=299"},"modified":"2023-05-05T07:41:38","modified_gmt":"2023-05-05T10:41:38","slug":"microsoft-visual-c-net","status":"publish","type":"product","link":"https:\/\/nasacomputacion.com.ar\/sitio\/producto\/microsoft-visual-c-net\/","title":{"rendered":"Microsoft Visual C# .NET"},"content":{"rendered":"<p><strong>Objetivos:<\/strong><br \/>\nEl lenguaje de programaci\u00f3n Visual C # (Sharp), es uno de los lenguajes de programaci\u00f3n orientada a objetos desarrollado y estandarizado por Microsoft como parte de su plataforma .NET. El curso incluye en su desarrollo, la incorporaci\u00f3n de conocimientos que nos permitir\u00e1n armar estructuras de programaci\u00f3n, de dise\u00f1o de aplicaciones y de interacciones con distintas bases de datos, utilizando diferentes herramientas como los generadores de informes de Crystal Reports, la programaci\u00f3n orientada a objetos, cadenas de caracteres, comprender los nuevos modelos de acceso de datos ADO.NET y realizaci\u00f3n de aplicaciones para la distribuci\u00f3n e implementaci\u00f3n en las PC de los usuarios. Para realizar este curso es necesario contar con conocimientos b\u00e1sicos del Sistema Operativo Windows.<\/p>\n<p>\u2022 Introducci\u00f3n y entorno<br \/>\n\u2022 Variables y tipos de datos<br \/>\n\u2022 Tablas y constantes<br \/>\n\u2022 Clases y operadores<br \/>\n\u2022 Estructuras de control<br \/>\n\u2022 Archivos y colecciones<br \/>\n\u2022 Propiedades<br \/>\n\u2022 Herencia y m\u00e9todos virtuales<br \/>\n\u2022 ADO.NET<br \/>\n\u2022 SQL y Dataset<br \/>\n\u2022 Explorador de servidores y base de datos<br \/>\n\u2022 Aplicaciones, an\u00e1lisis e implementaci\u00f3n<\/p>\n","protected":false},"excerpt":{"rendered":"<p>Objetivos: El lenguaje de programaci\u00f3n Visual C # (Sharp), es uno de los lenguajes de programaci\u00f3n orientada a objetos desarrollado y estandarizado por Microsoft como parte de su plataforma .NET. El curso incluye en su desarrollo, la incorporaci\u00f3n de conocimientos que nos permitir\u00e1n armar estructuras de programaci\u00f3n, de dise\u00f1o de aplicaciones y de interacciones con &hellip;<\/p>\n<p class=\"read-more\"> <a class=\"\" href=\"https:\/\/nasacomputacion.com.ar\/sitio\/producto\/microsoft-visual-c-net\/\"> <span class=\"screen-reader-text\">Microsoft Visual C# .NET<\/span> Leer m\u00e1s &raquo;<\/a><\/p>\n","protected":false},"featured_media":2894,"template":"","meta":{"inline_featured_image":false,"site-sidebar-layout":"default","site-content-layout":"default","ast-global-header-display":"","ast-main-header-display":"","ast-hfb-above-header-display":"","ast-hfb-below-header-display":"","ast-hfb-mobile-header-display":"","site-post-title":"","ast-breadcrumbs-content":"","ast-featured-img":"","footer-sml-layout":"","theme-transparent-header-meta":"default","adv-header-id-meta":"","stick-header-meta":"","header-above-stick-meta":"","header-main-stick-meta":"","header-below-stick-meta":"","_joinchat":[]},"product_cat":[81],"product_tag":[],"class_list":["post-299","product","type-product","status-publish","has-post-thumbnail","hentry","product_cat-programacion","desktop-align-left","tablet-align-left","mobile-align-left"],"_links":{"self":[{"href":"https:\/\/nasacomputacion.com.ar\/sitio\/wp-json\/wp\/v2\/product\/299","targetHints":{"allow":["GET"]}}],"collection":[{"href":"https:\/\/nasacomputacion.com.ar\/sitio\/wp-json\/wp\/v2\/product"}],"about":[{"href":"https:\/\/nasacomputacion.com.ar\/sitio\/wp-json\/wp\/v2\/types\/product"}],"wp:featuredmedia":[{"embeddable":true,"href":"https:\/\/nasacomputacion.com.ar\/sitio\/wp-json\/wp\/v2\/media\/2894"}],"wp:attachment":[{"href":"https:\/\/nasacomputacion.com.ar\/sitio\/wp-json\/wp\/v2\/media?parent=299"}],"wp:term":[{"taxonomy":"product_cat","embeddable":true,"href":"https:\/\/nasacomputacion.com.ar\/sitio\/wp-json\/wp\/v2\/product_cat?post=299"},{"taxonomy":"product_tag","embeddable":true,"href":"https:\/\/nasacomputacion.com.ar\/sitio\/wp-json\/wp\/v2\/product_tag?post=299"}],"curies":[{"name":"wp","href":"https:\/\/api.w.org\/{rel}","templated":true}]}}