{"id":223,"date":"2013-11-04T01:33:00","date_gmt":"2013-11-04T01:33:00","guid":{"rendered":"http:\/\/www.nasacomputacion.com.ar\/site\/?p=223"},"modified":"2023-05-02T19:30:24","modified_gmt":"2023-05-02T22:30:24","slug":"adobe-dreamweaver","status":"publish","type":"product","link":"https:\/\/nasacomputacion.com.ar\/sitio\/producto\/adobe-dreamweaver\/","title":{"rendered":"Adobe Dreamweaver"},"content":{"rendered":"<p><strong>Objetivos:<\/strong><br \/>\nSe estudia la aplicaci\u00f3n Adobe Dreamweaver, incluida dentro de la suite Adobe Creative Suite, que se utiliza para dise\u00f1ar, crear y administrar p\u00e1ginas web y sitios web. Dreamweaver dispone de muchas y variadas herramientas que facilitan el dise\u00f1o de p\u00e1ginas web, ya que permite crearlas y modificarlas de una manera visual, eliminando, en la mayor\u00eda de ocasiones, el tener que escribir el c\u00f3digo HTML directamente.<\/p>\n<p>\u2022 Introducci\u00f3n a Dreamweaver<br \/>\n\u2022 Crear sitios web<br \/>\n\u2022 Configurar p\u00e1ginas web<br \/>\n\u2022 Utilidades de edici\u00f3n<br \/>\n\u2022 Formato de texto<br \/>\n\u2022 Trabajo con v\u00ednculos<br \/>\n\u2022 Insertar im\u00e1genes<br \/>\n\u2022 Etiquetas Div y tablas<br \/>\n\u2022 Divisi\u00f3n en marcos<br \/>\n\u2022 Trabajar con plantillas<br \/>\n\u2022 Formularios<br \/>\n\u2022 Elementos multimedia<br \/>\n\u2022 Otros efectos<br \/>\n\u2022 Publicar el sitio web<\/p>\n","protected":false},"excerpt":{"rendered":"<p>Objetivos: Se estudia la aplicaci\u00f3n Adobe Dreamweaver, incluida dentro de la suite Adobe Creative Suite, que se utiliza para dise\u00f1ar, crear y administrar p\u00e1ginas web y sitios web. Dreamweaver dispone de muchas y variadas herramientas que facilitan el dise\u00f1o de p\u00e1ginas web, ya que permite crearlas y modificarlas de una manera visual, eliminando, en la &hellip;<\/p>\n<p class=\"read-more\"> <a class=\"\" href=\"https:\/\/nasacomputacion.com.ar\/sitio\/producto\/adobe-dreamweaver\/\"> <span class=\"screen-reader-text\">Adobe Dreamweaver<\/span> Leer m\u00e1s &raquo;<\/a><\/p>\n","protected":false},"featured_media":2887,"template":"","meta":{"inline_featured_image":false,"site-sidebar-layout":"default","site-content-layout":"default","ast-global-header-display":"","ast-main-header-display":"","ast-hfb-above-header-display":"","ast-hfb-below-header-display":"","ast-hfb-mobile-header-display":"","site-post-title":"","ast-breadcrumbs-content":"","ast-featured-img":"","footer-sml-layout":"","theme-transparent-header-meta":"default","adv-header-id-meta":"","stick-header-meta":"","header-above-stick-meta":"","header-main-stick-meta":"","header-below-stick-meta":"","_joinchat":[]},"product_cat":[76],"product_tag":[],"class_list":["post-223","product","type-product","status-publish","has-post-thumbnail","hentry","product_cat-diseno-web","desktop-align-left","tablet-align-left","mobile-align-left"],"_links":{"self":[{"href":"https:\/\/nasacomputacion.com.ar\/sitio\/wp-json\/wp\/v2\/product\/223","targetHints":{"allow":["GET"]}}],"collection":[{"href":"https:\/\/nasacomputacion.com.ar\/sitio\/wp-json\/wp\/v2\/product"}],"about":[{"href":"https:\/\/nasacomputacion.com.ar\/sitio\/wp-json\/wp\/v2\/types\/product"}],"wp:featuredmedia":[{"embeddable":true,"href":"https:\/\/nasacomputacion.com.ar\/sitio\/wp-json\/wp\/v2\/media\/2887"}],"wp:attachment":[{"href":"https:\/\/nasacomputacion.com.ar\/sitio\/wp-json\/wp\/v2\/media?parent=223"}],"wp:term":[{"taxonomy":"product_cat","embeddable":true,"href":"https:\/\/nasacomputacion.com.ar\/sitio\/wp-json\/wp\/v2\/product_cat?post=223"},{"taxonomy":"product_tag","embeddable":true,"href":"https:\/\/nasacomputacion.com.ar\/sitio\/wp-json\/wp\/v2\/product_tag?post=223"}],"curies":[{"name":"wp","href":"https:\/\/api.w.org\/{rel}","templated":true}]}}