{"id":217,"date":"2013-11-04T01:31:55","date_gmt":"2013-11-04T04:31:55","guid":{"rendered":"http:\/\/www.nasacomputacion.com.ar\/site\/?p=217"},"modified":"2023-05-23T19:56:13","modified_gmt":"2023-05-23T22:56:13","slug":"adobe-illustrator","status":"publish","type":"product","link":"https:\/\/nasacomputacion.com.ar\/sitio\/producto\/adobe-illustrator\/","title":{"rendered":"Adobe Illustrator"},"content":{"rendered":"<h3><span style=\"color: #045cb4;\">Descripci\u00f3n:<\/span><\/h3>\n<p><strong><br \/>\n<\/strong>Adobe Illustrator es un programa de dise\u00f1o vectorial que permite solventar m\u00faltiples necesidades, como el dibujo, la maquetaci\u00f3n de p\u00e1ginas para impresi\u00f3n y\/o la publicaci\u00f3n web. Este curso est\u00e1 destinado a estudiantes de dise\u00f1o gr\u00e1fico, dise\u00f1o web, arquitectura y para todas aquellas personas que deseen desarrollarse y capacitarse en la creaci\u00f3n de trabajos de tipo vectorial. Combinando este curso junto con el de Adobe Photoshop y CorelDRAW el alumno se capacitar\u00e1 para crear trabajos gr\u00e1ficos de gran contenido visual. Para realizar este curso es necesario contar con conocimientos b\u00e1sicos sobre Windows.<\/p>\n<p>&nbsp;<\/p>\n<p><span style=\"color: #045cb4;\"><strong>TEMARIO<\/strong><\/span><\/p>\n<h3><span style=\"color: #045cb4;\"><strong>Curso de Illustrator CS5<\/strong><\/span><\/h3>\n<p><strong>\u00a0<\/strong><\/p>\n<p><strong>Cap\u00edtulo 1: Introducci\u00f3n y entorno<\/strong><\/p>\n<ul>\n<li>Introducci\u00f3n<\/li>\n<li>Entorno<\/li>\n<li>Paletas y modos de pantalla<strong><br \/>\n<\/strong><\/li>\n<\/ul>\n<p><strong>Cap\u00edtulo 2: Figuras predeterminadas<\/strong><\/p>\n<ul>\n<li>Rect\u00e1ngulos y Elipses<\/li>\n<li>Pol\u00edgonos y Estrellas<\/li>\n<li>Herramienta Destello<\/li>\n<li>L\u00edneas y Arcos<\/li>\n<li>Espirales y Cuadr\u00edcula<\/li>\n<li>Herramienta Selecci\u00f3n y Color<\/li>\n<\/ul>\n<p><strong>Cap\u00edtulo 3: Trabajo con archivos<\/strong><\/p>\n<ul>\n<li>Visualizaci\u00f3n y desplazamiento<\/li>\n<li>Guardar y abrir archivos<\/li>\n<li>Plantillas y utilidad Volver<\/li>\n<\/ul>\n<p><strong>Cap\u00edtulo 4: Trazados a mano alzada<\/strong><\/p>\n<ul>\n<li>Herramienta L\u00e1piz<\/li>\n<li>Herramientas Pincel y Pincel de manchas<\/li>\n<li>Selecci\u00f3n directa y Lazo<\/li>\n<li>Herramienta Pluma<\/li>\n<li>Modificaci\u00f3n de trazados<strong><br \/>\n<\/strong><\/li>\n<\/ul>\n<p><strong>Cap\u00edtulo 5: Trabajar con objetos<\/strong><\/p>\n<ul>\n<li>Copiar objetos<\/li>\n<li>Organizar y seleccionar objetos<\/li>\n<li>Agrupar, bloquear y ocultar<\/li>\n<li>S\u00edmbolos<\/li>\n<li>Alinear y distribuir<\/li>\n<\/ul>\n<p><strong>Cap\u00edtulo 6: Transformaciones<\/strong><\/p>\n<ul>\n<li>Mover y Rotar<\/li>\n<li>Reflejo, Escala y Distorsi\u00f3n<\/li>\n<li>Combinar objetos<\/li>\n<li>Fusionar objetos<\/li>\n<li>Envolventes<\/li>\n<li>M\u00e1scaras de recorte<\/li>\n<\/ul>\n<p><strong>Cap\u00edtulo 7: El color<\/strong><\/p>\n<ul>\n<li>Modos de color<\/li>\n<li>Muestras y motivos<\/li>\n<li>Degradados<\/li>\n<li>Cuentagotas y Bote de pintura interactiva<\/li>\n<li>Estilos gr\u00e1ficos y Transparencias<\/li>\n<\/ul>\n<p><strong>Cap\u00edtulo 8: Textos<\/strong><\/p>\n<ul>\n<li>Texto horizontal y vertical<\/li>\n<li>Formato de texto<\/li>\n<li>Formato de p\u00e1rrafo<\/li>\n<li>Texto de \u00e1rea y de trazado<\/li>\n<li>Opciones de texto<strong><br \/>\n<\/strong><\/li>\n<\/ul>\n<p><strong>Cap\u00edtulo 9: Capas<\/strong><\/p>\n<ul>\n<li>Crear y eliminar capas<\/li>\n<li>Paleta capas<\/li>\n<li>Administrar capas<\/li>\n<\/ul>\n<p><strong>Cap\u00edtulo 10: Conjuntos de herramientas<\/strong><\/p>\n<ul>\n<li>Efectos l\u00edquidos<\/li>\n<li>Edici\u00f3n avanzada de s\u00edmbolos<\/li>\n<li>Gr\u00e1ficos<\/li>\n<li>Gu\u00edas y herramientas de borrado<\/li>\n<\/ul>\n<p><strong>Cap\u00edtulo 11: Efectos<\/strong><\/p>\n<ul>\n<li>Panel Apariencia<\/li>\n<li>Efectos<\/li>\n<li>Perspectiva<\/li>\n<li>Filtros SVG y Volver a colorear<\/li>\n<\/ul>\n<p><strong>Cap\u00edtulo 12: Mapa de bits<\/strong><\/p>\n<ul>\n<li>Rasterizar<\/li>\n<li>Calco interactivo<\/li>\n<li>Efectos sobre mapas de bits<\/li>\n<li>Ce\u00f1ir texto a una imagen<\/li>\n<\/ul>\n<p><strong>Cap\u00edtulo 13: Impresi\u00f3n y web<\/strong><\/p>\n<ul>\n<li>Mesas de trabajo<\/li>\n<li>Imprimir<\/li>\n<li>Im\u00e1genes para web<\/li>\n<li>Animaciones<\/li>\n<li>Mapas de imagen<\/li>\n<\/ul>\n","protected":false},"excerpt":{"rendered":"<p>Descripci\u00f3n: Adobe Illustrator es un programa de dise\u00f1o vectorial que permite solventar m\u00faltiples necesidades, como el dibujo, la maquetaci\u00f3n de p\u00e1ginas para impresi\u00f3n y\/o la publicaci\u00f3n web. Este curso est\u00e1 destinado a estudiantes de dise\u00f1o gr\u00e1fico, dise\u00f1o web, arquitectura y para todas aquellas personas que deseen desarrollarse y capacitarse en la creaci\u00f3n de trabajos de &hellip;<\/p>\n<p class=\"read-more\"> <a class=\"\" href=\"https:\/\/nasacomputacion.com.ar\/sitio\/producto\/adobe-illustrator\/\"> <span class=\"screen-reader-text\">Adobe Illustrator<\/span> Leer m\u00e1s &raquo;<\/a><\/p>\n","protected":false},"featured_media":2668,"template":"","meta":{"inline_featured_image":false,"site-sidebar-layout":"default","site-content-layout":"default","ast-global-header-display":"","ast-main-header-display":"","ast-hfb-above-header-display":"","ast-hfb-below-header-display":"","ast-hfb-mobile-header-display":"","site-post-title":"","ast-breadcrumbs-content":"","ast-featured-img":"","footer-sml-layout":"","theme-transparent-header-meta":"default","adv-header-id-meta":"","stick-header-meta":"","header-above-stick-meta":"","header-main-stick-meta":"","header-below-stick-meta":"","_joinchat":[]},"product_cat":[73],"product_tag":[],"class_list":["post-217","product","type-product","status-publish","has-post-thumbnail","hentry","product_cat-diseno-grafico","desktop-align-left","tablet-align-left","mobile-align-left"],"_links":{"self":[{"href":"https:\/\/nasacomputacion.com.ar\/sitio\/wp-json\/wp\/v2\/product\/217","targetHints":{"allow":["GET"]}}],"collection":[{"href":"https:\/\/nasacomputacion.com.ar\/sitio\/wp-json\/wp\/v2\/product"}],"about":[{"href":"https:\/\/nasacomputacion.com.ar\/sitio\/wp-json\/wp\/v2\/types\/product"}],"wp:featuredmedia":[{"embeddable":true,"href":"https:\/\/nasacomputacion.com.ar\/sitio\/wp-json\/wp\/v2\/media\/2668"}],"wp:attachment":[{"href":"https:\/\/nasacomputacion.com.ar\/sitio\/wp-json\/wp\/v2\/media?parent=217"}],"wp:term":[{"taxonomy":"product_cat","embeddable":true,"href":"https:\/\/nasacomputacion.com.ar\/sitio\/wp-json\/wp\/v2\/product_cat?post=217"},{"taxonomy":"product_tag","embeddable":true,"href":"https:\/\/nasacomputacion.com.ar\/sitio\/wp-json\/wp\/v2\/product_tag?post=217"}],"curies":[{"name":"wp","href":"https:\/\/api.w.org\/{rel}","templated":true}]}}