{"id":189,"date":"2013-11-04T01:28:50","date_gmt":"2013-11-04T04:28:50","guid":{"rendered":"http:\/\/www.nasacomputacion.com.ar\/site\/?p=189"},"modified":"2023-05-23T20:19:32","modified_gmt":"2023-05-23T23:19:32","slug":"corel-draw","status":"publish","type":"product","link":"https:\/\/nasacomputacion.com.ar\/sitio\/producto\/corel-draw\/","title":{"rendered":"Corel Draw"},"content":{"rendered":"<h3><span style=\"color: #045cb4;\">Descripci\u00f3n:<\/span><\/h3>\n<p>CorelDRAW es un programa de dise\u00f1o vectorial que permite solventar m\u00faltiples necesidades, como el dibujo, la maquetaci\u00f3n de p\u00e1ginas para impresi\u00f3n y\/o la publicaci\u00f3n web. Este curso est\u00e1 destinado a estudiantes de dise\u00f1o gr\u00e1fico, dise\u00f1o web, arquitectura y para todas aquellas personas que deseen desarrollarse y capacitarse en la creaci\u00f3n de trabajos de tipo vectorial. Combinando este curso junto con el de Adobe Illustrator y Adobe Photoshop el alumno se capacitar\u00e1 para crear trabajos gr\u00e1ficos de gran contenido visual. Para realizar este curso es necesario contar con conocimientos b\u00e1sicos sobre Windows.<\/p>\n<p><span style=\"color: #045cb4;\"><strong>TEMARIO<\/strong><\/span><\/p>\n<p><strong>1. INTRODUCCION<\/strong><br \/>\nNuevo documento Espacio de trabajo Guardar y abrir dibujos Zoom<br \/>\nVistas Cerrar y salir<\/p>\n<p><strong>2. FORMAS B\u00c1SICAS<\/strong><br \/>\nRect\u00e1ngulos y elipses Pol\u00edgonos y Estrellas Papel gr\u00e1fico y Espiral Formas predeterminadas Contornos<br \/>\nReglas, Gu\u00edas y Cuadr\u00edcula<\/p>\n<p><strong>3. TRABAJO CON OBJETOS<\/strong><br \/>\nSelecciones y grupos Copiar, duplicar y clonar Orden de objetos Transformaci\u00f3n de Posici\u00f3n Girar, escalar e inclinar Alinear y distribuir<br \/>\nOcultar y bloquear<br \/>\nDar forma<br \/>\nPowerClip<br \/>\nBuscar y reemplazar objetos<\/p>\n<p><strong>4. NODOS Y RECORTES<\/strong><br \/>\nHerramienta Forma<br \/>\nNodos<br \/>\nUniforme, Difuminar y Espiral<br \/>\nAtraer, Rechazar,Deformador y Agreste Recortes y Cuchillo<br \/>\nCopiar segmentos de curva<\/p>\n<p><strong>5. RELLENO INTERACTIVO<\/strong><br \/>\nUniforme<br \/>\nDegradado<br \/>\nPatr\u00f3n de vectores<br \/>\nPatr\u00f3n Mapa de bits y Dos colores Cuentagotas de color y atributos Relleno inteligente<\/p>\n<p><strong>6. L\u00cdNEAS Y COTAS<\/strong><br \/>\nMano alzada y B\u00e9zier L\u00ednea de 2 Puntos Pluma<br \/>\nB-Spline y Polil\u00ednea<br \/>\nFormato de l\u00edneas y contornos Dibujo inteligente y LiveSketch L\u00edneas de cotas<br \/>\nL\u00edneas de conexi\u00f3n<\/p>\n<p><strong>7. MEDIOS ART\u00cdSTICOS<\/strong><br \/>\nPreestablecido<br \/>\nPincel<br \/>\nDiseminador Caligr\u00e1fico y Expresi\u00f3n<\/p>\n<p><strong>8. TEXTOS<\/strong><br \/>\nIngreso y selecci\u00f3n de texto Trabajar con Fuentes Propiedades Car\u00e1cter Propiedades P\u00e1rrafo Propiedades Marco Desplazar y Reflejar Importar textos<br \/>\nCambiar may\u00fasculas\/min\u00fasculas Buscar y reemplazar texto Marcas y Capitular<br \/>\nAdaptar texto a trayecto<\/p>\n<p><strong>9. EFECTOS<\/strong><br \/>\nSombra Silueta Mezcla Distorsi\u00f3n Envoltura Extrusi\u00f3n Transparencia<\/p>\n<p><strong>10. TABLAS Y S\u00cdMBOLOS<\/strong><br \/>\nA\u00f1adir tablas<br \/>\nInsertar y eliminar celdas Combinar y dividir S\u00edmbolos<\/p>\n<p><strong>11. CAPAS<\/strong><br \/>\nCrear y eliminar Propiedades<\/p>\n<p><strong>12. MAPAS DE BITS<\/strong><br \/>\nConvertir a mapa de bits<br \/>\nRecorte y edici\u00f3n de mapa de bits Efectos sobre mapa de bits Vectorizaci\u00f3n de mapas de bits<\/p>\n<p><strong>13. P\u00c1GINAS<\/strong><br \/>\nA\u00f1adir, duplicar y eliminar Numeraci\u00f3n de p\u00e1ginas Orientaci\u00f3n y fondo de p\u00e1gina P\u00e1gina maestra<br \/>\nPlantillas<\/p>\n<p><strong>14. IMPRESI\u00d3N<\/strong><br \/>\nPreparar p\u00e1ginas<br \/>\nImpresi\u00f3n de proyectos<br \/>\nDise\u00f1o de trabajos de impresi\u00f3n Previsualizaci\u00f3n de trabajos de impresi\u00f3n<br \/>\nFusi\u00f3n de archivos<br \/>\nPublicaci\u00f3n en formato PDF<\/p>\n","protected":false},"excerpt":{"rendered":"<p>Descripci\u00f3n: CorelDRAW es un programa de dise\u00f1o vectorial que permite solventar m\u00faltiples necesidades, como el dibujo, la maquetaci\u00f3n de p\u00e1ginas para impresi\u00f3n y\/o la publicaci\u00f3n web. Este curso est\u00e1 destinado a estudiantes de dise\u00f1o gr\u00e1fico, dise\u00f1o web, arquitectura y para todas aquellas personas que deseen desarrollarse y capacitarse en la creaci\u00f3n de trabajos de tipo &hellip;<\/p>\n<p class=\"read-more\"> <a class=\"\" href=\"https:\/\/nasacomputacion.com.ar\/sitio\/producto\/corel-draw\/\"> <span class=\"screen-reader-text\">Corel Draw<\/span> Leer m\u00e1s &raquo;<\/a><\/p>\n","protected":false},"featured_media":2666,"template":"","meta":{"inline_featured_image":false,"site-sidebar-layout":"default","site-content-layout":"default","ast-global-header-display":"","ast-main-header-display":"","ast-hfb-above-header-display":"","ast-hfb-below-header-display":"","ast-hfb-mobile-header-display":"","site-post-title":"","ast-breadcrumbs-content":"","ast-featured-img":"","footer-sml-layout":"","theme-transparent-header-meta":"default","adv-header-id-meta":"","stick-header-meta":"","header-above-stick-meta":"","header-main-stick-meta":"","header-below-stick-meta":"","_joinchat":[]},"product_cat":[73],"product_tag":[],"class_list":["post-189","product","type-product","status-publish","has-post-thumbnail","hentry","product_cat-diseno-grafico","desktop-align-left","tablet-align-left","mobile-align-left"],"_links":{"self":[{"href":"https:\/\/nasacomputacion.com.ar\/sitio\/wp-json\/wp\/v2\/product\/189","targetHints":{"allow":["GET"]}}],"collection":[{"href":"https:\/\/nasacomputacion.com.ar\/sitio\/wp-json\/wp\/v2\/product"}],"about":[{"href":"https:\/\/nasacomputacion.com.ar\/sitio\/wp-json\/wp\/v2\/types\/product"}],"wp:featuredmedia":[{"embeddable":true,"href":"https:\/\/nasacomputacion.com.ar\/sitio\/wp-json\/wp\/v2\/media\/2666"}],"wp:attachment":[{"href":"https:\/\/nasacomputacion.com.ar\/sitio\/wp-json\/wp\/v2\/media?parent=189"}],"wp:term":[{"taxonomy":"product_cat","embeddable":true,"href":"https:\/\/nasacomputacion.com.ar\/sitio\/wp-json\/wp\/v2\/product_cat?post=189"},{"taxonomy":"product_tag","embeddable":true,"href":"https:\/\/nasacomputacion.com.ar\/sitio\/wp-json\/wp\/v2\/product_tag?post=189"}],"curies":[{"name":"wp","href":"https:\/\/api.w.org\/{rel}","templated":true}]}}