{"id":1766,"date":"2021-02-09T09:36:00","date_gmt":"2021-02-09T12:36:00","guid":{"rendered":"https:\/\/nasacomputacion.com.ar\/site\/secretariado-ejecutivo-copy\/"},"modified":"2023-05-23T17:00:29","modified_gmt":"2023-05-23T20:00:29","slug":"marketing-digital","status":"publish","type":"product","link":"https:\/\/nasacomputacion.com.ar\/sitio\/producto\/marketing-digital\/","title":{"rendered":"Marketing Digital"},"content":{"rendered":"<p><strong>Duraci\u00f3n 17 Clases<\/strong><\/p>\n<h3><span style=\"color: #045cb4;\"><strong>Objetivos Generales:<\/strong><\/span><\/h3>\n<p>El curso incluye en su desarrollo la incorporaci\u00f3n de conocimientos sobre el Marketing Digital que le permitir\u00e1n al alumno aprender las t\u00e9cnicas de promoci\u00f3n y comercializaci\u00f3n llevadas a cabo a trav\u00e9s de medios digitales.<\/p>\n<p>El Marketing Digital utiliza Internet y las Redes Sociales como medio de exposici\u00f3n que permite lograr mayor impacto en el alcance del p\u00fablico objetivo.<\/p>\n<h3><span style=\"color: #045cb4;\">Contenidos:<\/span><\/h3>\n<p><strong>1-Introducci\u00f3n al Marketing Digital<\/strong><br \/>\n\u00bfQu\u00e9 es el Marketing Digital?<br \/>\nDeclaraci\u00f3n de Posicionamiento<br \/>\nPropuesta \u00fanica de venta<br \/>\nAudiencia<\/p>\n<p><strong>2-Identidad de Marca<\/strong><br \/>\nColores, Fuentes, Im\u00e1genes<\/p>\n<p><strong>3-Sitios Web WordPress<\/strong><br \/>\nConceptos, Instalaci\u00f3n<br \/>\nTemas, P\u00e1gina de inicio<\/p>\n<p><strong>4-P\u00e1ginas WordPress<\/strong><br \/>\nA\u00f1adir, Eliminar, Editar<br \/>\nEnlaces personalizados<br \/>\nCabecera, Personalizaci\u00f3n, Fondo<br \/>\nBarras laterales, Pie de p\u00e1gina, Vista previa<\/p>\n<p><strong>5-Bloques WordPress<\/strong><br \/>\nTexto, Im\u00e1genes, Videos, Botones<\/p>\n<p><strong>6-Plugin WordPress<\/strong><br \/>\nInstalar Plugins, Shortcode<br \/>\nFormularios, Animaciones<\/p>\n<p><strong>7-Blog WordPress<\/strong><br \/>\nConfigurar p\u00e1ginas de blog<br \/>\nCategor\u00edas, Entradas, Barra lateral<\/p>\n<p><strong>8-Configuraciones WordPress<\/strong><br \/>\nSeguridad, Optimizaci\u00f3n, Comentarios<\/p>\n<p><strong>9-Marketing Mail<\/strong><br \/>\nEmbudo, Registro<br \/>\nSuscripci\u00f3n, Campa\u00f1as<\/p>\n<p><strong>10-Youtube Marketing I<\/strong><br \/>\nPalabra clave, Canal, Portada, Videos<\/p>\n<p><strong>11-Youtube Marketing II<\/strong><br \/>\nConfiguraciones, Marca de agua<br \/>\nListas de reproducci\u00f3n, P\u00e1gina principal<\/p>\n<p><strong>12-Facebook<\/strong><br \/>\nCrear p\u00e1gina optimizada, Grupos<br \/>\nAnuncios, Estad\u00edsticas, C\u00f3digo Pixel<\/p>\n<p><strong>13-Google Adwords y Analytics<\/strong><br \/>\nRegistro, Campa\u00f1as<\/p>\n<p><strong>14-Twitter<\/strong><br \/>\nNombre de usuario y registro<br \/>\nPerfil y Configuraciones<br \/>\nTwitter en nuestra Web<br \/>\nAnalytics y Ads<\/p>\n<p><strong>15-Pinterest<\/strong><br \/>\nRegistro, Perfil<br \/>\nConectar nuestro sitio Web<br \/>\nTableros, Pines, Estad\u00edsticas<\/p>\n<p><strong>16-Instagram<\/strong><br \/>\nCuenta de empresa, Perfil<br \/>\nPublicaciones, Seguidores y Seguidos<br \/>\nHistorias<\/p>\n<p><strong>17-Linkedin<\/strong><br \/>\nRegistro, P\u00e1gina de empresa<br \/>\nPublicaciones, Estad\u00edsticas<\/p>\n","protected":false},"excerpt":{"rendered":"<p>Duraci\u00f3n 17 Clases Objetivos Generales: El curso incluye en su desarrollo la incorporaci\u00f3n de conocimientos sobre el Marketing Digital que le permitir\u00e1n al alumno aprender las t\u00e9cnicas de promoci\u00f3n y comercializaci\u00f3n llevadas a cabo a trav\u00e9s de medios digitales. El Marketing Digital utiliza Internet y las Redes Sociales como medio de exposici\u00f3n que permite lograr &hellip;<\/p>\n<p class=\"read-more\"> <a class=\"\" href=\"https:\/\/nasacomputacion.com.ar\/sitio\/producto\/marketing-digital\/\"> <span class=\"screen-reader-text\">Marketing Digital<\/span> Leer m\u00e1s &raquo;<\/a><\/p>\n","protected":false},"featured_media":2913,"template":"","meta":{"inline_featured_image":false,"site-sidebar-layout":"default","site-content-layout":"default","ast-global-header-display":"","ast-main-header-display":"","ast-hfb-above-header-display":"","ast-hfb-below-header-display":"","ast-hfb-mobile-header-display":"","site-post-title":"","ast-breadcrumbs-content":"","ast-featured-img":"","footer-sml-layout":"","theme-transparent-header-meta":"default","adv-header-id-meta":"","stick-header-meta":"","header-above-stick-meta":"","header-main-stick-meta":"","header-below-stick-meta":"","_joinchat":[]},"product_cat":[87],"product_tag":[88],"class_list":["post-1766","product","type-product","status-publish","has-post-thumbnail","hentry","product_cat-administracion-y-marketing","product_tag-administracion-y-marketing","desktop-align-left","tablet-align-left","mobile-align-left"],"_links":{"self":[{"href":"https:\/\/nasacomputacion.com.ar\/sitio\/wp-json\/wp\/v2\/product\/1766","targetHints":{"allow":["GET"]}}],"collection":[{"href":"https:\/\/nasacomputacion.com.ar\/sitio\/wp-json\/wp\/v2\/product"}],"about":[{"href":"https:\/\/nasacomputacion.com.ar\/sitio\/wp-json\/wp\/v2\/types\/product"}],"wp:featuredmedia":[{"embeddable":true,"href":"https:\/\/nasacomputacion.com.ar\/sitio\/wp-json\/wp\/v2\/media\/2913"}],"wp:attachment":[{"href":"https:\/\/nasacomputacion.com.ar\/sitio\/wp-json\/wp\/v2\/media?parent=1766"}],"wp:term":[{"taxonomy":"product_cat","embeddable":true,"href":"https:\/\/nasacomputacion.com.ar\/sitio\/wp-json\/wp\/v2\/product_cat?post=1766"},{"taxonomy":"product_tag","embeddable":true,"href":"https:\/\/nasacomputacion.com.ar\/sitio\/wp-json\/wp\/v2\/product_tag?post=1766"}],"curies":[{"name":"wp","href":"https:\/\/api.w.org\/{rel}","templated":true}]}}