{"id":15,"date":"2013-11-04T00:55:49","date_gmt":"2013-11-04T03:55:49","guid":{"rendered":"http:\/\/www.nasacomputacion.com.ar\/site\/?p=15"},"modified":"2023-05-23T20:42:49","modified_gmt":"2023-05-23T23:42:49","slug":"asistente-en-software-administrativo-contable","status":"publish","type":"product","link":"https:\/\/nasacomputacion.com.ar\/sitio\/producto\/asistente-en-software-administrativo-contable\/","title":{"rendered":"Asistente en software administrativo contable"},"content":{"rendered":"<h3><span style=\"color: #045cb4;\"><strong>Objetivos Generales: <\/strong><\/span><\/h3>\n<p>Los egresados de esta especialidad aprender\u00e1n los conceptos indispensables para desempe\u00f1arse en el \u00e1rea de Inform\u00e1tica Administrativa Contable. Utilizar\u00e1 la Pc como herramienta en sectores de la Empresa cuya funci\u00f3n requiera: Dise\u00f1o y Seguimiento de Proyectos, Aplicaciones avanzadas de Office y Sistema Administrativo Contable.<\/p>\n<p><strong>Duraci\u00f3n: 5 meses (8 clases mensuales) \u2013 10 meses (4 clases mensuales).<\/strong><\/p>\n<p><strong><br \/>\nContenidos<\/strong><\/p>\n<h3><span style=\"color: #045cb4;\"><strong>Tango Gesti\u00f3n Evolution (Completo)<\/strong><\/span><\/h3>\n<p><strong>Objetivos:<\/strong><\/p>\n<p>Facilitar al alumno el manejo en profundidad de los programas m\u00e1s utilizados en el \u00e1rea contable, dot\u00e1ndolo de los conocimientos imprescindibles para desarrollar labores profesionales en dichas aplicaciones.<\/p>\n<p>\u2022 Organizaci\u00f3n y Empresa<br \/>\n\u2022 Comprobantes Comerciales<br \/>\n\u2022 Cheques<br \/>\n\u2022 Pagar\u00e9<br \/>\n\u2022 Recibos<br \/>\n\u2022 Comprobantes internos<\/p>\n<h3><span style=\"color: #045cb4;\"><strong>Tango Contabilidad<\/strong><\/span><\/h3>\n<p>\u2022 Introducci\u00f3n Contabilidad-Fondos<br \/>\n\u2022 Reglas de Apropiaci\u00f3n. Asientos y Asientos Modelos.<br \/>\n\u2022 Ingreso de Asientos<br \/>\n\u2022 M\u00f3dulo Fondos y Tipos de Comprobantes.<br \/>\n\u2022 Pasaje a Contabilidad<br \/>\n\u2022 Modificaci\u00f3n y Anulaci\u00f3n de Asientos<br \/>\n\u2022 Informes<\/p>\n<h3><span style=\"color: #045cb4;\"><strong>Tango Stock<\/strong><\/span><\/h3>\n<p>\u2022 M\u00f3dulo Stock.<br \/>\n\u2022 Longitud de Agrupaciones.<br \/>\n\u2022 Tipos de Comprobantes.<br \/>\n\u2022 M\u00f3dulo Compras.<br \/>\n\u2022 Condiciones de Compra.<br \/>\n\u2022 Proveedores<br \/>\n\u2022 Comprobantes y Proveedores Ocasionales<br \/>\n\u2022 M\u00f3dulo de Fondos.<br \/>\n\u2022 M\u00f3dulo de Ventas<br \/>\n\u2022 Talonarios<br \/>\n\u2022 Clientes<br \/>\n\u2022 Perfiles de Facturaci\u00f3n<\/p>\n<h3><span style=\"color: #045cb4;\"><strong>Tango Fondos<\/strong><\/span><\/h3>\n<p>\u2022 Men\u00fa Archivos I y II.<br \/>\n\u2022 Men\u00fa Comprobantes.<br \/>\n\u2022 Men\u00fa Procesos Peri\u00f3dicos.<br \/>\n\u2022 Men\u00fa Informes<br \/>\n\u2022 Men\u00fa An\u00e1lisis Multidimensional<br \/>\n\u2022 Integraci\u00f3n Compras &#8211; Contabilidad<br \/>\n\u2022 Integraci\u00f3n Ventas &#8211; Stock<br \/>\n\u2022 Integraci\u00f3n Ventas &#8211; Compras<br \/>\n\u2022 El Paso a Paso de Contabilidad y Fondos<\/p>\n<h3><span style=\"color: #045cb4;\"><strong>Tango Compras<\/strong><\/span><\/h3>\n<p>\u2022 Men\u00fa Archivos I, II y III.<br \/>\n\u2022 Ordenes de Compra<br \/>\n\u2022 Comprobante<br \/>\n\u2022 Cuentas Corrientes<br \/>\n\u2022 Procesos Peri\u00f3dicos<br \/>\n\u2022 Informes<br \/>\n\u2022 An\u00e1lisis Multidimensional<br \/>\n\u2022 Procesos Automatizados<\/p>\n<h3><span style=\"color: #045cb4;\"><strong>Tango Compras<\/strong><\/span><\/h3>\n<p>\u2022 Tipo de Comprobantes<br \/>\n\u2022 Lista de precios<br \/>\n\u2022 Talonarios<br \/>\n\u2022 Tipo de Asientos<br \/>\n\u2022 Formularios<br \/>\n\u2022 Pedidos<br \/>\n\u2022 Activaci\u00f3n, Anulaci\u00f3n, Cierre<br \/>\n\u2022 Facturaci\u00f3n<br \/>\n\u2022 IVA<br \/>\n\u2022 Cuentas Corrientes<\/p>\n<h3><span style=\"color: #045cb4;\"><strong>Tango CashFlow<\/strong><\/span><\/h3>\n<p>\u2022 Modelos<br \/>\n\u2022 Ingresos y Egresos<br \/>\n\u2022 Reportes y An\u00e1lisis<br \/>\n\u2022 Generaciones<br \/>\n\u2022 Consultas<br \/>\n\u2022 An\u00e1lisis de Gesti\u00f3n y Comparativos<\/p>\n<h3><span style=\"color: #045cb4;\"><strong>Tango Sueldos y Jornales<\/strong><\/span><\/h3>\n<p>\u2022 Introducci\u00f3n Tango Sueldos<br \/>\n\u2022 Obras Sociales y Sindicatos<br \/>\n\u2022 Empleados<br \/>\n\u2022 Adicionales.<br \/>\n\u2022 F\u00f3rmulas y Funciones<br \/>\n\u2022 Conceptos Autom\u00e1ticos<br \/>\n\u2022 Libro Ley e Informes<br \/>\n\u2022 Liquidaci\u00f3n de Aportes<br \/>\n\u2022 Pagos Autom\u00e1ticos de Haberes<br \/>\n\u2022 Pasaje a Contabilidad<br \/>\n\u2022 Pasaje a Contabilidad<br \/>\n\u2022 Liquidaci\u00f3n de Vacaciones<br \/>\n\u2022 Liquidaci\u00f3n del Sueldo Anual Complementario<br \/>\n\u2022 Liquidaci\u00f3n Final por Indemnizaci\u00f3n<\/p>\n","protected":false},"excerpt":{"rendered":"<p>Objetivos Generales: Los egresados de esta especialidad aprender\u00e1n los conceptos indispensables para desempe\u00f1arse en el \u00e1rea de Inform\u00e1tica Administrativa Contable. Utilizar\u00e1 la Pc como herramienta en sectores de la Empresa cuya funci\u00f3n requiera: Dise\u00f1o y Seguimiento de Proyectos, Aplicaciones avanzadas de Office y Sistema Administrativo Contable. Duraci\u00f3n: 5 meses (8 clases mensuales) \u2013 10 meses &hellip;<\/p>\n<p class=\"read-more\"> <a class=\"\" href=\"https:\/\/nasacomputacion.com.ar\/sitio\/producto\/asistente-en-software-administrativo-contable\/\"> <span class=\"screen-reader-text\">Asistente en software administrativo contable<\/span> Leer m\u00e1s &raquo;<\/a><\/p>\n","protected":false},"featured_media":2918,"template":"","meta":{"inline_featured_image":false,"site-sidebar-layout":"default","site-content-layout":"default","ast-global-header-display":"","ast-main-header-display":"","ast-hfb-above-header-display":"","ast-hfb-below-header-display":"","ast-hfb-mobile-header-display":"","site-post-title":"","ast-breadcrumbs-content":"","ast-featured-img":"","footer-sml-layout":"","theme-transparent-header-meta":"default","adv-header-id-meta":"","stick-header-meta":"","header-above-stick-meta":"","header-main-stick-meta":"","header-below-stick-meta":"","_joinchat":[]},"product_cat":[85],"product_tag":[],"class_list":["post-15","product","type-product","status-publish","has-post-thumbnail","hentry","product_cat-especializaciones","desktop-align-left","tablet-align-left","mobile-align-left"],"_links":{"self":[{"href":"https:\/\/nasacomputacion.com.ar\/sitio\/wp-json\/wp\/v2\/product\/15","targetHints":{"allow":["GET"]}}],"collection":[{"href":"https:\/\/nasacomputacion.com.ar\/sitio\/wp-json\/wp\/v2\/product"}],"about":[{"href":"https:\/\/nasacomputacion.com.ar\/sitio\/wp-json\/wp\/v2\/types\/product"}],"wp:featuredmedia":[{"embeddable":true,"href":"https:\/\/nasacomputacion.com.ar\/sitio\/wp-json\/wp\/v2\/media\/2918"}],"wp:attachment":[{"href":"https:\/\/nasacomputacion.com.ar\/sitio\/wp-json\/wp\/v2\/media?parent=15"}],"wp:term":[{"taxonomy":"product_cat","embeddable":true,"href":"https:\/\/nasacomputacion.com.ar\/sitio\/wp-json\/wp\/v2\/product_cat?post=15"},{"taxonomy":"product_tag","embeddable":true,"href":"https:\/\/nasacomputacion.com.ar\/sitio\/wp-json\/wp\/v2\/product_tag?post=15"}],"curies":[{"name":"wp","href":"https:\/\/api.w.org\/{rel}","templated":true}]}}