{"id":13,"date":"2013-11-04T00:55:33","date_gmt":"2013-11-04T03:55:33","guid":{"rendered":"http:\/\/www.nasacomputacion.com.ar\/site\/?p=13"},"modified":"2023-05-23T20:43:29","modified_gmt":"2023-05-23T23:43:29","slug":"disenador-de-paginas-web","status":"publish","type":"product","link":"https:\/\/nasacomputacion.com.ar\/sitio\/producto\/disenador-de-paginas-web\/","title":{"rendered":"Dise\u00f1o de Paginas web"},"content":{"rendered":"<h3><span style=\"color: #045cb4;\"><strong>Objetivos Generales: <\/strong><\/span><\/h3>\n<p>Los egresados de esta especialidad adquieren competencias laborales para el dise\u00f1o, programaci\u00f3n y administraci\u00f3n de sitios web. El alumno podr\u00e1 abordar el manejo de los principales programas de Programaci\u00f3n de P\u00e1ginas Web y las m\u00faltiples posibilidades que Internet ofrece.<\/p>\n<p><strong>Duraci\u00f3n: 5 meses (8 clases mensuales) \u2013 10 meses (4 clases mensuales).<\/strong><\/p>\n<h3><span style=\"color: #045cb4;\"><strong>HTML<\/strong><\/span><\/h3>\n<p>\u2022 Introducci\u00f3n<br \/>\n\u2022 La primera p\u00e1gina web<br \/>\n\u2022 Formato de texto<br \/>\n\u2022 Incorporar im\u00e1genes<br \/>\n\u2022 Hiperv\u00ednculos<br \/>\n\u2022 Listas<br \/>\n\u2022 Insertar tablas<br \/>\n\u2022 Temas avanzados sobre tablas<br \/>\n\u2022 Dividir la p\u00e1gina en frames<br \/>\n\u2022 M\u00e1s sobre los frames<\/p>\n<h3><span style=\"color: #045cb4;\"><strong>Hojas de Estilos CSS<\/strong><\/span><\/h3>\n<p>\u2022 Introducci\u00f3n<br \/>\n\u2022 Caracter\u00edsticas y ventajas<br \/>\n\u2022 Estilos<br \/>\n\u2022 Uso de las CSS<br \/>\n\u2022 Lenguaje CSS<\/p>\n<h3><span style=\"color: #045cb4;\"><strong>JavaScript<\/strong><\/span><\/h3>\n<p>\u2022 Introducci\u00f3n<br \/>\n\u2022 Programaci\u00f3n Cliente \u2013 Servidor<br \/>\n\u2022 Etiquetas &lt;script&gt;<br \/>\n\u2022 Variables<br \/>\n\u2022 Tipo de Datos<br \/>\n\u2022 Operadores<br \/>\n\u2022 Estructuras y Expresiones L\u00f3gicas<br \/>\n\u2022 Funciones<br \/>\n\u2022 Objetos, propiedades y eventos<br \/>\n\u2022 FORM, frames, elements, screen<br \/>\n\u2022 Aplicaciones<br \/>\n\u2022 Trabajar con plantillas<br \/>\n\u2022 Formularios<br \/>\n\u2022 Elementos multimedia<br \/>\n\u2022 Otros efectos<br \/>\n\u2022 Publicar el sitio web<\/p>\n<h3><span style=\"color: #045cb4;\"><strong>Dreamweaver<\/strong><\/span><\/h3>\n<p>\u2022 Introducci\u00f3n a Dreamweaver<br \/>\n\u2022 Crear sitios web<br \/>\n\u2022 Configurar p\u00e1ginas web<br \/>\n\u2022 Utilidades de edici\u00f3n<br \/>\n\u2022 Formato de texto<br \/>\n\u2022 Trabajo con v\u00ednculos<br \/>\n\u2022 Insertar im\u00e1genes<br \/>\n\u2022 Etiquetas Div y tablas<br \/>\n\u2022 Divisi\u00f3n en marcos<br \/>\n\u2022 Trabajar con plantillas<br \/>\n\u2022 Formularios<br \/>\n\u2022 Elementos multimedia<br \/>\n\u2022 Otros efectos<br \/>\n\u2022 Publicar el sitio web<\/p>\n<h3><span style=\"color: #045cb4;\"><strong>PHP y SQL<\/strong><\/span><\/h3>\n<p>\u2022 Introducci\u00f3n<br \/>\n\u2022 Tipos de datos<br \/>\n\u2022 Variables y constantes<br \/>\n\u2022 Estructuras de control<br \/>\n\u2022 Funciones<br \/>\n\u2022 Arrays<br \/>\n\u2022 Manejo de cadenas<br \/>\n\u2022 Manejo de Archivos<br \/>\n\u2022 Directorios<br \/>\n\u2022 Base de datos<br \/>\n\u2022 PHP y SQL integraci\u00f3n y funciones principales<br \/>\n\u2022 Formularios<\/p>\n","protected":false},"excerpt":{"rendered":"<p>Objetivos Generales: Los egresados de esta especialidad adquieren competencias laborales para el dise\u00f1o, programaci\u00f3n y administraci\u00f3n de sitios web. El alumno podr\u00e1 abordar el manejo de los principales programas de Programaci\u00f3n de P\u00e1ginas Web y las m\u00faltiples posibilidades que Internet ofrece. Duraci\u00f3n: 5 meses (8 clases mensuales) \u2013 10 meses (4 clases mensuales). HTML \u2022 &hellip;<\/p>\n<p class=\"read-more\"> <a class=\"\" href=\"https:\/\/nasacomputacion.com.ar\/sitio\/producto\/disenador-de-paginas-web\/\"> <span class=\"screen-reader-text\">Dise\u00f1o de Paginas web<\/span> Leer m\u00e1s &raquo;<\/a><\/p>\n","protected":false},"featured_media":2920,"template":"","meta":{"inline_featured_image":false,"site-sidebar-layout":"default","site-content-layout":"default","ast-global-header-display":"","ast-main-header-display":"","ast-hfb-above-header-display":"","ast-hfb-below-header-display":"","ast-hfb-mobile-header-display":"","site-post-title":"","ast-breadcrumbs-content":"","ast-featured-img":"","footer-sml-layout":"","theme-transparent-header-meta":"default","adv-header-id-meta":"","stick-header-meta":"","header-above-stick-meta":"","header-main-stick-meta":"","header-below-stick-meta":"","_joinchat":[]},"product_cat":[85],"product_tag":[],"class_list":["post-13","product","type-product","status-publish","has-post-thumbnail","hentry","product_cat-especializaciones","desktop-align-left","tablet-align-left","mobile-align-left"],"_links":{"self":[{"href":"https:\/\/nasacomputacion.com.ar\/sitio\/wp-json\/wp\/v2\/product\/13","targetHints":{"allow":["GET"]}}],"collection":[{"href":"https:\/\/nasacomputacion.com.ar\/sitio\/wp-json\/wp\/v2\/product"}],"about":[{"href":"https:\/\/nasacomputacion.com.ar\/sitio\/wp-json\/wp\/v2\/types\/product"}],"wp:featuredmedia":[{"embeddable":true,"href":"https:\/\/nasacomputacion.com.ar\/sitio\/wp-json\/wp\/v2\/media\/2920"}],"wp:attachment":[{"href":"https:\/\/nasacomputacion.com.ar\/sitio\/wp-json\/wp\/v2\/media?parent=13"}],"wp:term":[{"taxonomy":"product_cat","embeddable":true,"href":"https:\/\/nasacomputacion.com.ar\/sitio\/wp-json\/wp\/v2\/product_cat?post=13"},{"taxonomy":"product_tag","embeddable":true,"href":"https:\/\/nasacomputacion.com.ar\/sitio\/wp-json\/wp\/v2\/product_tag?post=13"}],"curies":[{"name":"wp","href":"https:\/\/api.w.org\/{rel}","templated":true}]}}