{"id":119,"date":"2023-06-01T13:37:50","date_gmt":"2023-06-01T16:37:50","guid":{"rendered":"http:\/\/www.nasacomputacion.com.ar\/site\/?p=119"},"modified":"2023-06-01T14:24:47","modified_gmt":"2023-06-01T17:24:47","slug":"microsoft-outlook-2003","status":"publish","type":"product","link":"https:\/\/nasacomputacion.com.ar\/sitio\/producto\/microsoft-outlook-2003\/","title":{"rendered":"Microsoft Outlook"},"content":{"rendered":"<h3><span style=\"color: #045cb4;\"><strong>Objetivos<\/strong><\/span><\/h3>\n<p>Curso para aprender a utilizar el programa organizador personal Microsoft Outlook 2013, que permite manejar la informaci\u00f3n personal y profesional que se utiliza en el trabajo cotidiano en una oficina: programaci\u00f3n de citas, eventos y reuniones, contactos, correo electr\u00f3nico, tareas, notas, etc.<\/p>\n<p><strong>Introducci\u00f3n a Outlook 2013<br \/>\nCuentas de correo<br \/>\nCorreo electr\u00f3nico<br \/>\nContactos<br \/>\nGesti\u00f3n del correo<br \/>\nCalendario<br \/>\nListas<br \/>\nNotas<br \/>\nAdministraci\u00f3n de archivos de datos<\/strong><\/p>\n","protected":false},"excerpt":{"rendered":"<p>Objetivos Curso para aprender a utilizar el programa organizador personal Microsoft Outlook 2013, que permite manejar la informaci\u00f3n personal y profesional que se utiliza en el trabajo cotidiano en una oficina: programaci\u00f3n de citas, eventos y reuniones, contactos, correo electr\u00f3nico, tareas, notas, etc. Introducci\u00f3n a Outlook 2013 Cuentas de correo Correo electr\u00f3nico Contactos Gesti\u00f3n del &hellip;<\/p>\n<p class=\"read-more\"> <a class=\"\" href=\"https:\/\/nasacomputacion.com.ar\/sitio\/producto\/microsoft-outlook-2003\/\"> <span class=\"screen-reader-text\">Microsoft Outlook<\/span> Leer m\u00e1s &raquo;<\/a><\/p>\n","protected":false},"featured_media":2879,"template":"","meta":{"inline_featured_image":false,"site-sidebar-layout":"default","site-content-layout":"default","ast-global-header-display":"","ast-main-header-display":"","ast-hfb-above-header-display":"","ast-hfb-below-header-display":"","ast-hfb-mobile-header-display":"","site-post-title":"","ast-breadcrumbs-content":"","ast-featured-img":"","footer-sml-layout":"","theme-transparent-header-meta":"default","adv-header-id-meta":"","stick-header-meta":"","header-above-stick-meta":"","header-main-stick-meta":"","header-below-stick-meta":"","_joinchat":[]},"product_cat":[79],"product_tag":[],"class_list":["post-119","product","type-product","status-publish","has-post-thumbnail","hentry","product_cat-herramientas-office","desktop-align-left","tablet-align-left","mobile-align-left"],"_links":{"self":[{"href":"https:\/\/nasacomputacion.com.ar\/sitio\/wp-json\/wp\/v2\/product\/119","targetHints":{"allow":["GET"]}}],"collection":[{"href":"https:\/\/nasacomputacion.com.ar\/sitio\/wp-json\/wp\/v2\/product"}],"about":[{"href":"https:\/\/nasacomputacion.com.ar\/sitio\/wp-json\/wp\/v2\/types\/product"}],"wp:featuredmedia":[{"embeddable":true,"href":"https:\/\/nasacomputacion.com.ar\/sitio\/wp-json\/wp\/v2\/media\/2879"}],"wp:attachment":[{"href":"https:\/\/nasacomputacion.com.ar\/sitio\/wp-json\/wp\/v2\/media?parent=119"}],"wp:term":[{"taxonomy":"product_cat","embeddable":true,"href":"https:\/\/nasacomputacion.com.ar\/sitio\/wp-json\/wp\/v2\/product_cat?post=119"},{"taxonomy":"product_tag","embeddable":true,"href":"https:\/\/nasacomputacion.com.ar\/sitio\/wp-json\/wp\/v2\/product_tag?post=119"}],"curies":[{"name":"wp","href":"https:\/\/api.w.org\/{rel}","templated":true}]}}