{"id":113,"date":"2023-06-01T13:18:05","date_gmt":"2023-06-01T16:18:05","guid":{"rendered":"http:\/\/www.nasacomputacion.com.ar\/site\/?p=113"},"modified":"2023-06-01T14:17:45","modified_gmt":"2023-06-01T17:17:45","slug":"microsoft-powerpoint","status":"publish","type":"product","link":"https:\/\/nasacomputacion.com.ar\/sitio\/producto\/microsoft-powerpoint\/","title":{"rendered":"Microsoft PowerPoint"},"content":{"rendered":"<p>Este curso est\u00e1 destinado a estudiantes de todas las carreras, empleados, ejecutivos y cualquier persona que desee confeccionar, editar y dise\u00f1ar presentaciones con diapositivas. Combinando este curso junto a cualquier otro componente de Office (Word, Outlook, Excel) el alumno adquirir\u00e1 conocimientos totales para as\u00ed desenvolverse en el mundo inform\u00e1tico.<\/p>\n<h3><span style=\"color: #045cb4;\"><strong>TEMARIO<\/strong><\/span><\/h3>\n<p><strong>Cap\u00edtulo 1: Introducci\u00f3n Y Entorno<\/strong><br \/>\n\u2022 Introducci\u00f3n<br \/>\n\u2022 Entorno de PowerPoint<br \/>\n\u2022 Barra de acceso y Cinta de opciones<br \/>\n\u2022 Ayuda<\/p>\n<p><strong>Cap\u00edtulo 2: Presentaciones<\/strong><br \/>\n\u2022 Nueva presentaci\u00f3n en blanco<br \/>\n\u2022 Plantillas y Temas instalados<br \/>\n\u2022 Presentaci\u00f3n Microsoft Office Online<br \/>\n\u2022 Opciones de PowerPoint<\/p>\n<p><strong>Cap\u00edtulo 3: Guardar y Abrir<\/strong><br \/>\n\u2022 Guardar presentaci\u00f3n de PowerPoint<br \/>\n\u2022 Tipos de presentaciones<br \/>\n\u2022 Seguridad<br \/>\n\u2022 Abrir presentaciones<\/p>\n<p><strong>Cap\u00edtulo 4: Trabajar con diapositivas<\/strong><br \/>\n\u2022 Insertar y eliminar diapositivas<br \/>\n\u2022 Copiar y Cortar<br \/>\n\u2022 Portapapeles de Office<br \/>\n\u2022 Dise\u00f1o de diapositivas I<br \/>\n\u2022 Dise\u00f1o de diapositivas II<\/p>\n<p><strong>Cap\u00edtulo 5: Vistas<\/strong><br \/>\n\u2022 Vistas de presentaci\u00f3n<br \/>\n\u2022 Regla, cuadr\u00edcula, zoom<br \/>\n\u2022 Ventanas<br \/>\n\u2022 Encabezado y pie de p\u00e1gina<\/p>\n<p><strong>Cap\u00edtulo 6: Textos<\/strong><br \/>\n\u2022 Cuadro de texto<br \/>\n\u2022 Formato de P\u00e1rrafo<br \/>\n\u2022 Formato del Cuadro de texto<br \/>\n\u2022 Buscar, Reemplazar y Seleccionar<br \/>\n\u2022 WordArt<\/p>\n<p><strong>Cap\u00edtulo 7: Objetos y Gr\u00e1ficos<\/strong><br \/>\n\u2022 Insertar autoformas<br \/>\n\u2022 Insertar im\u00e1genes<br \/>\n\u2022 Manejo de objetos<br \/>\n\u2022 Gr\u00e1ficos I<br \/>\n\u2022 Gr\u00e1fico II<\/p>\n<p><strong>Cap\u00edtulo 8: Tablas y Organigramas<\/strong><br \/>\n\u2022 Insertar y dibujar tablas<br \/>\n\u2022 Modificar tabla<br \/>\n\u2022 Formato de tabla<br \/>\n\u2022 Gr\u00e1ficos SmartArt<br \/>\n\u2022 \u00c1lbum de fotograf\u00edas<\/p>\n<p><strong>Cap\u00edtulo 9: Clips Multimedia<\/strong><br \/>\n\u2022 Insertar sonido<br \/>\n\u2022 Sonido desde CD, Grabar sonido<br \/>\n\u2022 Insertar pel\u00edcula<br \/>\n\u2022 Hiperv\u00ednculos y botones de acci\u00f3n<\/p>\n<p><strong>Cap\u00edtulo 10: Animaciones y Transiciones<\/strong><br \/>\n\u2022 Animaci\u00f3n de texto<br \/>\n\u2022 Animaci\u00f3n de gr\u00e1ficos SmartArt<br \/>\n\u2022 Trayectorias de desplazamiento<br \/>\n\u2022 Transici\u00f3n de diapositivas<\/p>\n<p><strong>Cap\u00edtulo 11: Presentaci\u00f3n con Diapositivas<\/strong><br \/>\n\u2022 Iniciar presentaci\u00f3n<br \/>\n\u2022 Configuraci\u00f3n de presentaci\u00f3n<br \/>\n\u2022 Narraci\u00f3n e intervalos<\/p>\n<p><strong>Cap\u00edtulo 12: Revisi\u00f3n<\/strong><br \/>\n\u2022 Ortograf\u00eda y gram\u00e1tica<br \/>\n\u2022 Comentarios y notas del orador<br \/>\n\u2022 Preparar documento<\/p>\n<p><strong>Cap\u00edtulo 13: Impresi\u00f3n<\/strong><br \/>\n\u2022 Configurar pagina y vista preliminar<br \/>\n\u2022 Imprimir<\/p>\n<p><strong>Cap\u00edtulo 14: Publicaci\u00f3n<\/strong><br \/>\n\u2022 Empaquetar para CD-ROM<br \/>\n\u2022 Publicar como p\u00e1gina web<br \/>\n\u2022 Publicar en otros formatos<\/p>\n","protected":false},"excerpt":{"rendered":"<p>Este curso est\u00e1 destinado a estudiantes de todas las carreras, empleados, ejecutivos y cualquier persona que desee confeccionar, editar y dise\u00f1ar presentaciones con diapositivas. Combinando este curso junto a cualquier otro componente de Office (Word, Outlook, Excel) el alumno adquirir\u00e1 conocimientos totales para as\u00ed desenvolverse en el mundo inform\u00e1tico. TEMARIO Cap\u00edtulo 1: Introducci\u00f3n Y Entorno &hellip;<\/p>\n<p class=\"read-more\"> <a class=\"\" href=\"https:\/\/nasacomputacion.com.ar\/sitio\/producto\/microsoft-powerpoint\/\"> <span class=\"screen-reader-text\">Microsoft PowerPoint<\/span> Leer m\u00e1s &raquo;<\/a><\/p>\n","protected":false},"featured_media":2880,"template":"","meta":{"inline_featured_image":false,"site-sidebar-layout":"default","site-content-layout":"default","ast-global-header-display":"","ast-main-header-display":"","ast-hfb-above-header-display":"","ast-hfb-below-header-display":"","ast-hfb-mobile-header-display":"","site-post-title":"","ast-breadcrumbs-content":"","ast-featured-img":"","footer-sml-layout":"","theme-transparent-header-meta":"default","adv-header-id-meta":"","stick-header-meta":"","header-above-stick-meta":"","header-main-stick-meta":"","header-below-stick-meta":"","_joinchat":[]},"product_cat":[79],"product_tag":[],"class_list":["post-113","product","type-product","status-publish","has-post-thumbnail","hentry","product_cat-herramientas-office","desktop-align-left","tablet-align-left","mobile-align-left"],"_links":{"self":[{"href":"https:\/\/nasacomputacion.com.ar\/sitio\/wp-json\/wp\/v2\/product\/113","targetHints":{"allow":["GET"]}}],"collection":[{"href":"https:\/\/nasacomputacion.com.ar\/sitio\/wp-json\/wp\/v2\/product"}],"about":[{"href":"https:\/\/nasacomputacion.com.ar\/sitio\/wp-json\/wp\/v2\/types\/product"}],"wp:featuredmedia":[{"embeddable":true,"href":"https:\/\/nasacomputacion.com.ar\/sitio\/wp-json\/wp\/v2\/media\/2880"}],"wp:attachment":[{"href":"https:\/\/nasacomputacion.com.ar\/sitio\/wp-json\/wp\/v2\/media?parent=113"}],"wp:term":[{"taxonomy":"product_cat","embeddable":true,"href":"https:\/\/nasacomputacion.com.ar\/sitio\/wp-json\/wp\/v2\/product_cat?post=113"},{"taxonomy":"product_tag","embeddable":true,"href":"https:\/\/nasacomputacion.com.ar\/sitio\/wp-json\/wp\/v2\/product_tag?post=113"}],"curies":[{"name":"wp","href":"https:\/\/api.w.org\/{rel}","templated":true}]}}